{"id":676598,"date":"2025-11-17T17:25:14","date_gmt":"2025-11-17T14:25:14","guid":{"rendered":"https:\/\/nbg.eu\/product\/holato-nocpix-rico-2-s75r\/"},"modified":"2026-04-14T16:01:56","modified_gmt":"2026-04-14T13:01:56","slug":"holato-nocpix-rico-2-s75r","status":"publish","type":"product","link":"https:\/\/nbg.eu\/hu\/termek\/holato-nocpix-rico-2-s75r\/","title":{"rendered":"Nocpix H\u0151k\u00e9pes C\u00e9lz\u00f3 Rico 2 S75R"},"content":{"rendered":"<h2>Nocpix Rico 2 S75R: Hossz\u00fa t\u00e1v\u00fa l\u00f6v\u00e9szetben t\u00f6k\u00e9letes<\/h2>\n<p>A Nocpix RICO 2 S75R sorozat h\u0151k\u00e9pes t\u00e1vcs\u00f6veit olyan vad\u00e1szok sz\u00e1m\u00e1ra tervezt\u00e9k, akik a legjobb min\u0151s\u00e9get, hat\u00f3t\u00e1vols\u00e1got \u00e9s k\u00e9nyelmet k\u00f6vetelik meg. Egy ipar\u00e1gat vezet\u0151 h\u0151\u00e9rz\u00e9kel\u0151vel \u00e9s nagy k\u00e9pfrekvenci\u00e1val tervezt\u00e9k, ami rendk\u00edv\u00fcl kiv\u00e1l\u00f3 k\u00e9pmin\u0151s\u00e9get biztos\u00edt, megk\u00f6nny\u00edtve a c\u00e9lok azonos\u00edt\u00e1s\u00e1t \u00e9s k\u00f6vet\u00e9s\u00e9t. Hossz\u00fa gy\u00fajt\u00f3t\u00e1vols\u00e1ga \u00e9s be\u00e9p\u00edtett t\u00e1vols\u00e1gm\u00e9r\u0151je lehet\u0151v\u00e9 teszi a t\u00e1voli c\u00e9lok pontos m\u00e9r\u00e9s\u00e9t, m\u00edg a fejlett optikai kialak\u00edt\u00e1s torz\u00edt\u00e1smentes, elmer\u00fcl\u0151 megfigyel\u00e9si \u00e9lm\u00e9nyt ny\u00fajt. A fokozatmentes zoomkarral \u00e9s kiv\u00e9teles szemt\u00e1vols\u00e1ggal a Nocpix RICO 2 S75R sorozat lehet\u0151v\u00e9 teszi a vad\u00e1szok sz\u00e1m\u00e1ra, hogy a nagy\u00edt\u00e1st k\u00f6nnyed\u00e9n \u00e1ll\u00edts\u00e1k, \u00e9s k\u00e9nyelmesen \u00e9rezz\u00e9k magukat a hosszan tart\u00f3 vad\u00e1szatok sor\u00e1n. Innovat\u00edv technol\u00f3gi\u00e1j\u00e1val \u00e9s felhaszn\u00e1l\u00f3bar\u00e1t kialak\u00edt\u00e1s\u00e1val a Nocpix RICO 2 S75R sorozat val\u00f3ban lehet\u0151v\u00e9 teszi, hogy a vad\u00e1szat t\u00falmenjen a lehets\u00e9ges hat\u00e1rokon.<\/p>\n<h2>Cs\u00facstechnol\u00f3gi\u00e1s teljes\u00edtm\u00e9ny<\/h2>\n<p>R\u00e9szes\u00fclj a pr\u00e9mium, m\u00e1sodik gener\u00e1ci\u00f3s 12\u03bcm@60Hz \u00e9rz\u00e9kel\u0151b\u0151l, NETD \u226415mK \u00e9rt\u00e9kkel a borotva\u00e9les, nagy kontraszt\u00fa k\u00e9pek\u00e9rt \u00e9s a c\u00e9lok jobb azonos\u00edt\u00e1s\u00e1\u00e9rt. A Nocpix RICO 2 S75R nagyobb objekt\u00edvlencs\u00e9kkel (75 mm\/F1.0, 50 mm\/F1.0, 42 mm\/F1.0) van felszerelve, ami jobb f\u00e9nygy\u0171jt\u0151 k\u00e9pess\u00e9get biztos\u00edt a kiv\u00e9teles k\u00e9ptisztas\u00e1g \u00e9s a megn\u00f6velt \u00e9szlel\u00e9si hat\u00f3t\u00e1vols\u00e1g \u00e9rdek\u00e9ben. A RICO 2 sorozat lehet\u0151v\u00e9 teszi a nagy\u00edt\u00e1s egyszer\u0171 finomhangol\u00e1s\u00e1t egy fokozatmentes LPVO-st\u00edlus\u00fa zoomkarral, ami gyors \u00e9s probl\u00e9mamentes be\u00e1ll\u00edt\u00e1st tesz lehet\u0151v\u00e9 a c\u00e9lok b\u00e1rhol t\u00f6rt\u00e9n\u0151 prec\u00edz megsz\u00f3l\u00edt\u00e1s\u00e1hoz. A RICO 2 sorozat ak\u00e1r 3896 m-es \u00e9szlel\u00e9si hat\u00f3t\u00e1vols\u00e1ggal b\u00fcszk\u00e9lkedhet, jelent\u0151s el\u0151nyt ny\u00fajtva a hossz\u00fa t\u00e1v\u00fa vad\u00e1szatban \u00e9s a prec\u00edz c\u00e9lz\u00e1sban.<\/p>\n<h2>Rugalmas \u00e9s pontos c\u00e9lz\u00e1s<\/h2>\n<p>A Nocpix RICO 2 S75R be\u00e9p\u00edtett l\u00e9zeres t\u00e1vols\u00e1gm\u00e9r\u0151vel van felszerelve, ami 1200 m\u00e9teres hat\u00f3t\u00e1vols\u00e1gon bel\u00fcl k\u00edn\u00e1l l\u00e9zeres \u00e9szlel\u00e9st, val\u00f3di optikai tengely-illeszt\u00e9ssel, biztos\u00edtva a pontos t\u00e1vols\u00e1gm\u00e9r\u00e9st egy eleg\u00e1ns \u00e9s karcs\u00fa formatervez\u00e9s mellett. Egyszer\u0171s\u00edtsd a l\u00f6v\u00e9s elhelyez\u00e9s\u00e9t az automatikus ballisztikai sz\u00e1m\u00edt\u00e1ssal, kihaszn\u00e1lva a be\u00e9p\u00edtett l\u00e9zeres t\u00e1vols\u00e1gm\u00e9r\u0151t a hossz\u00fa t\u00e1v\u00fa prec\u00edz tal\u00e1latokhoz.<\/p>\n<h2>Rendk\u00edv\u00fcl tiszta \u00e9s k\u00e9nyelmes megtekint\u00e9s<\/h2>\n<p>Az 1.03&#8243; 2560\u00d72560 OLED kijelz\u0151 (S75R), a torz\u00edt\u00e1smentes szemlencse, a 70 mm-es szemt\u00e1vols\u00e1g \u00e9s a 23 mm-es kil\u00e9p\u0151 pupilla \u00e9les \u00e9s k\u00e9nyelmes megfigyel\u00e9st biztos\u00edt a hossz\u00fa t\u00e1v\u00fa haszn\u00e1lat sor\u00e1n. Az S75R modell 70 mm-es szemt\u00e1vols\u00e1ggal rendelkezik, ami maxim\u00e1lis k\u00e9nyelmet ny\u00fajt a hossz\u00fa t\u00e1v\u00fa haszn\u00e1lat k\u00f6zben a szem f\u00e1rad\u00e1sa n\u00e9lk\u00fcl, \u00e9s szem-biztons\u00e1got garant\u00e1l.<\/p>\n","protected":false},"excerpt":{"rendered":"<p>\u00c9lvonalbeli 1280\u00d71024 m\u00e1sodik gener\u00e1ci\u00f3s \u00e9rz\u00e9kel\u0151, rugalmas \u00e9s pontos integr\u00e1lt LRF, rendk\u00edv\u00fcl tiszta \u00e9s k\u00e9nyelmes l\u00e1t\u00e1s, biztons\u00e1gos \u00e9s k\u00e9nyelmes szemt\u00e1vols\u00e1g. Nocpix Rico 2 S75R &#8211; Hossz\u00fa t\u00e1v\u00fa l\u00f6v\u00e9szet szak\u00e9rt\u0151je.<\/p>\n","protected":false},"featured_media":676621,"template":"","meta":{"_acf_changed":false},"product_brand":[14453],"product_cat":[16080],"product_tag":[],"class_list":{"0":"post-676598","1":"product","2":"type-product","3":"status-publish","4":"has-post-thumbnail","6":"product_brand-nocpix","7":"product_cat-thermal-cameras-hu","9":"first","10":"instock","11":"taxable","12":"shipping-taxable","13":"purchasable","14":"product-type-simple"},"acf":[],"_links":{"self":[{"href":"https:\/\/nbg.eu\/hu\/wp-json\/wp\/v2\/product\/676598","targetHints":{"allow":["GET"]}}],"collection":[{"href":"https:\/\/nbg.eu\/hu\/wp-json\/wp\/v2\/product"}],"about":[{"href":"https:\/\/nbg.eu\/hu\/wp-json\/wp\/v2\/types\/product"}],"wp:featuredmedia":[{"embeddable":true,"href":"https:\/\/nbg.eu\/hu\/wp-json\/wp\/v2\/media\/676621"}],"wp:attachment":[{"href":"https:\/\/nbg.eu\/hu\/wp-json\/wp\/v2\/media?parent=676598"}],"wp:term":[{"taxonomy":"product_brand","embeddable":true,"href":"https:\/\/nbg.eu\/hu\/wp-json\/wp\/v2\/product_brand?post=676598"},{"taxonomy":"product_cat","embeddable":true,"href":"https:\/\/nbg.eu\/hu\/wp-json\/wp\/v2\/product_cat?post=676598"},{"taxonomy":"product_tag","embeddable":true,"href":"https:\/\/nbg.eu\/hu\/wp-json\/wp\/v2\/product_tag?post=676598"}],"curies":[{"name":"wp","href":"https:\/\/api.w.org\/{rel}","templated":true}]}}