{"id":676858,"date":"2025-11-17T17:25:15","date_gmt":"2025-11-17T14:25:15","guid":{"rendered":"https:\/\/nbg.eu\/product\/termalis-lataskep-nocpix-rico-2-h75r\/"},"modified":"2026-04-14T16:01:52","modified_gmt":"2026-04-14T13:01:52","slug":"termalis-lataskep-nocpix-rico-2-h75r","status":"publish","type":"product","link":"https:\/\/nbg.eu\/hu\/termek\/termalis-lataskep-nocpix-rico-2-h75r\/","title":{"rendered":"Nocpix H\u0151k\u00e9pes C\u00e9lz\u00f3 Rico 2 H75R"},"content":{"rendered":"<h2>Nocpix Rico 2 H75R: Hossz\u00fa t\u00e1v\u00fa l\u00f6v\u00e9szet t\u00f6k\u00e9letess\u00e9ge<\/h2>\n<p>A Nocpix RICO 2 H75R term\u00e1lk\u00e9palkot\u00f3 l\u00e1tcs\u0151sorozatot olyan vad\u00e1szok sz\u00e1m\u00e1ra tervezt\u00e9k, akik a legjobb min\u0151s\u00e9g\u0171, hat\u00f3t\u00e1vols\u00e1g\u00fa \u00e9s k\u00e9nyelmes eszk\u00f6zt keresik. Az ipar\u00e1gban \u00e9lenj\u00e1r\u00f3 term\u00e1lszenzorral \u00e9s nagy k\u00e9pfrekvenci\u00e1val rendelkezik, ami kiv\u00e1l\u00f3 min\u0151s\u00e9g\u0171 k\u00e9pet biztos\u00edt, megk\u00f6nny\u00edtve a c\u00e9lok azonos\u00edt\u00e1s\u00e1t \u00e9s k\u00f6vet\u00e9s\u00e9t. Nagy f\u00f3kuszt\u00e1vols\u00e1ga \u00e9s be\u00e9p\u00edtett l\u00e9zeres t\u00e1vols\u00e1gm\u00e9r\u0151je lehet\u0151v\u00e9 teszi a t\u00e1voli c\u00e9lok pontos m\u00e9r\u00e9s\u00e9t, mik\u00f6zben a fejlett optikai kialak\u00edt\u00e1s torz\u00edt\u00e1smentes, \u00e9lvezetes megfigyel\u00e9st tesz lehet\u0151v\u00e9. A folyamatos nagy\u00edt\u00e1s-szab\u00e1lyoz\u00f3 kar \u00e9s a kiv\u00e1l\u00f3 szemt\u00e1vols\u00e1g r\u00e9v\u00e9n a Nocpix RICO 2 H75R sorozat lehet\u0151v\u00e9 teszi a vad\u00e1szok sz\u00e1m\u00e1ra, hogy egyszer\u0171en \u00e1ll\u00edts\u00e1k be a nagy\u00edt\u00e1st, \u00e9s k\u00e9nyelmesen haszn\u00e1lj\u00e1k hosszabb vad\u00e1szatok sor\u00e1n. Az innovat\u00edv technol\u00f3gi\u00e1k \u00e9s a felhaszn\u00e1l\u00f3bar\u00e1t kialak\u00edt\u00e1s a Nocpix RICO 2 H75R sorozatot a hossz\u00fa t\u00e1v\u00fa vad\u00e1szati teljes\u00edtm\u00e9ny cs\u00facspontj\u00e1v\u00e1 teszik.<\/p>\n<h2>\u00c9lvonalbeli term\u00e1lk\u00e9palkot\u00e1s<\/h2>\n<p>Haszn\u00e1lja ki a pr\u00e9mium min\u0151s\u00e9g\u0171 m\u00e1sodik gener\u00e1ci\u00f3s 640@12\u03bcm@60Hz szenzort, amely NETD \u226415mK \u00e9rt\u00e9kkel rendelkezik, hogy \u00e9les, nagy kontraszt\u00fa k\u00e9peket \u00e9s jobb c\u00e9lfelismer\u00e9st \u00e9rjen el.<\/p>\n<h2>Jobb min\u0151s\u00e9g nagyobb lencs\u00e9kkel<\/h2>\n<p>A Nocpix RICO 2 H75R nagyobb objekt\u00edv lencs\u00e9ket (75 mm\/F1.0, 50 mm\/F1.0, 42 mm\/F1.0) tartalmaz, ami jobb f\u00e9nybegy\u0171jt\u00e9si k\u00e9pess\u00e9get biztos\u00edt a kiv\u00e9teles k\u00e9pmin\u0151s\u00e9g \u00e9s megn\u00f6velt \u00e9szlel\u00e9si hat\u00f3t\u00e1vols\u00e1g \u00e9rdek\u00e9ben.<\/p>\n<h2>Egyszer\u0171 nagy\u00edt\u00e1s\u00e1ll\u00edt\u00e1s<\/h2>\n<p>A RICO 2 sorozat lehet\u0151v\u00e9 teszi, hogy egy sim\u00e1n m\u0171k\u00f6d\u0151 LPVO st\u00edlus\u00fa nagy\u00edt\u00e1sszab\u00e1lyz\u00f3 karral k\u00f6nnyed\u00e9n \u00e1ll\u00edtsa a nagy\u00edt\u00e1st, gyors \u00e9s z\u00f6kken\u0151mentes m\u00f3dos\u00edt\u00e1st biztos\u00edtva a t\u00e1vols\u00e1gok biztos \u00e9s pontos megc\u00e9lz\u00e1s\u00e1hoz.<\/p>\n<h2>Hossz\u00fa t\u00e1v\u00fa vad\u00e1szatra sz\u00fcletett<\/h2>\n<p>A RICO 2 sorozat ak\u00e1r 3896 m-es \u00e9szlel\u00e9si hat\u00f3t\u00e1vols\u00e1ggal b\u00fcszk\u00e9lkedhet, jelent\u0151s el\u0151nyt biztos\u00edtva a hossz\u00fa t\u00e1v\u00fa vad\u00e1szatban \u00e9s a prec\u00edz c\u00e9lz\u00e1sban.<\/p>\n<h2>Rugalmas \u00e9s pontos integr\u00e1lt l\u00e9zeres t\u00e1vols\u00e1gm\u00e9r\u0151<\/h2>\n<p>A Nocpix RICO 2 H75R integr\u00e1lt l\u00e9zeres t\u00e1vols\u00e1gm\u00e9r\u0151vel rendelkezik, amely ak\u00e1r 1200 m-es hat\u00f3t\u00e1vols\u00e1gon biztos\u00edt pontos t\u00e1vols\u00e1gm\u00e9r\u00e9st, optikai tengellyel val\u00f3 illeszt\u00e9st tartva, \u00edgy eleg\u00e1ns \u00e9s megb\u00edzhat\u00f3 kialak\u00edt\u00e1st ny\u00fajt.<\/p>\n<h2>Egyszer\u0171s\u00edtett ballisztikai sz\u00e1m\u00edt\u00e1sok<\/h2>\n<p>Egyszer\u0171s\u00edtse a tal\u00e1latok elhelyez\u00e9s\u00e9t az automatikus ballisztikai sz\u00e1m\u00edt\u00e1sokkal, kihaszn\u00e1lva az integr\u00e1lt l\u00e9zeres t\u00e1vols\u00e1gm\u00e9r\u0151t a hossz\u00fa t\u00e1v\u00fa pontos tal\u00e1latok el\u00e9r\u00e9se \u00e9rdek\u00e9ben.<\/p>\n<h2>Rendk\u00edv\u00fcl tiszta, k\u00e9nyelmes megfigyel\u00e9s<\/h2>\n<p>A 2560\u00d72560 pixeles OLED kijelz\u0151 (S75R modell), a torz\u00edt\u00e1smentes szemlencs\u00e9k, a 70 mm-es szemt\u00e1vols\u00e1g \u00e9s a 23 mm-es kil\u00e9p\u0151 pupilla \u00e9les \u00e9s k\u00e9nyelmes megfigyel\u00e9st biztos\u00edt a hossz\u00fa haszn\u00e1lat sor\u00e1n.<\/p>\n<h2>Biztons\u00e1g \u00e9s k\u00e9nyelem<\/h2>\n<p>A H75R modell 70 mm-es szemt\u00e1vols\u00e1ggal rendelkezik, ami maxim\u00e1lis k\u00e9nyelmet ny\u00fajt hossz\u00fa t\u00e1v\u00fa haszn\u00e1lat sor\u00e1n a szemterhel\u00e9s elker\u00fcl\u00e9se \u00e9s a szem biztons\u00e1ga \u00e9rdek\u00e9ben.<\/p>\n","protected":false},"excerpt":{"rendered":"<p>Nocpix Rico 2 H75R &#8211; Hossz\u00fa t\u00e1v\u00fa l\u00f6v\u00e9szeti szak\u00e9rt\u0151 640&#215;512-es \u00e9rz\u00e9kel\u0151vel, 60Hz-es k\u00e9pfriss\u00edt\u00e9ssel, integr\u00e1lt l\u00e9zeres t\u00e1vols\u00e1gm\u00e9r\u0151vel \u00e9s folyamatos zoommal.<\/p>\n<p>Ha a term\u00e9k nem el\u00e9rhet\u0151, k\u00e9rj\u00fck, l\u00e9pjen kapcsolatba vel\u00fcnk: shop@nbg.eu vagy +359896147790<\/p>\n","protected":false},"featured_media":676967,"template":"","meta":{"_acf_changed":false},"product_brand":[14453],"product_cat":[16080],"product_tag":[],"class_list":{"0":"post-676858","1":"product","2":"type-product","3":"status-publish","4":"has-post-thumbnail","6":"product_brand-nocpix","7":"product_cat-thermal-cameras-hu","9":"first","10":"instock","11":"taxable","12":"shipping-taxable","13":"purchasable","14":"product-type-simple"},"acf":[],"_links":{"self":[{"href":"https:\/\/nbg.eu\/hu\/wp-json\/wp\/v2\/product\/676858","targetHints":{"allow":["GET"]}}],"collection":[{"href":"https:\/\/nbg.eu\/hu\/wp-json\/wp\/v2\/product"}],"about":[{"href":"https:\/\/nbg.eu\/hu\/wp-json\/wp\/v2\/types\/product"}],"wp:featuredmedia":[{"embeddable":true,"href":"https:\/\/nbg.eu\/hu\/wp-json\/wp\/v2\/media\/676967"}],"wp:attachment":[{"href":"https:\/\/nbg.eu\/hu\/wp-json\/wp\/v2\/media?parent=676858"}],"wp:term":[{"taxonomy":"product_brand","embeddable":true,"href":"https:\/\/nbg.eu\/hu\/wp-json\/wp\/v2\/product_brand?post=676858"},{"taxonomy":"product_cat","embeddable":true,"href":"https:\/\/nbg.eu\/hu\/wp-json\/wp\/v2\/product_cat?post=676858"},{"taxonomy":"product_tag","embeddable":true,"href":"https:\/\/nbg.eu\/hu\/wp-json\/wp\/v2\/product_tag?post=676858"}],"curies":[{"name":"wp","href":"https:\/\/api.w.org\/{rel}","templated":true}]}}