{"id":677017,"date":"2025-11-17T17:25:28","date_gmt":"2025-11-17T14:25:28","guid":{"rendered":"https:\/\/nbg.eu\/product\/ejjellato-nocpix-ace-s60r-sin-zeiss\/"},"modified":"2026-04-14T17:21:11","modified_gmt":"2026-04-14T14:21:11","slug":"ejjellato-nocpix-ace-s60r-sin-zeiss","status":"publish","type":"product","link":"https:\/\/nbg.eu\/hu\/termek\/ejjellato-nocpix-ace-s60r-sin-zeiss\/","title":{"rendered":"Nocpix H\u0151k\u00e9pes C\u00e9lz\u00f3 ACE S60R ZEISS RAIL"},"content":{"rendered":"<h2>NocPix ACE S60R H\u0151kamera<\/h2>\n<p>A NocPix ACE S60R H\u0151kamera egy teljesen \u00faj, \u00e9lvonalbeli eszk\u00f6z, amely az elit vad\u00e1szok sz\u00e1m\u00e1ra k\u00e9sz\u00fclt, akik a legkih\u00edv\u00f3bb k\u00f6r\u00fclm\u00e9nyek k\u00f6z\u00f6tt is cs\u00facsteljes\u00edtm\u00e9nyt ig\u00e9nyelnek. \u00c9lvonalbeli technol\u00f3gi\u00e1j\u00e1val \u00e9s massz\u00edv fel\u00e9p\u00edt\u00e9s\u00e9vel ez a vezet\u0151 h\u0151kamera seg\u00edt, hogy az \u00e9jszak\u00e1t uralja \u00e9s vadon \u00e9l\u0151 \u00e1llatokat f\u00e9kezzen. Ak\u00e1r t\u00e1voli zs\u00e1km\u00e1nyt keres, ak\u00e1r gyorsan mozg\u00f3 c\u00e9lpontokat k\u00f6vet, az ACE S60R p\u00e1ratlan tisztas\u00e1got, pontoss\u00e1got \u00e9s megb\u00edzhat\u00f3s\u00e1got k\u00edn\u00e1l.<\/p>\n<p>Ennek a rendk\u00edv\u00fcli l\u00e1tcs\u0151nek a sz\u00edve egy Gen-2 HD h\u0151\u00e9rz\u00e9kel\u0151, amely 1280&#215;1024 felbont\u00e1ssal \u00e9s ultra \u00e9rz\u00e9keny NETD-vel (\u226415mK) rendelkezik. Ez a leg\u00fajabb gener\u00e1ci\u00f3s \u00e9rz\u00e9kel\u0151 lehet\u0151v\u00e9 teszi, hogy az ACE S60R a legkisebb h\u0151m\u00e9rs\u00e9klet-v\u00e1ltoz\u00e1sokat is \u00e9szlelje, val\u00f3s id\u0151ben tiszta, r\u00e9szletes h\u0151k\u00e9peket biztos\u00edtva. 50 Hz-es k\u00e9pfriss\u00edt\u00e9si sebess\u00e9g\u00e9vel a lencse sima k\u00e9pfolyamot ny\u00fajt, amely l\u00e9p\u00e9st tart a c\u00e9lpont sebess\u00e9g\u00e9vel, lehet\u0151v\u00e9 t\u00e9ve, hogy p\u00e1ratlan pontoss\u00e1ggal z\u00e1rjon.<\/p>\n<p>Az NocPix ACE S60R 60mm\/F1.0-es lencs\u00e9je 20%-kal t\u00f6bb f\u00e9nyt gy\u0171jt be, mint a standard t\u00e1vcs\u00f6vek, \u00edgy m\u00e9g a legs\u00f6t\u00e9tebb k\u00f6r\u00fclm\u00e9nyek k\u00f6z\u00f6tt is f\u00e9nyesebb \u00e9s tiszt\u00e1bb k\u00e9peket k\u00edn\u00e1l. Kiv\u00e1l\u00f3, ak\u00e1r 3100 m\u00e9teres t\u00e1vols\u00e1g\u00fa \u00e9szlel\u00e9si k\u00e9pess\u00e9ge lehet\u0151v\u00e9 teszi, hogy k\u00f6nnyen azonos\u00edtsa \u00e9s k\u00f6vesse a t\u00e1voli c\u00e9lpontokat, kritikus el\u0151nyt ny\u00fajtva a t\u00e1voli vad\u00e1szat \u00e9s l\u00f6v\u00e9szet eset\u00e9ben. Az NocPix egyedi Reality+ k\u00e9pfeldolgoz\u00f3 algoritmus\u00e1val az ACE S60R jelent\u0151sen cs\u00f6kkenti a k\u00f6rnyezeti zajt, \u00e9s minden alkalommal \u00e9les, nagy kontraszt\u00fa k\u00e9peket szolg\u00e1ltat.<\/p>\n<p>Azok sz\u00e1m\u00e1ra, akik m\u00e9g t\u00f6bb vizu\u00e1lis tisztas\u00e1got szeretn\u00e9nek, az ACE S60R innovat\u00edv Vision+ rendszerrel van felszerelve. A kerek 1,03 inches 2560&#215;2560 AMOLED kijelz\u0151 \u00e9s az ipar\u00e1gban vezet\u0151 szeml\u00e9ncse-nagy\u00edt\u00e1s p\u00e1ratlan optikai nagy\u00edt\u00e1st biztos\u00edt elektronikus zoomol\u00e1s n\u00e9lk\u00fcli torzul\u00e1ssal vagy hom\u00e1lyosod\u00e1ssal. Ez az \u00e1tt\u00f6r\u0151 technol\u00f3gia krist\u00e1lytiszta kil\u00e1t\u00e1st \u00e9s t\u00e1gas l\u00e1t\u00f3teret garant\u00e1l, f\u00fcggetlen\u00fcl att\u00f3l, hogy a c\u00e9lpontot k\u00f6zel\u00edti vagy a k\u00f6rnyezetet szeml\u00e9li.<\/p>\n<p>A pontoss\u00e1g kulcsfontoss\u00e1g\u00fa a vad\u00e1szatban, \u00e9s az ACE S60R ezen a t\u00e9ren sem okoz csal\u00f3d\u00e1st. Be\u00e9p\u00edtett l\u00e9zeres t\u00e1vols\u00e1gm\u00e9r\u0151je (LRF) 1200 m\u00e9terig pontos m\u00e9r\u00e9seket k\u00edn\u00e1l. Az LRF t\u00f6k\u00e9letesen illeszkedik a k\u00e9nyelmes kialak\u00edt\u00e1sba, meg\u0151rizve a val\u00f3di optikai tengelyilleszt\u00e9st, mik\u00f6zben lehet\u0151v\u00e9 teszi a pontos tartom\u00e1nyok meghat\u00e1roz\u00e1s\u00e1t a f\u00f3kusz megzavar\u00e1sa n\u00e9lk\u00fcl. A be\u00e9p\u00edtett ballisztikus sz\u00e1m\u00edt\u00e1si funkci\u00f3val az ACE S60R biztos\u00edtja, hogy a l\u00f6v\u00e9sei pontosak legyenek, figyelembe v\u00e9ve minden t\u00e9nyez\u0151t a t\u00f6k\u00e9letes pontoss\u00e1g \u00e9rdek\u00e9ben.<\/p>\n<p>A vad\u00e1szok ig\u00e9nyeivel \u00f6sszhangban az NocPix ACE S60R kett\u0151s akkumul\u00e1torrendszerrel rendelkezik, amely egy be\u00e9p\u00edtett 4000mAh-s akkumul\u00e1torb\u00f3l \u00e9s egy kivehet\u0151 18650-es akkumul\u00e1torb\u00f3l \u00e1ll a hossz\u00fa t\u00e1v\u00fa terepi haszn\u00e1lat \u00e9rdek\u00e9ben. Nem kell t\u00f6bb\u00e9 amiatt agg\u00f3dnia, hogy a hunt k\u00f6zep\u00e9n lemer\u00fcl a k\u00e9sz\u00fcl\u00e9k &#8211; ez a rendszer kifejezetten arra k\u00e9sz\u00fclt, hogy elk\u00eds\u00e9rje kalandj\u00e1t. Tov\u00e1bbi jellemz\u0151k, mint az automatikus k\u00e9perny\u0151-kikapcsol\u00e1s, a visszacsap\u00f3d\u00e1s-aktiv\u00e1lt vide\u00f3felv\u00e9tel \u00e9s a v\u00e9d\u0151burkolat n\u00e9lk\u00fcli kialak\u00edt\u00e1s, igazi j\u00e1t\u00e9kv\u00e1lt\u00f3t tesznek ebb\u0151l a h\u0151kamer\u00e1b\u00f3l a terepen.<\/p>\n<p>A legkem\u00e9nyebb k\u00fclt\u00e9ri k\u00f6r\u00fclm\u00e9nyek k\u00f6z\u00f6tt is szolg\u00e1latra k\u00e9sz, az ACE S60R nagy szil\u00e1rds\u00e1g\u00fa alum\u00ednium\u00f6tv\u00f6zetb\u0151l k\u00e9sz\u00fclt, \u00e9s szigor\u00fa teszteken esett \u00e1t, hogy kib\u00edrja a sz\u00e9ls\u0151s\u00e9ges r\u00e1zk\u00f3d\u00e1st \u00e9s durva haszn\u00e1latot. IP67 v\u00edz\u00e1ll\u00f3s\u00e1gi besorol\u00e1ssal rendelkezik, \u00edgy t\u00f6k\u00e9letesen teljes\u00edt es\u0151ben, porban \u00e9s kih\u00edv\u00e1st jelent\u0151 k\u00f6rnyezetekben, biztos\u00edtva, hogy t\u00e1vcs\u00f6ve olyan tart\u00f3s legyen, mint a vad\u00e1sz\u00f6szt\u00f6ne.<\/p>\n<p>Az NocPix ACE S60R t\u00f6bb, mint egy h\u0151l\u00e1tcs\u0151 &#8211; a v\u00e9gleges vad\u00e1szati t\u00e1rs. \u00c9lvonalbeli technol\u00f3gi\u00e1val, kiv\u00e9teles tart\u00f3ss\u00e1ggal \u00e9s a vad\u00e1sz\u00e9lm\u00e9ny jav\u00edt\u00e1s\u00e1ra tervezett speci\u00e1lis funkci\u00f3kkal felszerelve ez a l\u00e1tcs\u0151 \u00fajradefini\u00e1lja, mit v\u00e1rhat a felszerel\u00e9st\u0151l. K\u00e9sz\u00fclj\u00f6n fel arra, hogy \u00e9jszaka uralkodjon.<\/p>\n","protected":false},"excerpt":{"rendered":"<p>A Nocpix ACE S60R H\u0151k\u00e9palkot\u00f3 t\u00e1vcs\u00f6 egy cs\u00facstechnol\u00f3gi\u00e1j\u00fa eszk\u00f6z, amely az elit vad\u00e1szok sz\u00e1m\u00e1ra k\u00e9sz\u00fclt, fejlett technol\u00f3gi\u00e1val, er\u0151s fel\u00e9p\u00edt\u00e9ssel \u00e9s olyan funkci\u00f3kkal, mint a Gen-2 HD h\u0151\u00e9rz\u00e9kel\u0151, a Vision+ rendszer, be\u00e9p\u00edtett l\u00e9zeres t\u00e1vols\u00e1gm\u00e9r\u0151 \u00e9s kett\u0151s akkumul\u00e1torrendszer, hogy a legkih\u00edv\u00f3bb k\u00f6rnyezetben is cs\u00facsteljes\u00edtm\u00e9nyt ny\u00fajtson.<\/p>\n<p>Ha a term\u00e9k nem el\u00e9rhet\u0151, k\u00e9rj\u00fck, vegye fel vel\u00fcnk a kapcsolatot: shop@nbg.eu vagy +359896147790<\/p>\n","protected":false},"featured_media":677655,"template":"","meta":{"_acf_changed":false},"product_brand":[14453],"product_cat":[12938],"product_tag":[],"class_list":{"0":"post-677017","1":"product","2":"type-product","3":"status-publish","4":"has-post-thumbnail","6":"product_brand-nocpix","7":"product_cat-hokamera","9":"first","10":"instock","11":"taxable","12":"shipping-taxable","13":"purchasable","14":"product-type-simple"},"acf":[],"_links":{"self":[{"href":"https:\/\/nbg.eu\/hu\/wp-json\/wp\/v2\/product\/677017","targetHints":{"allow":["GET"]}}],"collection":[{"href":"https:\/\/nbg.eu\/hu\/wp-json\/wp\/v2\/product"}],"about":[{"href":"https:\/\/nbg.eu\/hu\/wp-json\/wp\/v2\/types\/product"}],"wp:featuredmedia":[{"embeddable":true,"href":"https:\/\/nbg.eu\/hu\/wp-json\/wp\/v2\/media\/677655"}],"wp:attachment":[{"href":"https:\/\/nbg.eu\/hu\/wp-json\/wp\/v2\/media?parent=677017"}],"wp:term":[{"taxonomy":"product_brand","embeddable":true,"href":"https:\/\/nbg.eu\/hu\/wp-json\/wp\/v2\/product_brand?post=677017"},{"taxonomy":"product_cat","embeddable":true,"href":"https:\/\/nbg.eu\/hu\/wp-json\/wp\/v2\/product_cat?post=677017"},{"taxonomy":"product_tag","embeddable":true,"href":"https:\/\/nbg.eu\/hu\/wp-json\/wp\/v2\/product_tag?post=677017"}],"curies":[{"name":"wp","href":"https:\/\/api.w.org\/{rel}","templated":true}]}}