{"id":677673,"date":"2025-11-17T17:25:33","date_gmt":"2025-11-17T14:25:33","guid":{"rendered":"https:\/\/nbg.eu\/product\/termikus-latas-nocpix-ace-h50r-12um-640x512-15mk-netd\/"},"modified":"2026-04-14T16:01:45","modified_gmt":"2026-04-14T13:01:45","slug":"termikus-latas-nocpix-ace-h50r-12um-640x512-15mk-netd","status":"publish","type":"product","link":"https:\/\/nbg.eu\/hu\/termek\/termikus-latas-nocpix-ace-h50r-12um-640x512-15mk-netd\/","title":{"rendered":"Nocpix H\u0151k\u00e9pes C\u00e9lz\u00f3 ACE H50R"},"content":{"rendered":"<h2>NocPix ACE H50R H\u0151k\u00e9pes Pusskoptya<\/h2>\n<p>A NocPix ACE H50R h\u0151k\u00e9pes puskakoptya fejlett technol\u00f3gi\u00e1t \u00e9s tart\u00f3s kidolgoz\u00e1st \u00f6tv\u00f6z a p\u00e1ratlan vad\u00e1sz\u00e9lm\u00e9ny \u00e9rdek\u00e9ben. 640&#215;512 felbont\u00e1s\u00fa h\u0151\u00e9rz\u00e9kel\u0151j\u00e9nek NETD-je \u226412mK, ami kiv\u00e1l\u00f3 k\u00e9pmin\u0151s\u00e9get biztos\u00edt, 3100 m\u00e9teres \u00e9szlel\u00e9si t\u00e1vols\u00e1ggal \u00e9s be\u00e9p\u00edtett l\u00e9zeres t\u00e1vols\u00e1gm\u00e9r\u0151vel 1200 m\u00e9terig. Az innovat\u00edv Vision+ rendszer k\u00f6zelk\u00e9peket tesz lehet\u0151v\u00e9, m\u00edg a kett\u0151s akkumul\u00e1torrendszer hossz\u00fa \u00fczemid\u0151t garant\u00e1l. Nagyszil\u00e1rds\u00e1g\u00fa alum\u00ednium\u00f6tv\u00f6zetb\u0151l k\u00e9sz\u00fclt, IP67 v\u00e9delemmel, \u00edgy b\u00e1rmilyen k\u00fclt\u00e9ri k\u00f6rnyezetben kit\u0171n\u0151en teljes\u00edt.<\/p>\n<p>A Nocpix ACE H50 h\u0151k\u00e9pes puskakoptya cs\u00facstechnol\u00f3gi\u00e1s eszk\u00f6z, amely \u00fajradefini\u00e1lja a vad\u00e1sz\u00e9lm\u00e9nyt, legyen sz\u00f3 s\u00f6t\u00e9t \u00e9jszak\u00e1r\u00f3l vagy neh\u00e9z terepen folytatott vad\u00e1szatr\u00f3l. A Nocpix z\u00e1szl\u00f3shaj\u00f3 ACE sorozat\u00e1nak tagjak\u00e9nt kiemelkedik k\u00e9pmin\u0151s\u00e9ge \u00e9s pontoss\u00e1ga, k\u00f6sz\u00f6nhet\u0151en fejlett bels\u0151 h\u0151\u00e9rz\u00e9kel\u0151j\u00e9nek \u00e9s halad\u00f3 Reality+ \u00e9s Vision+ rendszer\u00e9nek.<\/p>\n<p>A Nocpix ACE H50R k\u00f6zponti eleme a m\u00e1sodik gener\u00e1ci\u00f3s HD h\u0151\u00e9rz\u00e9kel\u0151, 640&#215;512-es felbont\u00e1ssal \u00e9s 60Hz k\u00e9pfriss\u00edt\u00e9ssel, ami megb\u00edzhat\u00f3 teljes\u00edtm\u00e9nyt ny\u00fajt. A \u226412mK NETD-\u00e9rt\u00e9kkel ez a koptya m\u00e9g a legkisebb h\u0151m\u00e9rs\u00e9klet-k\u00fcl\u00f6nbs\u00e9geket is \u00e9rz\u00e9keli, r\u00e9szletes \u00e9s egyenletes h\u0151k\u00e9peket biztos\u00edtva, ide\u00e1lisan k\u00f6vetve a gyorsan mozg\u00f3 c\u00e9lpontokat val\u00f3s id\u0151ben. A tov\u00e1bbfejlesztett Reality+ k\u00e9pkezel\u0151 algoritmus pedig tov\u00e1bb jav\u00edtja a min\u0151s\u00e9get a k\u00f6rnyezeti h\u0151zaj elimin\u00e1l\u00e1s\u00e1val, m\u00e9g kih\u00edv\u00f3 vad\u00e1szati k\u00f6r\u00fclm\u00e9nyek k\u00f6z\u00f6tt is j\u00f3 kontrasztot \u00e9s tisztas\u00e1got ny\u00fajtva.<\/p>\n<p>Az ACE H50R 50mm\/F0.9-es lencs\u00e9je 20%-kal t\u00f6bb f\u00e9nyt juttat el az \u00e9rz\u00e9kel\u0151h\u00f6z, f\u00e9nyesebb \u00e9s tiszt\u00e1bb k\u00e9peket teremtve. Ez kulcsfontoss\u00e1g\u00fa a prec\u00edz vad\u00e1szok sz\u00e1m\u00e1ra, hiszen a jobb f\u00e9nytranszmisszi\u00f3 jav\u00edtja a l\u00e1that\u00f3s\u00e1got gyenge megvil\u00e1g\u00edt\u00e1sban. Ezen fel\u00fcl a 3100 m\u00e9teres \u00e9szlel\u00e9si tartom\u00e1ny megk\u00fcl\u00f6nb\u00f6zteti az ACE-t, messzebb l\u00e9v\u0151 c\u00e9lpontok azonos\u00edt\u00e1s\u00e1t \u00e9s k\u00f6vet\u00e9s\u00e9t t\u00e9ve hat\u00e9konyabb\u00e1.<\/p>\n<p>A be\u00e9p\u00edtett Vision+ rendszer 1,03 inches k\u00f6rk\u00f6r\u00f6s AMOLED kijelz\u0151j\u00e9vel (2560&#215;2560 felbont\u00e1s) jav\u00edtja a k\u00e9p\u00e9lm\u00e9nyt. Optikai zoomrendszere elker\u00fcli a hagyom\u00e1nyos elektronikus zoomokra jellemz\u0151 elmos\u00f3d\u00e1st \u00e9s torzul\u00e1st, \u00edgy a vad\u00e1szok tiszta, nagy felbont\u00e1s\u00fa k\u00f6zeli k\u00e9peket \u00e9lvezhetnek r\u00e9szletveszt\u00e9s n\u00e9lk\u00fcl. Ez mag\u00e1val ragad\u00f3 \u00e9s k\u00e9nyelmes megtekint\u00e9si \u00e9lm\u00e9nyt ny\u00fajt, legyen sz\u00f3 t\u00e1volr\u00f3l val\u00f3 c\u00e9lpont\u00e9szlel\u00e9sr\u0151l vagy prec\u00edz c\u00e9lz\u00e1sr\u00f3l.<\/p>\n<p>Hossz\u00fa k\u00fclt\u00e9ri haszn\u00e1latra tervezve, az ACE kett\u0151s akkumul\u00e1torrendszert kapott, egy be\u00e9p\u00edtett 4000mAh-s elemmel \u00e9s egy cser\u00e9lhet\u0151 18650-es akkumul\u00e1torral, \u00edgy a hossz\u00fa vad\u00e1szati szesszi\u00f3k sor\u00e1n is folyamatos m\u0171k\u00f6d\u00e9s biztos\u00edtott. A nagy szil\u00e1rds\u00e1g\u00fa alum\u00ednium\u00f6tv\u00f6zetb\u0151l k\u00e9sz\u00fclt, tart\u00f3s kialak\u00edt\u00e1s pedig ellen\u00e1ll a neh\u00e9z k\u00fcls\u0151 k\u00f6r\u00fclm\u00e9nyeknek, szigor\u00fa \u00fct\u00e9s\u00e1ll\u00f3s\u00e1gi teszteken is \u00e1tesve. IP67 v\u00edz\u00e1ll\u00f3s\u00e1gi min\u0151s\u00edt\u00e9s\u00e9vel a koptya megb\u00edzhat\u00f3 marad mostoha id\u0151j\u00e1r\u00e1si viszonyok k\u00f6z\u00f6tt is, nyugalmat adva a vad\u00e1szoknak.<\/p>\n<p>A vad\u00e1szok ig\u00e9nyeit szem el\u0151tt tartva az ACE H50R sz\u00e1mos hasznos funkci\u00f3val rendelkezik, mint a r\u00e1zk\u00f3d\u00e1saktiv\u00e1lt vide\u00f3r\u00f6gz\u00edt\u00e9s \u00e9s a z\u00e1rkaros kialak\u00edt\u00e1s a gondmentes haszn\u00e1lat \u00e9rdek\u00e9ben. A felhaszn\u00e1l\u00f3bar\u00e1t kieg\u00e9sz\u00edt\u0151k, mint a f\u00f3kusz\u00e1ll\u00edt\u00f3, a t\u00f6lt\u0151fed\u00e9l \u00e9s a gal\u00e9ri\u00e1b\u00f3l val\u00f3 k\u00f6zvetlen vide\u00f3megjelen\u00edt\u00e9s, a magas teljes\u00edtm\u00e9nyt praktikus k\u00e9nyelemmel \u00f6tv\u00f6zik az optim\u00e1lis vad\u00e1sz\u00e9lm\u00e9ny \u00e9rdek\u00e9ben.<\/p>\n","protected":false},"excerpt":{"rendered":"<p>A Nocpix ACE H50R termikus c\u00e9lz\u00f3t\u00e1vcs\u0151 640&#215;512 pixeles h\u0151k\u00e9palkot\u00f3val, \u226412mK NETD-vel, 3100 m\u00e9teres \u00e9szlel\u00e9si t\u00e1vols\u00e1ggal, integr\u00e1lt l\u00e9zeres t\u00e1vols\u00e1gm\u00e9r\u0151vel \u00e9s Vision+ rendszerrel rendelkezik, ami p\u00e1rj\u00e1t ritk\u00edt\u00f3 vad\u00e1sz\u00e9lm\u00e9nyt biztos\u00edt.<br \/>\nHa a term\u00e9k nem el\u00e9rhet\u0151, k\u00e9rj\u00fck, l\u00e9pjen kapcsolatba vel\u00fcnk: shop@nbg.eu vagy +359896147790<\/p>\n","protected":false},"featured_media":677695,"template":"","meta":{"_acf_changed":false},"product_brand":[14453],"product_cat":[12938],"product_tag":[],"class_list":{"0":"post-677673","1":"product","2":"type-product","3":"status-publish","4":"has-post-thumbnail","6":"product_brand-nocpix","7":"product_cat-hokamera","9":"first","10":"outofstock","11":"taxable","12":"shipping-taxable","13":"purchasable","14":"product-type-simple"},"acf":[],"_links":{"self":[{"href":"https:\/\/nbg.eu\/hu\/wp-json\/wp\/v2\/product\/677673","targetHints":{"allow":["GET"]}}],"collection":[{"href":"https:\/\/nbg.eu\/hu\/wp-json\/wp\/v2\/product"}],"about":[{"href":"https:\/\/nbg.eu\/hu\/wp-json\/wp\/v2\/types\/product"}],"wp:featuredmedia":[{"embeddable":true,"href":"https:\/\/nbg.eu\/hu\/wp-json\/wp\/v2\/media\/677695"}],"wp:attachment":[{"href":"https:\/\/nbg.eu\/hu\/wp-json\/wp\/v2\/media?parent=677673"}],"wp:term":[{"taxonomy":"product_brand","embeddable":true,"href":"https:\/\/nbg.eu\/hu\/wp-json\/wp\/v2\/product_brand?post=677673"},{"taxonomy":"product_cat","embeddable":true,"href":"https:\/\/nbg.eu\/hu\/wp-json\/wp\/v2\/product_cat?post=677673"},{"taxonomy":"product_tag","embeddable":true,"href":"https:\/\/nbg.eu\/hu\/wp-json\/wp\/v2\/product_tag?post=677673"}],"curies":[{"name":"wp","href":"https:\/\/api.w.org\/{rel}","templated":true}]}}