{"id":678121,"date":"2025-11-17T17:25:36","date_gmt":"2025-11-17T14:25:36","guid":{"rendered":"https:\/\/nbg.eu\/product\/termikus-monokularis-nocpix-lumi-l35\/"},"modified":"2026-01-21T11:39:11","modified_gmt":"2026-01-21T08:39:11","slug":"termikus-monokularis-nocpix-lumi-l35","status":"publish","type":"product","link":"https:\/\/nbg.eu\/hu\/termek\/termikus-monokularis-nocpix-lumi-l35\/","title":{"rendered":"Termikus monokul\u00e1ris Nocpix LUMI L35"},"content":{"rendered":"<h2>Maxim\u00e1lis teljes\u00edtm\u00e9ny minim\u00e1lis s\u00fallyal &#8211; Nocpix LUMI L35: N\u00e9lk\u00fcl\u00f6zhetetlen t\u00e1rsad a terepen<\/h2>\n<p>A LUMI h\u0151kamer\u00e1s monokul\u00e1ris sorozat mind nappali, mind \u00e9jszakai haszn\u00e1latra k\u00e9sz\u00fclt, \u00e9s rendk\u00edv\u00fcli k\u00e9pmin\u0151s\u00e9get ny\u00fajt m\u00e9g neh\u00e9z id\u0151j\u00e1r\u00e1si k\u00f6r\u00fclm\u00e9nyek, p\u00e9ld\u00e1ul k\u00f6d, szmog vagy es\u0151 eset\u00e9n is. M\u00e9g ha akad\u00e1lyok, mint \u00e1gak, magas f\u0171 vagy s\u0171r\u0171 lombozat is megnehez\u00edtik a l\u00e1t\u00e1st, ennek a technol\u00f3gi\u00e1nak k\u00f6sz\u00f6nhet\u0151en mindig tiszt\u00e1n l\u00e1thatod, ami el\u0151tted van. Emellett olyan kompaktak \u00e9s k\u00f6nny\u0171ek, hogy b\u00e1rhov\u00e1 k\u00f6nnyed\u00e9n magaddal viheted \u0151ket.<\/p>\n<p>A LUMI h\u0151kamer\u00e1k t\u00f6k\u00e9letesek t\u00f6bbf\u00e9le felhaszn\u00e1l\u00e1sra, mint p\u00e9ld\u00e1ul vad\u00e1szat, megfigyel\u00e9s, biztons\u00e1g, terep\u00e1j\u00e9koz\u00f3d\u00e1s vagy kutat\u00f3-ment\u0151 m\u0171veletek.<\/p>\n<h2>P\u00e1ratlan k\u00e9palkot\u00e1si teljes\u00edtm\u00e9ny \u00e9les k\u00e9pekhez<\/h2>\n<p>A LUMI sorozat \u00faj szabv\u00e1nyokat \u00e1ll\u00edt fel a k\u00e9pmin\u0151s\u00e9g ter\u00e9n. A legfejlettebb k\u00e9palkot\u00e1si algorit musokkal \u00e9s egy er\u0151s, NETD &lt; 18 mK-os h\u0151\u00e9rz\u00e9kel\u0151vel felszerelve a kamera \u00e9les \u00e9s realisztikus k\u00e9peket szolg\u00e1ltat. Az 1024 x 768 pixeles AMOLED kijelz\u0151 kiv\u00e9teles k\u00e9pmegjelen\u00edt\u00e9st biztos\u00edt, m\u00edg az Ultra Clear m\u00f3d tov\u00e1bb optimaliz\u00e1lja a k\u00e9p\u00e9less\u00e9g et, k\u00fcl\u00f6n\u00f6sen neh\u00e9z id\u0151j\u00e1r\u00e1si viszonyok k\u00f6z\u00f6tt.<\/p>\n<h2>Szem\u00e9lyre szabott megtekint\u00e9si \u00e9lm\u00e9ny &#8211; T\u00f6k\u00e9letesen igaz\u00edtsd a k\u00e9sz\u00fcl\u00e9ket magadhoz<\/h2>\n<p>A 384 x 288 px-es \u00e9rz\u00e9kel\u0151 \u00e9s a sokf\u00e9le be\u00e1ll\u00edt\u00e1si lehet\u0151s\u00e9g r\u00e9v\u00e9n t\u00f6k\u00e9letesen a saj\u00e1t ig\u00e9nyeidhez szabhatod a k\u00e9sz\u00fcl\u00e9ket. V\u00e1lassz 5 sz\u00ednm\u00f3d k\u00f6z\u00fcl, \u00e9s optimaliz\u00e1ld a n\u00e9zetedet a f\u00e9nyer\u0151, az \u00e9less\u00e9g\u00e9s a kontraszt 10 szintj\u00e9nek be\u00e1ll\u00edt\u00e1s\u00e1val &#8211; \u00edgy semmi sem ker\u00fcli el a figyelmedet.<\/p>\n<h2>\u00c9lm\u00e9nyek egyszer\u0171 megoszt\u00e1sa<\/h2>\n<p>A k\u00fcl\u00f6nleges pillanatok r\u00f6gz\u00edt\u00e9se elengedhetetlen a modern vad\u00e1sz sz\u00e1m\u00e1ra. A Nocpix LUMI L35 seg\u00edts\u00e9g\u00e9vel nemcsak k\u00e9nyelmesen megoszthatod felv\u00e9teleidet az alkalmaz\u00e1son kereszt\u00fcl, hanem k\u00f6zvetlen\u00fcl a k\u00e9sz\u00fcl\u00e9ken is lej\u00e1tszhatod \u0151ket &#8211; t\u00f6k\u00e9letes a t apasztalatok azonnali megoszt\u00e1s\u00e1hoz m\u00e1sokkal.<\/p>\n<h2>Rugalmasan haszn\u00e1lhat\u00f3 a cser\u00e9lhet\u0151 akkumul\u00e1torrendszernek k\u00f6sz\u00f6nhet\u0151en<\/h2>\n<p>A LUMI sorozat szabv\u00e1nyos 18650-es akkumul\u00e1torokat haszn\u00e1l, ami maxim\u00e1lis rugalmass\u00e1got biztos\u00edt. B\u00e1rhov\u00e1 is m\u00e9gy, a mell\u00e9kelt akkumul\u00e1tort\u00f6lt\u0151vel vill\u00e1mgyorsan \u00fajra felt\u00f6ltheted magad &#8211; \u00e9s folytathatod k\u00fcldet\u00e9sed.<\/p>\n","protected":false},"excerpt":{"rendered":"<p>Maxim\u00e1lis teljes\u00edtm\u00e9ny minim\u00e1lis s\u00fallyal &#8211; Nocpix LUMI L35: N\u00e9lk\u00fcl\u00f6zhetetlen k\u00eds\u00e9r\u0151d a terepen. 384 \u00e9rz\u00e9kel\u0151 18 mK-vel, 1024 x 768 pixeles AMOLED kijelz\u0151, cser\u00e9lhet\u0151 18650-es akkumul\u00e1tor, k\u00f6r\u00fclbel\u00fcl 1800 m\u00e9teres \u00e9szlel\u00e9si tartom\u00e1ny, nagy alap nagy\u00edt\u00e1s a terepj\u00e1r\u00e1shoz, kompakt kialak\u00edt\u00e1s.<\/p>\n<p>Ha a cikk nem el\u00e9rhet\u0151, k\u00e9rj\u00fck, l\u00e9pjen kapcsolatba vel\u00fcnk: shop@nbg.eu vagy +359896147790<\/p>\n","protected":false},"featured_media":678327,"template":"","meta":{"_acf_changed":false},"product_brand":[14453],"product_cat":[12938,369],"product_tag":[],"class_list":{"0":"post-678121","1":"product","2":"type-product","3":"status-publish","4":"has-post-thumbnail","6":"product_brand-nocpix","7":"product_cat-hokamera","8":"product_cat-uncategorized","10":"first","11":"instock","12":"taxable","13":"shipping-taxable","14":"purchasable","15":"product-type-simple"},"acf":[],"_links":{"self":[{"href":"https:\/\/nbg.eu\/hu\/wp-json\/wp\/v2\/product\/678121","targetHints":{"allow":["GET"]}}],"collection":[{"href":"https:\/\/nbg.eu\/hu\/wp-json\/wp\/v2\/product"}],"about":[{"href":"https:\/\/nbg.eu\/hu\/wp-json\/wp\/v2\/types\/product"}],"wp:featuredmedia":[{"embeddable":true,"href":"https:\/\/nbg.eu\/hu\/wp-json\/wp\/v2\/media\/678327"}],"wp:attachment":[{"href":"https:\/\/nbg.eu\/hu\/wp-json\/wp\/v2\/media?parent=678121"}],"wp:term":[{"taxonomy":"product_brand","embeddable":true,"href":"https:\/\/nbg.eu\/hu\/wp-json\/wp\/v2\/product_brand?post=678121"},{"taxonomy":"product_cat","embeddable":true,"href":"https:\/\/nbg.eu\/hu\/wp-json\/wp\/v2\/product_cat?post=678121"},{"taxonomy":"product_tag","embeddable":true,"href":"https:\/\/nbg.eu\/hu\/wp-json\/wp\/v2\/product_tag?post=678121"}],"curies":[{"name":"wp","href":"https:\/\/api.w.org\/{rel}","templated":true}]}}