{"id":678383,"date":"2025-11-18T18:19:28","date_gmt":"2025-11-18T15:19:28","guid":{"rendered":"https:\/\/nbg.eu\/product\/nocpix-quest-l35r-384x288-netd-15mk\/"},"modified":"2026-04-14T16:01:39","modified_gmt":"2026-04-14T13:01:39","slug":"nocpix-quest-l35r-384x288-netd-15mk","status":"publish","type":"product","link":"https:\/\/nbg.eu\/hu\/termek\/nocpix-quest-l35r-384x288-netd-15mk\/","title":{"rendered":"Nocpix H\u0151k\u00e9pes T\u00e1vcs\u0151 Quest L35R"},"content":{"rendered":"<h2>Nocpix Quest L35R 384&#215;288 NETD \u226415mK: Fedezd fel h\u0151l\u00e1t\u00e1sodat<\/h2>\n<p>A QUEST k\u00f6nny\u0171 \u00e9s hordozhat\u00f3, 2600 m-es \u00e9szlel\u00e9si tartom\u00e1nnyal \u00e9s 1000 m-es be\u00e9p\u00edtett rejtett l\u00e9zeres t\u00e1vm\u00e9r\u0151vel a nagy pontoss\u00e1g \u00e9s l\u00e1that\u00f3s\u00e1g \u00e9rdek\u00e9ben. Hagyom\u00e1nyos k\u00e9tszemes kialak\u00edt\u00e1sa teljes gumibevonattal \u00e9s IP67 v\u00e9delemmel rendelkezik a tart\u00f3ss\u00e1g \u00e9s k\u00e9nyelmes haszn\u00e1lat \u00e9rdek\u00e9ben durva k\u00f6r\u00fclm\u00e9nyek k\u00f6z\u00f6tt. Kiv\u00e1l\u00f3 640&#215;512 \u00e9rz\u00e9kel\u0151vel (NETD \u226415mK, 60Hz) rendelkezik, ami kiv\u00e9teles k\u00e9ptisztas\u00e1got, j\u00f3 h\u0151\u00e9rz\u00e9kenys\u00e9get \u00e9s probl\u00e9mamentes m\u0171k\u00f6d\u00e9st biztos\u00edt neh\u00e9z k\u00f6rnyezetben.<\/p>\n<h2>Kiv\u00e1l\u00f3 k\u00e9pmin\u0151s\u00e9g \u00e9s tisztas\u00e1g<\/h2>\n<p>A Nocpix QUEST R+ k\u00e9pjav\u00edt\u00e1ssal rendelkezik a tisztas\u00e1g \u00e9s pontoss\u00e1g \u00e9rdek\u00e9ben, valamint 1920&#215;1200 AMOLED kijelz\u0151vel a mer\u00edt\u0151, szem-bar\u00e1t \u00e9lm\u00e9ny\u00e9rt.<\/p>\n<h2>Kiv\u00e1l\u00f3 \u00e9rz\u00e9kel\u0151 a kiv\u00e1l\u00f3s\u00e1g\u00e9rt<\/h2>\n<p>A Nocpix QUEST egy nagy teljes\u00edtm\u00e9ny\u0171 \u00e9rz\u00e9kel\u0151vel (640&#215;512@12\u00b5m) rendelkezik, amely kiv\u00e9teles k\u00e9ptisztas\u00e1got ny\u00fajt. NETD \u226415mK \u00e9s 60Hz k\u00e9pfriss\u00edt\u00e9s mellett kiv\u00e1l\u00f3 h\u0151\u00e9rz\u00e9kenys\u00e9get ny\u00fajt, tiszta \u00e9s l\u00e1that\u00f3 k\u00e9peket biztos\u00edtva a legkih\u00edv\u00f3bb k\u00f6r\u00fclm\u00e9nyek k\u00f6z\u00f6tt is.<\/p>\n<h2>Er\u0151s \u00e9szlel\u00e9si k\u00e9pess\u00e9gek<\/h2>\n<p>A Nocpix QUEST 2600 m-es \u00e9szlel\u00e9si tartom\u00e1nnyal \u00e9s 1000 m-es be\u00e9p\u00edtett l\u00e9zeres t\u00e1vm\u00e9r\u0151vel rendelkezik, lehet\u0151v\u00e9 t\u00e9ve, hogy jobban \u00e9s pontosabban l\u00e1sson, mint valaha. Balistikai sz\u00e1m\u00edt\u00e1sokat is t\u00e1mogat, biztos\u00edtva az adatt\u00e1mogat\u00e1st a kooperat\u00edv vad\u00e1szathoz.<\/p>\n<h2>Ergonomikus, egykezes haszn\u00e1lat<\/h2>\n<p>A Nocpix QUEST ergonomikus, cs\u00fasz\u00e1smentes kialak\u00edt\u00e1ssal, egyszer\u0171 4 gombos elrendez\u00e9ssel \u00e9s k\u00f6z\u00e9pen elhelyezett g\u00f6rd\u00fcl\u0151 kerekekkel rendelkezik a k\u00f6nny\u0171 egykezes haszn\u00e1lat \u00e9s biztos fog\u00e1s \u00e9rdek\u00e9ben minden k\u00f6r\u00fclm\u00e9ny k\u00f6z\u00f6tt.<\/p>\n<h2>K\u00f6nny\u0171 \u00e9s hordozhat\u00f3<\/h2>\n<p>A QUEST mind\u00f6ssze 700 g-os \u00e9s egy egyedi hordt\u00e1sk\u00e1val rendelkezik, k\u00e9nyelmes hordozhat\u00f3s\u00e1got \u00e9s k\u00f6nny\u0171 haszn\u00e1lhat\u00f3s\u00e1got k\u00edn\u00e1lva szabadt\u00e9ri tev\u00e9kenys\u00e9gekhez, p\u00e9ld\u00e1ul vad\u00e1szathoz \u00e9s felfedez\u00e9shez.<\/p>\n<h2>Megb\u00edzhat\u00f3 energiaell\u00e1t\u00e1s<\/h2>\n<p>A QUEST sorozat egy kett\u0151s akkumul\u00e1toros kialkalak\u00edt\u00e1ssal rendelkezik, be\u00e9p\u00edtett \u00e9s cser\u00e9lhet\u0151 18650 akkumul\u00e1torral, egyszer\u0171 cser\u00e9t \u00e9s folyamatos haszn\u00e1latot biztos\u00edtva kalandoz\u00e1said sor\u00e1n.<\/p>\n<h2>Tart\u00f3s \u00e9s k\u00e9nyelmes kialak\u00edt\u00e1s<\/h2>\n<p>A QUEST hagyom\u00e1nyos k\u00e9tszemes kialak\u00edt\u00e1ssal, kifinomult teljes gumibevonattal \u00e9s IP67 v\u00e9delemmel rendelkezik a v\u00edz \u00e9s por ellen, biztos\u00edtva a tart\u00f3ss\u00e1got \u00e9s az \u00e1ltal\u00e1nos k\u00e9nyelmet.<\/p>\n","protected":false},"excerpt":{"rendered":"<p>Nocpix QUEST L35R 384&#215;288 NETD &lt;15mK: K\u00f6nny\u0171, hordozhat\u00f3 h\u0151k\u00e9palkot\u00f3 k\u00e9sz\u00fcl\u00e9k 2600 m-es \u00e9szlel\u00e9si hat\u00f3t\u00e1vols\u00e1ggal, be\u00e9p\u00edtett 1000 m-es l\u00e9zeres t\u00e1vols\u00e1gm\u00e9r\u0151vel \u00e9s kiv\u00e9teles k\u00e9ptisztas\u00e1ggal.<\/p>\n<p>Ha a t\u00e9tel nem \u00e1ll rendelkez\u00e9sre, k\u00e9rj\u00fck, l\u00e9pjen kapcsolatba vel\u00fcnk: shop@nbg.eu vagy +359896147790<\/p>\n","protected":false},"featured_media":679445,"template":"","meta":{"_acf_changed":false},"product_brand":[14453],"product_cat":[12938,14685,16080],"product_tag":[],"class_list":{"0":"post-678383","1":"product","2":"type-product","3":"status-publish","4":"has-post-thumbnail","6":"product_brand-nocpix","7":"product_cat-hokamera","8":"product_cat-tavcsovek","9":"product_cat-thermal-cameras-hu","11":"first","12":"instock","13":"taxable","14":"shipping-taxable","15":"purchasable","16":"product-type-simple"},"acf":[],"_links":{"self":[{"href":"https:\/\/nbg.eu\/hu\/wp-json\/wp\/v2\/product\/678383","targetHints":{"allow":["GET"]}}],"collection":[{"href":"https:\/\/nbg.eu\/hu\/wp-json\/wp\/v2\/product"}],"about":[{"href":"https:\/\/nbg.eu\/hu\/wp-json\/wp\/v2\/types\/product"}],"wp:featuredmedia":[{"embeddable":true,"href":"https:\/\/nbg.eu\/hu\/wp-json\/wp\/v2\/media\/679445"}],"wp:attachment":[{"href":"https:\/\/nbg.eu\/hu\/wp-json\/wp\/v2\/media?parent=678383"}],"wp:term":[{"taxonomy":"product_brand","embeddable":true,"href":"https:\/\/nbg.eu\/hu\/wp-json\/wp\/v2\/product_brand?post=678383"},{"taxonomy":"product_cat","embeddable":true,"href":"https:\/\/nbg.eu\/hu\/wp-json\/wp\/v2\/product_cat?post=678383"},{"taxonomy":"product_tag","embeddable":true,"href":"https:\/\/nbg.eu\/hu\/wp-json\/wp\/v2\/product_tag?post=678383"}],"curies":[{"name":"wp","href":"https:\/\/api.w.org\/{rel}","templated":true}]}}