{"id":679462,"date":"2025-11-18T18:19:37","date_gmt":"2025-11-18T15:19:37","guid":{"rendered":"https:\/\/nbg.eu\/product\/nocpix-quest-h50r-lrf-640x512-netd-15mk\/"},"modified":"2026-04-14T16:01:35","modified_gmt":"2026-04-14T13:01:35","slug":"nocpix-quest-h50r-lrf-640x512-netd-15mk","status":"publish","type":"product","link":"https:\/\/nbg.eu\/hu\/termek\/nocpix-quest-h50r-lrf-640x512-netd-15mk\/","title":{"rendered":"Nocpix H\u0151k\u00e9pes T\u00e1vcs\u0151 Quest H50R LRF"},"content":{"rendered":"<h2>Nocpix Quest H50R LRF 640&#215;512 NETD \u226415mK<\/h2>\n<p>A QUEST k\u00f6nny\u0171 \u00e9s hordozhat\u00f3, ak\u00e1r 2600 m-es felder\u00edt\u00e9si tartom\u00e1nnyal \u00e9s be\u00e9p\u00edtett, rejtett l\u00e9zeres t\u00e1vols\u00e1gm\u00e9r\u0151vel 1000 m-es hat\u00f3sug\u00e1rral a kiv\u00e1l\u00f3 pontoss\u00e1g \u00e9s l\u00e1that\u00f3s\u00e1g \u00e9rdek\u00e9ben. Hagyom\u00e1nyos binokul\u00e1ris kialak\u00edt\u00e1sa teljes gumi bor\u00edt\u00e1ssal \u00e9s IP67 min\u0151s\u00edt\u00e9ssel rendelkezik a tart\u00f3ss\u00e1g \u00e9s a k\u00e9nyelmes haszn\u00e1lat \u00e9rdek\u00e9ben sz\u00e9ls\u0151s\u00e9ges k\u00f6r\u00fclm\u00e9nyek k\u00f6z\u00f6tt.<\/p>\n<h2>H\u0151\u00e9rz\u00e9kel\u0151<\/h2>\n<p>A Nocpix QUEST R+ k\u00e9pjav\u00edt\u00e1ssal rendelkezik a kiv\u00e9teles tisztas\u00e1g \u00e9s pontoss\u00e1g \u00e9rdek\u00e9ben, valamint 1920&#215;1200 AMOLED kijelz\u0151vel a mer\u00edt\u0151 \u00e9s szem-bar\u00e1t \u00e9lm\u00e9ny \u00e9rdek\u00e9ben.<\/p>\n<h2>A kiv\u00e1l\u00f3 \u00e9rz\u00e9kel\u0151 biztos\u00edtja a kiv\u00e1l\u00f3s\u00e1got<\/h2>\n<p>A Nocpix QUEST egy nagy teljes\u00edtm\u00e9ny\u0171 \u00e9rz\u00e9kel\u0151vel (640&#215;512@12\u00b5m) van felszerelve, ami kiv\u00e9teles k\u00e9ptisztas\u00e1got biztos\u00edt. NETD \u226415mK \u00e9s 60 Hz-es k\u00e9pfriss\u00edt\u00e9ssel kiv\u00e1l\u00f3 h\u0151szenzitvit\u00e1st ny\u00fajt, tiszta \u00e9s vizu\u00e1lis k\u00e9peket biztos\u00edtva m\u00e9g a legnagyobb kih\u00edv\u00e1sok k\u00f6zepette is.<\/p>\n<h2>Hat\u00e9kony felder\u00edt\u00e9si k\u00e9pess\u00e9gek<\/h2>\n<p>A Nocpix QUEST ak\u00e1r 2600 m-es felder\u00edt\u00e9si tartom\u00e1nnyal \u00e9s be\u00e9p\u00edtett, rejtett l\u00e9zeres t\u00e1vols\u00e1gm\u00e9r\u0151vel ak\u00e1r 1000 m-es hat\u00f3sug\u00e1rral rendelkezik, lehet\u0151v\u00e9 t\u00e9ve, hogy messzebb \u00e9s pontosabban l\u00e1sson, mint valaha. Ballisztikai sz\u00e1m\u00edt\u00e1sokat is t\u00e1mogat, adatt\u00e1mogat\u00e1st ny\u00fajtva a kooperat\u00edv vad\u00e1szathoz.<\/p>\n<h2>Egykezes m\u0171k\u00f6dtet\u00e9s<\/h2>\n<p>A Nocpix QUEST ergonomikus, cs\u00fasz\u00e1smentes fog\u00e1st k\u00edn\u00e1l egyszer\u0171 4 gombos elrendez\u00e9ssel \u00e9s k\u00f6zponti g\u00f6rg\u0151s kerekekkel a k\u00f6nny\u0171 egykezes m\u0171k\u00f6dtet\u00e9s \u00e9s biztons\u00e1gos fog\u00e1s \u00e9rdek\u00e9ben minden k\u00f6r\u00fclm\u00e9ny k\u00f6z\u00f6tt.<\/p>\n<h2>K\u00f6nny\u0171 \u00e9s hordozhat\u00f3<\/h2>\n<p>A QUEST mind\u00f6ssze 700 g-t nyom, \u00e9s tart\u00f3s hordt\u00e1sk\u00e1t is tartalmaz, ami k\u00f6nny\u0171 hordozhat\u00f3s\u00e1got \u00e9s k\u00e9nyelmet biztos\u00edt a szabadt\u00e9ri tev\u00e9kenys\u00e9gekhez, p\u00e9ld\u00e1ul vad\u00e1szathoz \u00e9s felfedez\u00e9shez.<\/p>\n<h2>Megsz\u00fcnteti az \u00e1ramell\u00e1t\u00e1ssal kapcsolatos aggodalmakat<\/h2>\n<p>A QUEST sorozat egy k\u00e9tutas akkumul\u00e1tor-tervez\u00e9ssel rendelkezik be\u00e9p\u00edtett \u00e9s cser\u00e9lhet\u0151 18650-es akkumul\u00e1torral, ami a probl\u00e9mamentes cser\u00e9t \u00e9s a folyamatos haszn\u00e1latot biztos\u00edtja a kaland sor\u00e1n.<\/p>\n<h2>A hagyom\u00e1nyos binokul\u00e1ris \u00e9lm\u00e9ny<\/h2>\n<p>A QUEST hagyom\u00e1nyos binokul\u00e1ris kialak\u00edt\u00e1ssal rendelkezik kifinomult, teljes gumi bor\u00edt\u00e1ssal \u00e9s IP67 min\u0151s\u00edt\u00e9ssel a v\u00edz- \u00e9s por\u00e1ll\u00f3s\u00e1g \u00e9rdek\u00e9ben, ami mind a tart\u00f3ss\u00e1got, mind az \u00e1ltal\u00e1nos k\u00e9nyelmet biztos\u00edtja.<\/p>\n","protected":false},"excerpt":{"rendered":"<p>Nocpix Quest H50R LRF 640&#215;512 NETD &lt;15mK: K\u00f6nny\u0171, hordozhat\u00f3 h\u0151kamera 2600 m-es \u00e9szlel\u00e9si hat\u00f3t\u00e1vols\u00e1ggal, 1000 m-es l\u00e9zeres t\u00e1vols\u00e1gm\u00e9r\u0151vel \u00e9s kiv\u00e1l\u00f3 640&#215;512-es \u00e9rz\u00e9kel\u0151vel.<br \/>\nHa a term\u00e9k nem el\u00e9rhet\u0151, k\u00e9rj\u00fck, vegye fel vel\u00fcnk a kapcsolatot: shop@nbg.eu vagy +359896147790<\/p>\n","protected":false},"featured_media":680364,"template":"","meta":{"_acf_changed":false},"product_brand":[14453],"product_cat":[12938,14685,16080],"product_tag":[],"class_list":{"0":"post-679462","1":"product","2":"type-product","3":"status-publish","4":"has-post-thumbnail","6":"product_brand-nocpix","7":"product_cat-hokamera","8":"product_cat-tavcsovek","9":"product_cat-thermal-cameras-hu","11":"first","12":"instock","13":"taxable","14":"shipping-taxable","15":"purchasable","16":"product-type-simple"},"acf":[],"_links":{"self":[{"href":"https:\/\/nbg.eu\/hu\/wp-json\/wp\/v2\/product\/679462","targetHints":{"allow":["GET"]}}],"collection":[{"href":"https:\/\/nbg.eu\/hu\/wp-json\/wp\/v2\/product"}],"about":[{"href":"https:\/\/nbg.eu\/hu\/wp-json\/wp\/v2\/types\/product"}],"wp:featuredmedia":[{"embeddable":true,"href":"https:\/\/nbg.eu\/hu\/wp-json\/wp\/v2\/media\/680364"}],"wp:attachment":[{"href":"https:\/\/nbg.eu\/hu\/wp-json\/wp\/v2\/media?parent=679462"}],"wp:term":[{"taxonomy":"product_brand","embeddable":true,"href":"https:\/\/nbg.eu\/hu\/wp-json\/wp\/v2\/product_brand?post=679462"},{"taxonomy":"product_cat","embeddable":true,"href":"https:\/\/nbg.eu\/hu\/wp-json\/wp\/v2\/product_cat?post=679462"},{"taxonomy":"product_tag","embeddable":true,"href":"https:\/\/nbg.eu\/hu\/wp-json\/wp\/v2\/product_tag?post=679462"}],"curies":[{"name":"wp","href":"https:\/\/api.w.org\/{rel}","templated":true}]}}