{"id":681044,"date":"2025-12-17T14:06:52","date_gmt":"2025-12-17T11:06:52","guid":{"rendered":"https:\/\/nbg.eu\/product\/manly-peak-g10-fekete-cpm-s90v\/"},"modified":"2026-01-21T11:41:29","modified_gmt":"2026-01-21T08:41:29","slug":"manly-peak-g10-fekete-cpm-s90v","status":"publish","type":"product","link":"https:\/\/nbg.eu\/hu\/termek\/manly-peak-g10-fekete-cpm-s90v\/","title":{"rendered":"Manly PEAK G10 FEKETE CPM S90V"},"content":{"rendered":"<h2>Manly PEAK G10 FEKETE CPM S90V &#8211; Kiv\u00e9teles egy k\u00e9zzel haszn\u00e1lhat\u00f3 \u00f6sszecsukhat\u00f3 k\u00e9s<\/h2>\n<p>Tapasztalja meg a kiv\u00e9teles Manly PEAK G10 FEKETE CPM S90V \u00f6sszecsukhat\u00f3 k\u00e9st, egy egyedi \u00e9s sokoldal\u00fa eszk\u00f6zt, amely k\u00fcl\u00f6nf\u00e9le tev\u00e9kenys\u00e9gekhez tervezt\u00e9k. Elt\u00e9rve a Comrade modelt\u0151l, ennek a k\u00e9snek a csod\u00e1latos tervez\u00e9se azt teszi t\u00f6k\u00e9letes k\u00eds\u00e9r\u0151v\u00e9 b\u00e1rmilyen feladathoz.<\/p>\n<p>K\u00e9t k\u00fcl\u00f6nb\u00f6z\u0151 verzi\u00f3ban kaphat\u00f3 a PEAK, amely egy k\u00e9zzel vagy k\u00e9t k\u00e9zzel val\u00f3 kinyit\u00e1s lehet\u0151s\u00e9g\u00e9t k\u00edn\u00e1lja, az \u00d6n szem\u00e9lyes preferenci\u00e1ihoz igazodva. Prec\u00edz kivitelez\u00e9ssel, a penge nagy teljes\u00edtm\u00e9ny\u0171 CPM S90V ac\u00e9lb\u00f3l k\u00e9sz\u00fclt, ami kiv\u00e9teles \u00e9lettartamot \u00e9s korr\u00f3zi\u00f3\u00e1ll\u00f3s\u00e1got biztos\u00edt.<\/p>\n<p>A tart\u00f3s G10-es markolat biztons\u00e1gos \u00e9s k\u00e9nyelmes fog\u00e1st ny\u00fajt, ami a PEAK-et megb\u00edzhat\u00f3 v\u00e1laszt\u00e1ss\u00e1 teszi a mindennapi haszn\u00e1lathoz vagy a szabadt\u00e9ri kalandokhoz. A h\u00fcvelykujj-ny\u00edl\u00e1sos nyit\u00f3mechanizmus\u00e1val \u00e9s manu\u00e1lis Backlock rendszer\u00e9vel ez a k\u00e9s egykezes m\u0171k\u00f6dtet\u00e9st tesz lehet\u0151v\u00e9, \u00edgy k\u00f6nnyed\u00e9n elv\u00e9gezheti feladatait.<\/p>\n<p>Mind\u00f6ssze 115 grammos t\u00f6meg\u00e9vel a PEAK egy k\u00f6nny\u0171, de robusztus eszk\u00f6z, ami nem fog lass\u00edtani. Legyen \u00d6n term\u00e9szetj\u00e1r\u00f3, taktikai szakember vagy egyszer\u0171en csak olyan valaki, aki egy sokoldal\u00fa \u00e9s j\u00f3l tervezett \u00f6sszecsukhat\u00f3 k\u00e9st keres, a Manly PEAK G10 FEKETE CPM S90V a megold\u00e1s.<\/p>\n","protected":false},"excerpt":{"rendered":"<p>PEAK CPM S90V egy k\u00e9zzel haszn\u00e1lhat\u00f3 fekete k\u00e9s, kiv\u00e1l\u00f3 tervez\u00e9s\u0171 minden tev\u00e9kenys\u00e9ghez.<\/p>\n","protected":false},"featured_media":681068,"template":"","meta":{"_acf_changed":false},"product_brand":[15083],"product_cat":[12952,15375,15350],"product_tag":[],"class_list":{"0":"post-681044","1":"product","2":"type-product","3":"status-publish","4":"has-post-thumbnail","6":"product_brand-manly-knives","7":"product_cat-edc","8":"product_cat-folding-knives-hu","9":"product_cat-knives-hu","11":"first","12":"outofstock","13":"taxable","14":"shipping-taxable","15":"purchasable","16":"product-type-simple"},"acf":[],"_links":{"self":[{"href":"https:\/\/nbg.eu\/hu\/wp-json\/wp\/v2\/product\/681044","targetHints":{"allow":["GET"]}}],"collection":[{"href":"https:\/\/nbg.eu\/hu\/wp-json\/wp\/v2\/product"}],"about":[{"href":"https:\/\/nbg.eu\/hu\/wp-json\/wp\/v2\/types\/product"}],"wp:featuredmedia":[{"embeddable":true,"href":"https:\/\/nbg.eu\/hu\/wp-json\/wp\/v2\/media\/681068"}],"wp:attachment":[{"href":"https:\/\/nbg.eu\/hu\/wp-json\/wp\/v2\/media?parent=681044"}],"wp:term":[{"taxonomy":"product_brand","embeddable":true,"href":"https:\/\/nbg.eu\/hu\/wp-json\/wp\/v2\/product_brand?post=681044"},{"taxonomy":"product_cat","embeddable":true,"href":"https:\/\/nbg.eu\/hu\/wp-json\/wp\/v2\/product_cat?post=681044"},{"taxonomy":"product_tag","embeddable":true,"href":"https:\/\/nbg.eu\/hu\/wp-json\/wp\/v2\/product_tag?post=681044"}],"curies":[{"name":"wp","href":"https:\/\/api.w.org\/{rel}","templated":true}]}}