{"id":681144,"date":"2026-01-08T18:14:00","date_gmt":"2026-01-08T15:14:00","guid":{"rendered":"https:\/\/nbg.eu\/product\/manly-peak-black-14c28n\/"},"modified":"2026-01-21T11:41:25","modified_gmt":"2026-01-21T08:41:25","slug":"manly-peak-black-14c28n","status":"publish","type":"product","link":"https:\/\/nbg.eu\/hu\/termek\/manly-peak-black-14c28n\/","title":{"rendered":"Manly PEAK BLACK 14C28N"},"content":{"rendered":"<h2>Manly PEAK BLACK 14C28N \u2013 A mindennapi hordozhat\u00f3 zsebk\u00e9s<\/h2>\n<p>A Manly hagyom\u00e1ny\u00e1t k\u00f6vetve, amely a j\u00f3 min\u0151s\u00e9g\u0171, \u00e9sszer\u0171 \u00e1r\u00fa hordozhat\u00f3 zsebk\u00e9seket k\u00edn\u00e1lja, a PEAK \u2013 14C28N Black (One Hand) a sokoldal\u00fas\u00e1g \u00e9s a gyakorlatiass\u00e1g megtestes\u00edt\u0151je. Prec\u00edz kivitelez\u00e9ssel rendelkez\u0151 hajtogathat\u00f3 k\u00e9s, 14C28N sv\u00e9d ac\u00e9l peng\u00e9vel \u00e9s G10 markolattal, amely egy tart\u00f3s \u00e9s megb\u00edzhat\u00f3 v\u00e1g\u00f3eszk\u00f6zt biztos\u00edt a mindennapi feladatokhoz.<\/p>\n<p>K\u00e9tkezes haszn\u00e1latra tervezve, a cser\u00e9lhet\u0151 clip lehet\u0151v\u00e9 teszi a bal- vagy jobbkezes hozz\u00e1f\u00e9r\u00e9st, ez\u00e9rt t\u00f6k\u00e9letes k\u00eds\u00e9r\u0151 ak\u00e1r jobbkezes, ak\u00e1r balkezes vagy. A h\u00e1tl\u00f3z\u00e1r mechanizmus stabil \u00e9s megb\u00edzhat\u00f3 z\u00e1rat biztos\u00edt, \u00edgy a penge a haszn\u00e1lat sor\u00e1n a hely\u00e9n marad.<\/p>\n<p>\u00d6sszesen 22 cm hossz\u00fas\u00e1ggal \u00e9s 9,4 cm-es peng\u00e9vel a PEAK \u2013 14C28N Black (One Hand) k\u00e9nyelmes \u00e9s kezelhet\u0151 m\u00e9ret\u0171, amely sz\u00e9les k\u00f6r\u0171 alkalmaz\u00e1sokra, outdoor kalandokt\u00f3l a mindennapi haszn\u00e1latig alkalmas. 115 g-os s\u00faly\u00e1val ez a k\u00e9s t\u00f6k\u00e9letes egyens\u00falyt tal\u00e1l a s\u00faly \u00e9s a hordozhat\u00f3s\u00e1g k\u00f6z\u00f6tt, megb\u00edzhat\u00f3 \u00e9s sokoldal\u00fa v\u00e1laszt\u00e1st k\u00edn\u00e1lva a mindennapi haszn\u00e1latra.<\/p>\n<p>Szatin\u00e1lt 14C28N peng\u00e9vel \u00e9s eleg\u00e1ns fekete G10 markolattal a PEAK \u2013 14C28N Black (One Hand) nemcsak kiv\u00e1l\u00f3an teljes\u00edt, hanem modern, st\u00edlusos megjelen\u00e9st is k\u00f6lcs\u00f6n\u00f6z, amely b\u00e1rmely szem\u00e9lyes st\u00edlushoz illik. Ak\u00e1r szabadt\u00e9ri lelkes, ak\u00e1r bark\u00e1csol\u00f3, vagy csak \u00e9rt\u00e9keli a j\u00f3l megmunk\u00e1lt eszk\u00f6zt, a Manly PEAK \u2013 14C28N Black (One Hand) t\u00f6k\u00e9letes kieg\u00e9sz\u00edt\u0151je a mindennapi haszn\u00e1lati t\u00e1rgyainak.<\/p>\n","protected":false},"excerpt":{"rendered":"<p>F\u00e9rfias PEAK BLACK 14C28N &#8211; M\u00e9lt\u00e1nyos \u00e1r\u00fa zsebk\u00e9s 14C28N sv\u00e9d ac\u00e9lb\u00f3l, k\u00e9tir\u00e1ny\u00fa klipsszel \u00e9s z\u00e1r\u00f3szerkezettel.<\/p>\n","protected":false},"featured_media":685048,"template":"","meta":{"_acf_changed":false},"product_brand":[15083],"product_cat":[12952],"product_tag":[],"class_list":{"0":"post-681144","1":"product","2":"type-product","3":"status-publish","4":"has-post-thumbnail","6":"product_brand-manly-knives","7":"product_cat-edc","9":"first","10":"instock","11":"taxable","12":"shipping-taxable","13":"purchasable","14":"product-type-simple"},"acf":[],"_links":{"self":[{"href":"https:\/\/nbg.eu\/hu\/wp-json\/wp\/v2\/product\/681144","targetHints":{"allow":["GET"]}}],"collection":[{"href":"https:\/\/nbg.eu\/hu\/wp-json\/wp\/v2\/product"}],"about":[{"href":"https:\/\/nbg.eu\/hu\/wp-json\/wp\/v2\/types\/product"}],"wp:featuredmedia":[{"embeddable":true,"href":"https:\/\/nbg.eu\/hu\/wp-json\/wp\/v2\/media\/685048"}],"wp:attachment":[{"href":"https:\/\/nbg.eu\/hu\/wp-json\/wp\/v2\/media?parent=681144"}],"wp:term":[{"taxonomy":"product_brand","embeddable":true,"href":"https:\/\/nbg.eu\/hu\/wp-json\/wp\/v2\/product_brand?post=681144"},{"taxonomy":"product_cat","embeddable":true,"href":"https:\/\/nbg.eu\/hu\/wp-json\/wp\/v2\/product_cat?post=681144"},{"taxonomy":"product_tag","embeddable":true,"href":"https:\/\/nbg.eu\/hu\/wp-json\/wp\/v2\/product_tag?post=681144"}],"curies":[{"name":"wp","href":"https:\/\/api.w.org\/{rel}","templated":true}]}}