{"id":681289,"date":"2025-12-17T14:50:21","date_gmt":"2025-12-17T11:50:21","guid":{"rendered":"https:\/\/nbg.eu\/product\/manly-hazafi-m-zold-rwl-34\/"},"modified":"2026-05-13T16:03:12","modified_gmt":"2026-05-13T13:03:12","slug":"manly-hazafi-m-zold-rwl-34","status":"publish","type":"product","link":"https:\/\/nbg.eu\/hu\/termek\/manly-hazafi-m-zold-rwl-34\/","title":{"rendered":"Manly HAZAFI M.Z\u00d6LD RWL-34"},"content":{"rendered":"<h2>Manly PATRIOT M.GREEN RWL-34 \u2013 A sokoldal\u00fa r\u00f6gz\u00edtett peng\u00e9j\u0171 k\u00e9s mindennapi haszn\u00e1latra<\/h2>\n<p>A PATRIOT \u2013 RWL-34 Military Green modellel a Manly bemutatja az eredm\u00e9nyes Comrade \u00f6sszecsukhat\u00f3 k\u00e9s r\u00f6gz\u00edtett v\u00e1ltozat\u00e1t. K\u00f6zel ugyanakkora m\u00e9retekkel rendelkezve a PATRIOT a mindennapi haszn\u00e1lat, a vad\u00e1szat \u00e9s a kempingez\u00e9s t\u00f6k\u00e9letes v\u00e1laszt\u00e1sa. A pr\u00e9mium RWL-34 ac\u00e9lb\u00f3l k\u00e9sz\u00fclt, szat\u00e9n-fel\u00fclet\u0171 peng\u00e9vel ez a k\u00e9s egyes\u00edti a tart\u00f3ss\u00e1got \u00e9s a v\u00e1g\u00e1si teljes\u00edtm\u00e9nyt. G10 vagy di\u00f3fa foganty\u00faval k\u00e9sz\u00fclt, a PATRIOT k\u00e9nyelmes \u00e9s biztons\u00e1gos fog\u00e1st ny\u00fajt, ami magabiztoss\u00e1got biztos\u00edt a k\u00fcl\u00f6nf\u00e9le helyzetekben.<\/p>\n<p>\u00d6sszesen 21 cm-es hossz\u00fas\u00e1ggal \u00e9s 9,1 cm-es peng\u00e9vel a PATRIOT egy kompakt \u00e9s sokoldal\u00fa eszk\u00f6z. 4 mm-es vastag peng\u00e9je elegend\u0151 er\u0151t \u00e9s merevs\u00e9get biztos\u00edt, m\u00edg a 126 g \u00f6sszs\u00faly j\u00f3l kiegyens\u00falyozott \u00e9rz\u00e9st k\u00f6lcs\u00f6n\u00f6z. Tart\u00f3s Kydex h\u00fcvellyel v\u00e9dve a PATRIOT megb\u00edzhat\u00f3 t\u00e1rsa a szabadt\u00e9ri lelkesed\u0151knek \u00e9s a mindennapi haszn\u00e1latot kedvel\u0151knek egyar\u00e1nt.<\/p>\n","protected":false},"excerpt":{"rendered":"<p>Manly PATRIOT M.Z\u00d6LD RWL-34 &#8211; Fix peng\u00e9s, katonai z\u00f6ld k\u00e9s, szat\u00e9n RWL-34 ac\u00e9l peng\u00e9vel \u00e9s G10 markolattal.<\/p>\n","protected":false},"featured_media":681397,"template":"","meta":{"_acf_changed":false},"product_brand":[15083],"product_cat":[15861,15350,2876],"product_tag":[],"class_list":{"0":"post-681289","1":"product","2":"type-product","3":"status-publish","4":"has-post-thumbnail","6":"product_brand-manly-knives","7":"product_cat-fixed-blade-knives-hu","8":"product_cat-knives-hu","9":"product_cat-rahohvatki","11":"first","12":"instock","13":"taxable","14":"shipping-taxable","15":"purchasable","16":"product-type-simple"},"acf":[],"_links":{"self":[{"href":"https:\/\/nbg.eu\/hu\/wp-json\/wp\/v2\/product\/681289","targetHints":{"allow":["GET"]}}],"collection":[{"href":"https:\/\/nbg.eu\/hu\/wp-json\/wp\/v2\/product"}],"about":[{"href":"https:\/\/nbg.eu\/hu\/wp-json\/wp\/v2\/types\/product"}],"wp:featuredmedia":[{"embeddable":true,"href":"https:\/\/nbg.eu\/hu\/wp-json\/wp\/v2\/media\/681397"}],"wp:attachment":[{"href":"https:\/\/nbg.eu\/hu\/wp-json\/wp\/v2\/media?parent=681289"}],"wp:term":[{"taxonomy":"product_brand","embeddable":true,"href":"https:\/\/nbg.eu\/hu\/wp-json\/wp\/v2\/product_brand?post=681289"},{"taxonomy":"product_cat","embeddable":true,"href":"https:\/\/nbg.eu\/hu\/wp-json\/wp\/v2\/product_cat?post=681289"},{"taxonomy":"product_tag","embeddable":true,"href":"https:\/\/nbg.eu\/hu\/wp-json\/wp\/v2\/product_tag?post=681289"}],"curies":[{"name":"wp","href":"https:\/\/api.w.org\/{rel}","templated":true}]}}