{"id":681533,"date":"2025-12-17T15:41:02","date_gmt":"2025-12-17T12:41:02","guid":{"rendered":"https:\/\/nbg.eu\/product\/manly-patriot-d2-fekete\/"},"modified":"2026-01-21T11:39:36","modified_gmt":"2026-01-21T08:39:36","slug":"manly-patriot-d2-fekete","status":"publish","type":"product","link":"https:\/\/nbg.eu\/hu\/termek\/manly-patriot-d2-fekete\/","title":{"rendered":"Manly PATRI\u00d3T D2 FEKETE"},"content":{"rendered":"<h2>Manly PATRIOT D2 FEKETE: Mindennapi k\u00e9nyelem \u00e9s k\u00fclt\u00e9ri sokoldal\u00fas\u00e1g<\/h2>\n<p>Bemutatjuk a Manly PATRIOT D2 FEKETE r\u00f6gz\u00edtett peng\u00e9s k\u00e9st, amely a Comrade \u00f6sszecsukhat\u00f3 k\u00e9s sikeres tervez\u00e9s\u00e9t kombin\u00e1lja a mindennapi gyakorlatiass\u00e1ggal. K\u00f6zel azonos m\u00e9retekkel k\u00e9sz\u00fclt, a PATRIOT az ide\u00e1lis v\u00e1laszt\u00e1s a legk\u00fcl\u00f6nb\u00f6z\u0151bb feladatokhoz, a mindennapi haszn\u00e1latt\u00f3l a vad\u00e1szatig \u00e9s a kempingig.<\/p>\n<p>Szat\u00e9n-v\u00e9gzett peng\u00e9vel k\u00e9sz\u00fclve az 1.2379 (D2) ac\u00e9lb\u00f3l, a PATRIOT kiv\u00e9teles teljes\u00edtm\u00e9nyt \u00e9s tart\u00f3ss\u00e1got k\u00edn\u00e1l. A teljes-peng\u00e9s kialak\u00edt\u00e1s megb\u00edzhat\u00f3 er\u0151ss\u00e9get \u00e9s stabilit\u00e1st biztos\u00edt, ami megb\u00edzhat\u00f3 t\u00e1rss\u00e1 teszi ezt a k\u00e9st b\u00e1rmilyen helyzetben.<\/p>\n<p>G10 vagy di\u00f3fa ny\u00e9llel kaphat\u00f3 v\u00e1ltozatban a PATRIOT k\u00e9nyelmes \u00e9s biztos fog\u00e1st ny\u00fajt, n\u00f6velve a sokoldal\u00fas\u00e1g\u00e1t \u00e9s felhaszn\u00e1l\u00f3bar\u00e1ts\u00e1g\u00e1t. A Kydex h\u00fcvely biztons\u00e1gos \u00e9s k\u00e9nyelmes m\u00f3dot k\u00edn\u00e1l a k\u00e9s hordoz\u00e1s\u00e1ra, biztos\u00edtva a k\u00f6nny\u0171 hozz\u00e1f\u00e9r\u00e9st, amikor sz\u00fcks\u00e9g van r\u00e1.<\/p>\n<p>\u00d6sszesen 21 cm-es hossz\u00fas\u00e1ggal \u00e9s 9,1 cm-es peng\u00e9vel a PATRIOT egy kompakt \u00e9s k\u00f6nnyen kezelhet\u0151 r\u00f6gz\u00edtett peng\u00e9s k\u00e9s, amely kiv\u00e1l\u00f3an teljes\u00edt a legk\u00fcl\u00f6nb\u00f6z\u0151bb alkalmaz\u00e1sokban. 4 mm-es peng\u00e9vastags\u00e1ga \u00e9s 126g-os s\u00falya stabil \u00e9s j\u00f3l kiegyens\u00falyozott \u00e9rz\u00e9st k\u00f6lcs\u00f6n\u00f6z, ami megb\u00edzhat\u00f3 eszk\u00f6zz\u00e9 teszi ezt a k\u00fclt\u00e9ri lelkes vagy mindennapi felhaszn\u00e1l\u00f3 sz\u00e1m\u00e1ra.<\/p>\n<p>Ak\u00e1r k\u00fclt\u00e9ri kalandokat, kempingez\u00e9st, vad\u00e1szatot vagy egyszer\u0171en csak egy megb\u00edzhat\u00f3 mindennapi k\u00e9st keres, a Manly PATRIOT D2 FEKETE a t\u00f6k\u00e9letes v\u00e1laszt\u00e1s. A funkcionalit\u00e1s, tart\u00f3ss\u00e1g \u00e9s eleg\u00e1ns, modern design kombin\u00e1ci\u00f3j\u00e1val ez a r\u00f6gz\u00edtett peng\u00e9s k\u00e9s n\u00e9lk\u00fcl\u00f6zhetetlen v\u00e1laszt\u00e1s azok sz\u00e1m\u00e1ra, akik sokoldal\u00fa \u00e9s megb\u00edzhat\u00f3 v\u00e1g\u00f3eszk\u00f6zt keresnek.<\/p>\n","protected":false},"excerpt":{"rendered":"<p>Manly PATRIOT D2 FEKETE: Mindennapos r\u00f6gz\u00edtett peng\u00e9s k\u00e9s, 21cm \u00f6sszesen, 9,1cm D2 ac\u00e9l penge, 126g, G10 markolat.<\/p>\n","protected":false},"featured_media":681705,"template":"","meta":{"_acf_changed":false},"product_brand":[15083],"product_cat":[2876],"product_tag":[],"class_list":{"0":"post-681533","1":"product","2":"type-product","3":"status-publish","4":"has-post-thumbnail","6":"product_brand-manly-knives","7":"product_cat-rahohvatki","9":"first","10":"instock","11":"taxable","12":"shipping-taxable","13":"purchasable","14":"product-type-simple"},"acf":[],"_links":{"self":[{"href":"https:\/\/nbg.eu\/hu\/wp-json\/wp\/v2\/product\/681533","targetHints":{"allow":["GET"]}}],"collection":[{"href":"https:\/\/nbg.eu\/hu\/wp-json\/wp\/v2\/product"}],"about":[{"href":"https:\/\/nbg.eu\/hu\/wp-json\/wp\/v2\/types\/product"}],"wp:featuredmedia":[{"embeddable":true,"href":"https:\/\/nbg.eu\/hu\/wp-json\/wp\/v2\/media\/681705"}],"wp:attachment":[{"href":"https:\/\/nbg.eu\/hu\/wp-json\/wp\/v2\/media?parent=681533"}],"wp:term":[{"taxonomy":"product_brand","embeddable":true,"href":"https:\/\/nbg.eu\/hu\/wp-json\/wp\/v2\/product_brand?post=681533"},{"taxonomy":"product_cat","embeddable":true,"href":"https:\/\/nbg.eu\/hu\/wp-json\/wp\/v2\/product_cat?post=681533"},{"taxonomy":"product_tag","embeddable":true,"href":"https:\/\/nbg.eu\/hu\/wp-json\/wp\/v2\/product_tag?post=681533"}],"curies":[{"name":"wp","href":"https:\/\/api.w.org\/{rel}","templated":true}]}}