{"id":681790,"date":"2025-12-17T15:55:16","date_gmt":"2025-12-17T12:55:16","guid":{"rendered":"https:\/\/nbg.eu\/product\/manly-city-orange-cpm-s90v\/"},"modified":"2026-01-21T12:29:09","modified_gmt":"2026-01-21T09:29:09","slug":"manly-city-orange-cpm-s90v","status":"publish","type":"product","link":"https:\/\/nbg.eu\/hu\/termek\/manly-city-orange-cpm-s90v\/","title":{"rendered":"Manly City Orange CPM S90V"},"content":{"rendered":"<h2>Manly City CPM S90V- Mindennapi Visel\u00e9s Hajtogathat\u00f3 K\u00e9s<\/h2>\n<p>Ahogy a neve is sugallja, a Manly City CPM S90V egy kiv\u00e9teles mindennapi v\u00e1rosi k\u00e9s. Mag\u00e1ban hordozza a Manly filoz\u00f3fi\u00e1j\u00e1t, mely szerint a felhaszn\u00e1l\u00f3k sz\u00e1m\u00e1ra gondosan kiv\u00e1lasztott pr\u00e9mium anyagokat k\u00edn\u00e1l \u00e9sszer\u0171 \u00e1ron. A teljes lapos penge CPM S90V ac\u00e9lb\u00f3l k\u00e9sz\u00fclt, 60-62 HRC Rockwell kem\u00e9nys\u00e9ggel, ami kiv\u00e9teles \u00e9lettartamot \u00e9s korr\u00f3zi\u00f3\u00e1ll\u00f3s\u00e1got biztos\u00edt.<\/p>\n<p>K\u00e9tkezes haszn\u00e1latra tervezt\u00e9k, ez a modell ford\u00edthat\u00f3 zsebbet\u00e9t \u00e9s kett\u0151s csapos poz\u00edci\u00f3 funkci\u00f3val rendelkezik, \u00edgy mind a bal- \u00e9s jobbkezes felhaszn\u00e1l\u00f3k sz\u00e1m\u00e1ra alkalmas. A G10 foganty\u00fa biztos \u00e9s k\u00e9nyelmes fog\u00e1st ny\u00fajt, m\u00edg az egykezes nyit\u00e1s \u00e9s a z\u00e1r\u00f3szerkezet megb\u00edzhat\u00f3 m\u0171k\u00f6d\u00e9st garant\u00e1l.<\/p>\n<p>\u00d6sszesen 17,7 cm hossz\u00fas\u00e1ggal \u00e9s 7,0 cm-es peng\u00e9vel a Manly City CPM S90V egy sokoldal\u00fa, mindennapi visel\u00e9sre sz\u00e1nt k\u00e9s, amely egyes\u00edti a pr\u00e9mium anyagokat, a kiv\u00e9teles teljes\u00edtm\u00e9nyt \u00e9s a felhaszn\u00e1l\u00f3bar\u00e1t funkci\u00f3kat. Mind\u00f6ssze 95 g-os s\u00faly\u00e1val egy k\u00f6nny\u0171 \u00e9s k\u00f6nnyen hordozhat\u00f3 k\u00eds\u00e9r\u0151 a mindennapi feladatokhoz.<\/p>\n","protected":false},"excerpt":{"rendered":"<p>Mindennapi haszn\u00e1latra sz\u00e1nt EDC k\u00e9s. CPM S90V ac\u00e9l penge, G10 markolat, cser\u00e9lhet\u0151 klip, bal- \u00e9s jobbkezes haszn\u00e1latra alkalmas.<\/p>\n","protected":false},"featured_media":682095,"template":"","meta":{"_acf_changed":false},"product_brand":[15083],"product_cat":[12952],"product_tag":[],"class_list":{"0":"post-681790","1":"product","2":"type-product","3":"status-publish","4":"has-post-thumbnail","6":"product_brand-manly-knives","7":"product_cat-edc","9":"first","10":"instock","11":"taxable","12":"shipping-taxable","13":"purchasable","14":"product-type-simple"},"acf":[],"_links":{"self":[{"href":"https:\/\/nbg.eu\/hu\/wp-json\/wp\/v2\/product\/681790","targetHints":{"allow":["GET"]}}],"collection":[{"href":"https:\/\/nbg.eu\/hu\/wp-json\/wp\/v2\/product"}],"about":[{"href":"https:\/\/nbg.eu\/hu\/wp-json\/wp\/v2\/types\/product"}],"wp:featuredmedia":[{"embeddable":true,"href":"https:\/\/nbg.eu\/hu\/wp-json\/wp\/v2\/media\/682095"}],"wp:attachment":[{"href":"https:\/\/nbg.eu\/hu\/wp-json\/wp\/v2\/media?parent=681790"}],"wp:term":[{"taxonomy":"product_brand","embeddable":true,"href":"https:\/\/nbg.eu\/hu\/wp-json\/wp\/v2\/product_brand?post=681790"},{"taxonomy":"product_cat","embeddable":true,"href":"https:\/\/nbg.eu\/hu\/wp-json\/wp\/v2\/product_cat?post=681790"},{"taxonomy":"product_tag","embeddable":true,"href":"https:\/\/nbg.eu\/hu\/wp-json\/wp\/v2\/product_tag?post=681790"}],"curies":[{"name":"wp","href":"https:\/\/api.w.org\/{rel}","templated":true}]}}