{"id":682130,"date":"2026-01-08T18:13:52","date_gmt":"2026-01-08T15:13:52","guid":{"rendered":"https:\/\/nbg.eu\/product\/manly-varosi-katonai-14c28n\/"},"modified":"2026-01-21T11:41:31","modified_gmt":"2026-01-21T08:41:31","slug":"manly-varosi-katonai-14c28n","status":"publish","type":"product","link":"https:\/\/nbg.eu\/hu\/termek\/manly-varosi-katonai-14c28n\/","title":{"rendered":"Manly v\u00e1rosi katonai 14C28N"},"content":{"rendered":"<h2>Manly City Military 14C28N: A Mindennapi K\u00e9s<\/h2>\n<p>A Manly City Military 14C28N egy kiv\u00e1l\u00f3 mindennapi v\u00e1rosi k\u00e9s, amely filoz\u00f3fi\u00e1nk szerint gondosan kiv\u00e1lasztott els\u0151dleges anyagokat k\u00edn\u00e1l \u00e9sszer\u0171 \u00e1ron. Sandvik 14C28N ac\u00e9lb\u00f3l k\u00e9sz\u00fclt, teljes s\u00edk penge, \u00e9s ez a modell a sokoldal\u00fas\u00e1gra \u00e9s k\u00e9nyelemre lett tervezve.<\/p>\n<p>Ford\u00edthat\u00f3 csipesszel \u00e9s k\u00e9tf\u00e9le csavat\u00f6rzs-poz\u00edci\u00f3val rendelkezik, \u00edgy a Manly City Military 14C28N egyar\u00e1nt alkalmas bal- \u00e9s jobbkezes haszn\u00e1latra, biztos\u00edtva a k\u00e9nyelmes \u00e9s testreszabhat\u00f3 fog\u00e1st. A G10 markolati anyag biztons\u00e1gos \u00e9s tart\u00f3s fog\u00e1st ny\u00fajt, m\u00edg az egykezes nyit\u00e1s \u00e9s a z\u00e1r\u00f3kar sima \u00e9s megb\u00edzhat\u00f3 m\u0171k\u00f6d\u00e9st tesz lehet\u0151v\u00e9.<\/p>\n<p>M\u0171szaki adatok:<\/p>\n<ul>\n<li>Modell: CITY 14C28N Military Green Flat Handle<\/li>\n<li>T\u00edpus: \u00d6sszecsukhat\u00f3 k\u00e9s<\/li>\n<li>Teljes hossz: 17,7 cm<\/li>\n<li>Peng\u00e9hossz: 7,0 cm<\/li>\n<li>\u00d6sszehajtott hossz: 10,5 cm<\/li>\n<li>Penge vastags\u00e1ga: 2,7 mm<\/li>\n<li>S\u00faly: 95 g<\/li>\n<li>Pengemateri\u00e1l: 14C28N<\/li>\n<li>Markolatanyag: G10<\/li>\n<li>Nyit\u00e1s: H\u00fcvelykujj-f\u00fcggel\u00e9k<\/li>\n<li>Nyit\u00e1s: Egykezes<\/li>\n<li>Z\u00e1r\u00f3rendszer: Z\u00e1r\u00f3kar<\/li>\n<\/ul>\n","protected":false},"excerpt":{"rendered":"<p>A Manly City Military 14C28N egy kiv\u00e9teles, mindennapi v\u00e1rosi k\u00e9s, amelyet Sandvik 14C28N ac\u00e9lb\u00f3l \u00e9s G10 markolatb\u00f3l k\u00e9sz\u00edtettek, bal \u00e9s jobbkezes haszn\u00e1latra egyar\u00e1nt alkalmas.<\/p>\n","protected":false},"featured_media":682241,"template":"","meta":{"_acf_changed":false},"product_brand":[15083],"product_cat":[12952],"product_tag":[],"class_list":{"0":"post-682130","1":"product","2":"type-product","3":"status-publish","4":"has-post-thumbnail","6":"product_brand-manly-knives","7":"product_cat-edc","9":"first","10":"instock","11":"taxable","12":"shipping-taxable","13":"purchasable","14":"product-type-simple"},"acf":[],"_links":{"self":[{"href":"https:\/\/nbg.eu\/hu\/wp-json\/wp\/v2\/product\/682130","targetHints":{"allow":["GET"]}}],"collection":[{"href":"https:\/\/nbg.eu\/hu\/wp-json\/wp\/v2\/product"}],"about":[{"href":"https:\/\/nbg.eu\/hu\/wp-json\/wp\/v2\/types\/product"}],"wp:featuredmedia":[{"embeddable":true,"href":"https:\/\/nbg.eu\/hu\/wp-json\/wp\/v2\/media\/682241"}],"wp:attachment":[{"href":"https:\/\/nbg.eu\/hu\/wp-json\/wp\/v2\/media?parent=682130"}],"wp:term":[{"taxonomy":"product_brand","embeddable":true,"href":"https:\/\/nbg.eu\/hu\/wp-json\/wp\/v2\/product_brand?post=682130"},{"taxonomy":"product_cat","embeddable":true,"href":"https:\/\/nbg.eu\/hu\/wp-json\/wp\/v2\/product_cat?post=682130"},{"taxonomy":"product_tag","embeddable":true,"href":"https:\/\/nbg.eu\/hu\/wp-json\/wp\/v2\/product_tag?post=682130"}],"curies":[{"name":"wp","href":"https:\/\/api.w.org\/{rel}","templated":true}]}}