{"id":682353,"date":"2026-01-09T22:09:00","date_gmt":"2026-01-09T19:09:00","guid":{"rendered":"https:\/\/nbg.eu\/product\/manly-city-g10-fekete-s90v\/"},"modified":"2026-01-21T12:28:45","modified_gmt":"2026-01-21T09:28:45","slug":"manly-city-g10-fekete-s90v","status":"publish","type":"product","link":"https:\/\/nbg.eu\/hu\/termek\/manly-city-g10-fekete-s90v\/","title":{"rendered":"Manly City G10 Fekete S90V"},"content":{"rendered":"<h2>Manly City G10 Fekete S90V: Kiv\u00e9teles Mindennapi Hordozhat\u00f3 K\u00e9s<\/h2>\n<p>Nev\u00e9hez h\u00edven, a Manly City G10 Fekete S90V egy kiv\u00e9teles mindennapi v\u00e1rosi k\u00e9s. Gondosan kiv\u00e1lasztott pr\u00e9mium anyagokkal \u00e9s m\u00e9lt\u00e1nyos \u00e1ron k\u00e9sz\u00fclt, \u00f6sszhangban filoz\u00f3fi\u00e1nkkal. Ez a zsebk\u00e9s egy CPM S90V ac\u00e9lb\u00f3l k\u00e9sz\u00fclt, teljesen lapos peng\u00e9vel rendelkezik, amely 60-62 HRC kem\u00e9nys\u00e9g\u0171. Mindk\u00e9t k\u00e9zre alkalmas, mivel forgathat\u00f3 zsebes\u0151 \u00e9s dupla r\u00f6gz\u00edt\u00e9si pont tal\u00e1lhat\u00f3 rajta.<\/p>\n<p>Teljes hossza 17,7 cm, a penge hossza 7,0 cm, m\u00edg \u00f6sszehajtva 10,5 cm hossz\u00fa. A penge 2,7 mm vastag \u00e9s mind\u00f6ssze 95 g-ot nyom. A markolat tart\u00f3s 3D G10 anyagb\u00f3l k\u00e9sz\u00fclt, \u00e9s egykezes m\u0171velettel nyithat\u00f3 egy ujjvez\u00e9rl\u0151 seg\u00edts\u00e9g\u00e9vel. A stabil reteszel\u0151 mechanizmus biztos\u00edtja a penge biztons\u00e1gos \u00e9s megb\u00edzhat\u00f3 haszn\u00e1lat\u00e1t.<\/p>\n<p>Eleg\u00e1ns fekete sz\u00ednben el\u00e9rhet\u0151 a Manly City G10 Fekete S90V, amely a t\u00f6k\u00e9letes mindennapi hordozhat\u00f3 t\u00e1rsa, pr\u00e9mium teljes\u00edtm\u00e9nyt \u00e9s min\u0151s\u00e9gi kivitelez\u00e9st k\u00edn\u00e1l hozz\u00e1f\u00e9rhet\u0151 \u00e1ron.<\/p>\n","protected":false},"excerpt":{"rendered":"<p>Kiv\u00e9teles mindennapos v\u00e1rosi k\u00e9s CPM S90V peng\u00e9vel, 3D G10 markolattal \u00e9s ford\u00edthat\u00f3 cs\u00edptet\u0151vel.<\/p>\n","protected":false},"featured_media":682542,"template":"","meta":{"_acf_changed":false},"product_brand":[15083],"product_cat":[12952,15375,15350],"product_tag":[],"class_list":{"0":"post-682353","1":"product","2":"type-product","3":"status-publish","4":"has-post-thumbnail","6":"product_brand-manly-knives","7":"product_cat-edc","8":"product_cat-folding-knives-hu","9":"product_cat-knives-hu","11":"first","12":"outofstock","13":"taxable","14":"shipping-taxable","15":"purchasable","16":"product-type-simple"},"acf":[],"_links":{"self":[{"href":"https:\/\/nbg.eu\/hu\/wp-json\/wp\/v2\/product\/682353","targetHints":{"allow":["GET"]}}],"collection":[{"href":"https:\/\/nbg.eu\/hu\/wp-json\/wp\/v2\/product"}],"about":[{"href":"https:\/\/nbg.eu\/hu\/wp-json\/wp\/v2\/types\/product"}],"wp:featuredmedia":[{"embeddable":true,"href":"https:\/\/nbg.eu\/hu\/wp-json\/wp\/v2\/media\/682542"}],"wp:attachment":[{"href":"https:\/\/nbg.eu\/hu\/wp-json\/wp\/v2\/media?parent=682353"}],"wp:term":[{"taxonomy":"product_brand","embeddable":true,"href":"https:\/\/nbg.eu\/hu\/wp-json\/wp\/v2\/product_brand?post=682353"},{"taxonomy":"product_cat","embeddable":true,"href":"https:\/\/nbg.eu\/hu\/wp-json\/wp\/v2\/product_cat?post=682353"},{"taxonomy":"product_tag","embeddable":true,"href":"https:\/\/nbg.eu\/hu\/wp-json\/wp\/v2\/product_tag?post=682353"}],"curies":[{"name":"wp","href":"https:\/\/api.w.org\/{rel}","templated":true}]}}