{"id":682605,"date":"2026-01-09T22:08:59","date_gmt":"2026-01-09T19:08:59","guid":{"rendered":"https:\/\/nbg.eu\/product\/ferfias-varos-fekete-14c28n\/"},"modified":"2026-01-21T12:29:38","modified_gmt":"2026-01-21T09:29:38","slug":"ferfias-varos-fekete-14c28n","status":"publish","type":"product","link":"https:\/\/nbg.eu\/hu\/termek\/ferfias-varos-fekete-14c28n\/","title":{"rendered":"F\u00e9rfias V\u00e1ros Fekete 14C28N"},"content":{"rendered":"<h2>Manly City Black 14C28N: Kiv\u00e9teles mindennapi v\u00e1rosi k\u00e9s<\/h2>\n<p>A Manly City Black 14C28N egy kiv\u00e9teles mindennapi v\u00e1rosi k\u00e9s, amely t\u00fckr\u00f6zi filoz\u00f3fi\u00e1nkat, mely szerint gondosan kiv\u00e1lasztott, els\u0151dleges alapanyagokat k\u00edn\u00e1lunk m\u00e9lt\u00e1nyos \u00e1ron. Egy egyenes, lapos, tart\u00f3s Sandvik 14C28N ac\u00e9lb\u00f3l k\u00e9sz\u00fclt peng\u00e9vel rendelkezik, ez a \u00f6sszecsukhat\u00f3 k\u00e9s megb\u00edzhat\u00f3 seg\u00edt\u0151t\u00e1rsk\u00e9nt szolg\u00e1l a h\u00e9tk\u00f6znapi feladatok sor\u00e1n.<\/p>\n<p>\u00d6sszesen 17,7 cm hossz\u00fas\u00e1g\u00e1val \u00e9s 7,0 cm-es peng\u00e9vel a Manly City Black 14C28N egy kompakt \u00e9s sokoldal\u00fa eszk\u00f6z. \u00d6sszehajtva 10,5 cm-es, \u00edgy k\u00f6nnyen hordozhat\u00f3 \u00e9s t\u00e1rolhat\u00f3. A 2,7 mm-es peng\u00e9vastags\u00e1g \u00e9s a 95 g-os \u00f6sszs\u00faly egy kiegyens\u00falyozott \u00e9s k\u00e9nyelmes haszn\u00e1lati \u00e9lm\u00e9nyt biztos\u00edt.<\/p>\n<p>Ennek a k\u00e9snek az egyik kiemelked\u0151 jellemz\u0151je a cser\u00e9lhet\u0151 clip, amely mind a bal, mind a jobb kezes haszn\u00e1l\u00f3k sz\u00e1m\u00e1ra megfelel\u0151. A markolat G10 anyagb\u00f3l k\u00e9sz\u00fclt, ami stabil \u00e9s cs\u00fasz\u00e1smentes fog\u00e1st biztos\u00edt, ak\u00e1r nedves vagy ig\u00e9nyes k\u00f6r\u00fclm\u00e9nyek k\u00f6z\u00f6tt is.<\/p>\n<p>K\u00e9tkezes nyit\u00e1si mechanizmussal \u00e9s megb\u00edzhat\u00f3 z\u00e1r\u00f3mechanizmussal rendelkezik, a Manly City Black 14C28N biztons\u00e1gos \u00e9s stabil m\u0171k\u00f6d\u00e9st k\u00edn\u00e1l, garant\u00e1lva, hogy v\u00e1g\u00e1si feladatait magabiztosan \u00e9s pontosan v\u00e9gezhesse. A eleg\u00e1ns, fekete sz\u00ednvil\u00e1g a k\u00e9s modern \u00e9s kifinomult megjelen\u00e9s\u00e9hez j\u00e1rul hozz\u00e1, ami vonz\u00f3 v\u00e1laszt\u00e1s a mindennapi visel\u00e9shez.<\/p>\n","protected":false},"excerpt":{"rendered":"<p>A Manly City Black 14C28N egy kiv\u00e9teles h\u00e9tk\u00f6znapi v\u00e1rosi k\u00e9s, amely teljes lapos Sandvik 14C28N ac\u00e9lpeng\u00e9vel \u00e9s ford\u00edthat\u00f3 klipsszel rendelkezik, amely bal- vagy jobbkezes haszn\u00e1latra alkalmas.<\/p>\n","protected":false},"featured_media":682891,"template":"","meta":{"_acf_changed":false},"product_brand":[15083],"product_cat":[12952,15375,15350],"product_tag":[],"class_list":{"0":"post-682605","1":"product","2":"type-product","3":"status-publish","4":"has-post-thumbnail","6":"product_brand-manly-knives","7":"product_cat-edc","8":"product_cat-folding-knives-hu","9":"product_cat-knives-hu","11":"first","12":"instock","13":"taxable","14":"shipping-taxable","15":"purchasable","16":"product-type-simple"},"acf":[],"_links":{"self":[{"href":"https:\/\/nbg.eu\/hu\/wp-json\/wp\/v2\/product\/682605","targetHints":{"allow":["GET"]}}],"collection":[{"href":"https:\/\/nbg.eu\/hu\/wp-json\/wp\/v2\/product"}],"about":[{"href":"https:\/\/nbg.eu\/hu\/wp-json\/wp\/v2\/types\/product"}],"wp:featuredmedia":[{"embeddable":true,"href":"https:\/\/nbg.eu\/hu\/wp-json\/wp\/v2\/media\/682891"}],"wp:attachment":[{"href":"https:\/\/nbg.eu\/hu\/wp-json\/wp\/v2\/media?parent=682605"}],"wp:term":[{"taxonomy":"product_brand","embeddable":true,"href":"https:\/\/nbg.eu\/hu\/wp-json\/wp\/v2\/product_brand?post=682605"},{"taxonomy":"product_cat","embeddable":true,"href":"https:\/\/nbg.eu\/hu\/wp-json\/wp\/v2\/product_cat?post=682605"},{"taxonomy":"product_tag","embeddable":true,"href":"https:\/\/nbg.eu\/hu\/wp-json\/wp\/v2\/product_tag?post=682605"}],"curies":[{"name":"wp","href":"https:\/\/api.w.org\/{rel}","templated":true}]}}