{"id":682908,"date":"2026-01-08T18:15:12","date_gmt":"2026-01-08T15:15:12","guid":{"rendered":"https:\/\/nbg.eu\/product\/ferfias-blaze-walnut-wood-rwl-34\/"},"modified":"2026-01-21T12:28:45","modified_gmt":"2026-01-21T09:28:45","slug":"ferfias-blaze-walnut-wood-rwl-34","status":"publish","type":"product","link":"https:\/\/nbg.eu\/hu\/termek\/ferfias-blaze-walnut-wood-rwl-34\/","title":{"rendered":"F\u00e9rfias Blaze Walnut Wood RWL-34"},"content":{"rendered":"<h2>Blaze RWL-34 Walnut: Az ide\u00e1lis boz\u00f3tv\u00e1g\u00f3 k\u00e9s<\/h2>\n<p>R\u00f6gz\u00edtett penge \u00e9s teljes ny\u00e9l kialak\u00edt\u00e1s\u00e1val a Blaze RWL-34 Walnut a megb\u00edzhat\u00f3 teljes\u00edtm\u00e9ny ide\u00e1lis v\u00e1laszt\u00e1sa a szabadban. Prec\u00edz kialak\u00edt\u00e1ssal \u00e9s r\u00e9szletekre figyelve k\u00e9sz\u00fclt, ez a k\u00e9s a t\u00f6k\u00e9letes t\u00e1rsad kempingez\u00e9shez, hal\u00e1szathoz vagy hegym\u00e1sz\u00e1shoz.<\/p>\n<p>A nyele bolg\u00e1r di\u00f3b\u00f3l k\u00e9sz\u00fclt, k\u00e9nyelmes \u00e9s biztos fog\u00e1st ny\u00fajt, m\u00e9g a legrosszabb k\u00f6r\u00fclm\u00e9nyek k\u00f6z\u00f6tt is. Legyen sz\u00f3 s\u0171r\u0171 n\u00f6v\u00e9nyzet \u00e1tv\u00e1g\u00e1s\u00e1r\u00f3l, zs\u00e1km\u00e1ny el\u0151k\u00e9sz\u00edt\u00e9s\u00e9r\u0151l vagy alapvet\u0151 t\u00fal\u00e9l\u00e9si feladatokr\u00f3l, a Blaze RWL-34 Walnut meg\u00e1llja a hely\u00e9t.<\/p>\n<p>A 4 mm vastag, pr\u00e9mium RWL-34 ac\u00e9lb\u00f3l k\u00e9sz\u00fclt penge 62 HRC \u00e9lkem\u00e9nys\u00e9ggel rendelkezik, ami kiv\u00e9teles tart\u00f3ss\u00e1got \u00e9s \u00e9ltart\u00f3ss\u00e1got biztos\u00edt. \u00d6sszesen 24,5 cm hossz\u00fas\u00e1ggal \u00e9s 11,9 cm-es peng\u00e9vel a Blaze RWL-34 Walnut a m\u00e9ret \u00e9s a kezelhet\u0151s\u00e9g t\u00f6k\u00e9letes egyens\u00faly\u00e1t k\u00edn\u00e1lja.<\/p>\n<p>Mind\u00f6ssze 210 gramm s\u00faly\u00e1val ez a k\u00e9s k\u00f6nnyen hordozhat\u00f3, \u00e9s nem fog leterhelni, \u00edgy a t\u00f6k\u00e9letes t\u00e1rsad lehet a szabadt\u00e9ri kalandokhoz. A mell\u00e9kelt b\u0151r h\u00fcvely tov\u00e1bbi v\u00e9delmet \u00e9s k\u00e9nyelmet biztos\u00edt, lehet\u0151v\u00e9 t\u00e9ve, hogy a Blaze RWL-34 Walnut mindig k\u00e9zn\u00e9l legyen.<\/p>\n","protected":false},"excerpt":{"rendered":"<p>Blaze RWL-34 di\u00f3fa &#8211; a t\u00f6k\u00e9letes Bushcraft k\u00e9s di\u00f3fa markolattal \u00e9s 62 HRC peng\u00e9vel.<\/p>\n","protected":false},"featured_media":683190,"template":"","meta":{"_acf_changed":false},"product_brand":[15083],"product_cat":[15350],"product_tag":[],"class_list":{"0":"post-682908","1":"product","2":"type-product","3":"status-publish","4":"has-post-thumbnail","6":"product_brand-manly-knives","7":"product_cat-knives-hu","9":"first","10":"instock","11":"taxable","12":"shipping-taxable","13":"purchasable","14":"product-type-simple"},"acf":[],"_links":{"self":[{"href":"https:\/\/nbg.eu\/hu\/wp-json\/wp\/v2\/product\/682908","targetHints":{"allow":["GET"]}}],"collection":[{"href":"https:\/\/nbg.eu\/hu\/wp-json\/wp\/v2\/product"}],"about":[{"href":"https:\/\/nbg.eu\/hu\/wp-json\/wp\/v2\/types\/product"}],"wp:featuredmedia":[{"embeddable":true,"href":"https:\/\/nbg.eu\/hu\/wp-json\/wp\/v2\/media\/683190"}],"wp:attachment":[{"href":"https:\/\/nbg.eu\/hu\/wp-json\/wp\/v2\/media?parent=682908"}],"wp:term":[{"taxonomy":"product_brand","embeddable":true,"href":"https:\/\/nbg.eu\/hu\/wp-json\/wp\/v2\/product_brand?post=682908"},{"taxonomy":"product_cat","embeddable":true,"href":"https:\/\/nbg.eu\/hu\/wp-json\/wp\/v2\/product_cat?post=682908"},{"taxonomy":"product_tag","embeddable":true,"href":"https:\/\/nbg.eu\/hu\/wp-json\/wp\/v2\/product_tag?post=682908"}],"curies":[{"name":"wp","href":"https:\/\/api.w.org\/{rel}","templated":true}]}}