{"id":683282,"date":"2025-12-17T17:30:35","date_gmt":"2025-12-17T14:30:35","guid":{"rendered":"https:\/\/nbg.eu\/product\/manly-blaze-black-g10-rwl-34\/"},"modified":"2026-01-21T11:41:30","modified_gmt":"2026-01-21T08:41:30","slug":"manly-blaze-black-g10-rwl-34","status":"publish","type":"product","link":"https:\/\/nbg.eu\/hu\/termek\/manly-blaze-black-g10-rwl-34\/","title":{"rendered":"Manly Blaze Black G10 RWL-34"},"content":{"rendered":"<h2>Manly Blaze Fekete G10 RWL-34 &#8211; Az Ultim Boz\u00f3tv\u00e1g\u00f3 K\u00e9s<\/h2>\n<p>A Blaze RWL-34 Fekete a t\u00f6k\u00e9letes Boz\u00f3tv\u00e1g\u00f3 k\u00e9s. R\u00f6gz\u00edtett peng\u00e9vel \u00e9s teljes peng\u00e9s kialak\u00edt\u00e1ssal + kiv\u00e1l\u00f3 RWL-34 por ac\u00e9l, e k\u00e9s tart\u00f3ss\u00e1ga garant\u00e1lt. A markolat korr\u00f3zi\u00f3t\u00e1ll\u00f3 fekete G10 anyagb\u00f3l k\u00e9sz\u00fclt. A k\u00e9s k\u00f6nnyen kih\u00fazhat\u00f3 a kydex h\u00fcvelyb\u0151l egy k\u00e9zmozdulat seg\u00edts\u00e9g\u00e9vel, a csiptet pedig v\u00edzszintesen vagy f\u00fcgg\u0151legesen lehet r\u00f6gz\u00edteni.<\/p>\n<p>Ha a hegyekben, kempingez\u00e9s vagy horg\u00e1szat sor\u00e1n megb\u00edzhat\u00f3 k\u00e9s kell, a Blaze a v\u00e1laszt\u00e1s.<\/p>\n<h2>M\u0171szaki Specifik\u00e1ci\u00f3k<\/h2>\n<p>N\u00e9v: Blaze \u2013 RWL-34 Fekete<br \/>\nT\u00edpus: R\u00f6gz\u00edtett penge<br \/>\nTeljes hossz: 24.5 cm<br \/>\nPenge hossz: 11.9 cm<br \/>\nPenge vastags\u00e1g: 4 mm<br \/>\nV\u00e1g\u00f3\u00e9l kem\u00e9nys\u00e9g: 62 hrc<br \/>\nT\u00f6meg: 210g<br \/>\nPenge anyaga: RWL-34<br \/>\nMarkolat anyaga: G10<br \/>\nH\u00fcvely anyaga: Kydex<\/p>\n","protected":false},"excerpt":{"rendered":"<p>Blaze RWL-34 Fekete: a t\u00f6k\u00e9letes Bushcraft k\u00e9s fix peng\u00e9vel, teljes foglal\u00e1ssal \u00e9s RWL-34 porf\u00e9mb\u0151l k\u00e9sz\u00fclt peng\u00e9vel.<\/p>\n","protected":false},"featured_media":683327,"template":"","meta":{"_acf_changed":false},"product_brand":[15083],"product_cat":[2876],"product_tag":[],"class_list":{"0":"post-683282","1":"product","2":"type-product","3":"status-publish","4":"has-post-thumbnail","6":"product_brand-manly-knives","7":"product_cat-rahohvatki","9":"first","10":"instock","11":"taxable","12":"shipping-taxable","13":"purchasable","14":"product-type-simple"},"acf":[],"_links":{"self":[{"href":"https:\/\/nbg.eu\/hu\/wp-json\/wp\/v2\/product\/683282","targetHints":{"allow":["GET"]}}],"collection":[{"href":"https:\/\/nbg.eu\/hu\/wp-json\/wp\/v2\/product"}],"about":[{"href":"https:\/\/nbg.eu\/hu\/wp-json\/wp\/v2\/types\/product"}],"wp:featuredmedia":[{"embeddable":true,"href":"https:\/\/nbg.eu\/hu\/wp-json\/wp\/v2\/media\/683327"}],"wp:attachment":[{"href":"https:\/\/nbg.eu\/hu\/wp-json\/wp\/v2\/media?parent=683282"}],"wp:term":[{"taxonomy":"product_brand","embeddable":true,"href":"https:\/\/nbg.eu\/hu\/wp-json\/wp\/v2\/product_brand?post=683282"},{"taxonomy":"product_cat","embeddable":true,"href":"https:\/\/nbg.eu\/hu\/wp-json\/wp\/v2\/product_cat?post=683282"},{"taxonomy":"product_tag","embeddable":true,"href":"https:\/\/nbg.eu\/hu\/wp-json\/wp\/v2\/product_tag?post=683282"}],"curies":[{"name":"wp","href":"https:\/\/api.w.org\/{rel}","templated":true}]}}