{"id":683353,"date":"2025-12-17T17:40:13","date_gmt":"2025-12-17T14:40:13","guid":{"rendered":"https:\/\/nbg.eu\/product\/ferfias-fekete-tuz-g10-d2\/"},"modified":"2026-01-21T11:39:01","modified_gmt":"2026-01-21T08:39:01","slug":"ferfias-fekete-tuz-g10-d2","status":"publish","type":"product","link":"https:\/\/nbg.eu\/hu\/termek\/ferfias-fekete-tuz-g10-d2\/","title":{"rendered":"F\u00e9rfias Fekete T\u0171z G10 D2"},"content":{"rendered":"<h2>Blaze D2 Fekete: a megb\u00edzhat\u00f3 t\u00far\u00e1z\u00f3k\u00e9s k\u00fclt\u00e9ri kalandokhoz<\/h2>\n<p>A Blaze D2 Fekete a t\u00f6k\u00e9letes t\u00far\u00e1z\u00f3k\u00e9s, k\u00fclt\u00e9ri haszn\u00e1latra tervezve. R\u00f6gz\u00edtett peng\u00e9vel \u00e9s teljes testhossz kialak\u00edt\u00e1ssal, ez a k\u00e9s kiemelked\u0151 stabilit\u00e1st \u00e9s tart\u00f3ss\u00e1got k\u00edn\u00e1l, biztos\u00edtva, hogy a legkem\u00e9nyebb feladatokat is ell\u00e1ssa. A text\u00far\u00e1s fekete G10 markolat korr\u00f3zi\u00f3\u00e1ll\u00f3, biztos fog\u00e1st ny\u00fajtva m\u00e9g nedves k\u00f6r\u00fclm\u00e9nyek k\u00f6z\u00f6tt is.<\/p>\n<p>A Blaze egy k\u00e9zzel k\u00f6nnyen elt\u00e1vol\u00edthat\u00f3 a Kydex h\u00fcvelyb\u0151l, lehet\u0151v\u00e9 t\u00e9ve a gyors hozz\u00e1f\u00e9r\u00e9st, amikor arra a legink\u00e1bb sz\u00fcks\u00e9g van. A v\u00e1ltoztathat\u00f3 \u00f6vcsatlakoz\u00f3 v\u00edzszintesen vagy f\u00fcgg\u0151legesen helyezhet\u0151 el, megk\u00f6nny\u00edtve a hordoz\u00e1st kalandoz\u00e1said sor\u00e1n.<\/p>\n<p>Legyen sz\u00f3 vadon okozta kih\u00edv\u00e1sok lek\u00fczd\u00e9s\u00e9r\u0151l, kempingr\u0151l vagy horg\u00e1szatr\u00f3l, a Blaze D2 Fekete a megb\u00edzhat\u00f3 t\u00e1rsad, amire sz\u00e1m\u00edthatsz. Prec\u00edz kivitelez\u00e9ssel, ez a k\u00e9s 61HRC \u00e9lkem\u00e9nys\u00e9ggel rendelkezik, biztos\u00edtva, hogy k\u00f6nnyed\u00e9n megbirk\u00f3zzon a legv\u00e1ltozatosabb feladatokkal is. 1.2379 (D2) pengemat\u00e9ri\u00e1llal \u00e9s er\u0151s szerkezettel, a Blaze D2 Fekete tart\u00f3ss\u00e1gra van tervezve, elengedhetetlen eszk\u00f6ze b\u00e1rmely term\u00e9szetj\u00e1r\u00f3 rajong\u00f3nak.<\/p>\n","protected":false},"excerpt":{"rendered":"<p>Blaze D2 Fekete &#8211; a t\u00f6k\u00e9letes Bushcraft k\u00e9s. Textur\u00e1lt G10 foganty\u00fa, D2 ac\u00e9l penge, Kydex tok.<\/p>\n","protected":false},"featured_media":683386,"template":"","meta":{"_acf_changed":false},"product_brand":[15083],"product_cat":[2876],"product_tag":[],"class_list":{"0":"post-683353","1":"product","2":"type-product","3":"status-publish","4":"has-post-thumbnail","6":"product_brand-manly-knives","7":"product_cat-rahohvatki","9":"first","10":"instock","11":"taxable","12":"shipping-taxable","13":"purchasable","14":"product-type-simple"},"acf":[],"_links":{"self":[{"href":"https:\/\/nbg.eu\/hu\/wp-json\/wp\/v2\/product\/683353","targetHints":{"allow":["GET"]}}],"collection":[{"href":"https:\/\/nbg.eu\/hu\/wp-json\/wp\/v2\/product"}],"about":[{"href":"https:\/\/nbg.eu\/hu\/wp-json\/wp\/v2\/types\/product"}],"wp:featuredmedia":[{"embeddable":true,"href":"https:\/\/nbg.eu\/hu\/wp-json\/wp\/v2\/media\/683386"}],"wp:attachment":[{"href":"https:\/\/nbg.eu\/hu\/wp-json\/wp\/v2\/media?parent=683353"}],"wp:term":[{"taxonomy":"product_brand","embeddable":true,"href":"https:\/\/nbg.eu\/hu\/wp-json\/wp\/v2\/product_brand?post=683353"},{"taxonomy":"product_cat","embeddable":true,"href":"https:\/\/nbg.eu\/hu\/wp-json\/wp\/v2\/product_cat?post=683353"},{"taxonomy":"product_tag","embeddable":true,"href":"https:\/\/nbg.eu\/hu\/wp-json\/wp\/v2\/product_tag?post=683353"}],"curies":[{"name":"wp","href":"https:\/\/api.w.org\/{rel}","templated":true}]}}