{"id":683439,"date":"2025-12-17T18:06:26","date_gmt":"2025-12-17T15:06:26","guid":{"rendered":"https:\/\/nbg.eu\/product\/nocpix-m6t25s-hokamera-intelligens-eszlelessel-forro-targyakhoz-gepkocsikhoz\/"},"modified":"2026-01-21T11:45:00","modified_gmt":"2026-01-21T08:45:00","slug":"nocpix-m6t25s-hokamera-intelligens-eszlelessel-forro-targyakhoz-gepkocsikhoz","status":"publish","type":"product","link":"https:\/\/nbg.eu\/hu\/termek\/nocpix-m6t25s-hokamera-intelligens-eszlelessel-forro-targyakhoz-gepkocsikhoz\/","title":{"rendered":"Nocpix M6T25S h\u0151kamera intelligens \u00e9szlel\u00e9ssel forr\u00f3 t\u00e1rgyakhoz g\u00e9pkocsikhoz"},"content":{"rendered":"<h2>Nocpix M6T25S H\u0151kamera J\u00e1rm\u0171h\u00f6z, Intelligens Forr\u00f3objektum-\u00e9rz\u00e9kel\u00e9ssel<\/h2>\n<p>Bemutatjuk a Nocpix MT sorozatot, a Nocpix c\u00e9g \u00e1ltal kifejezetten vad\u00e1szatra tervezett innovat\u00edv d\u00f3mszkenner\u00e9t. Ez az \u00d6n ide\u00e1lis v\u00e1laszt\u00e1sa nemcsak a vad\u00e1szat k\u00f6zbeni vezet\u00e9shez, hanem k\u00fcl\u00f6nf\u00e9le vad\u00e1szati m\u00f3dszerekhez \u00e9s szok\u00e1sokhoz is alkalmazkodik. A legmodernebb MI-modellek \u00e9s nagy teljes\u00edtm\u00e9ny\u0171 sz\u00e1m\u00edt\u00e1si kapacit\u00e1s seg\u00edts\u00e9g\u00e9vel az MT stabil teljes\u00edtm\u00e9nyt ny\u00fajt m\u00e9g vezet\u00e9s k\u00f6zben is, \u00e9s pontos pr\u00e9da-felismer\u00e9st, c\u00e9lz\u00e1st \u00e9s k\u00f6vet\u00e9st k\u00edn\u00e1l, kiv\u00e1l\u00f3 min\u0151s\u00e9g\u0171 k\u00e9peket \u00e9s kiv\u00e9teles vad\u00e1szati \u00e9lm\u00e9nyt biztos\u00edtva.<\/p>\n<h2>Mesters\u00e9ges Intelligencia Teljes\u00edtm\u00e9ny<\/h2>\n<p>A YOLO V5 m\u00e9lytanul\u00e1si modell \u00e9s 2T sz\u00e1m\u00edt\u00e1si teljes\u00edtm\u00e9ny \u00e1ltal meghajtva, ez a rendszer arra lett tervezve, hogy fokozza vad\u00e1szati \u00e9lm\u00e9ny\u00e9t. A hatalmas adathalmazon betan\u00edtott m\u00e9lytanul\u00e1si modell lehet\u0151v\u00e9 teszi a gyors automatikus pr\u00e9da-felismer\u00e9st \u00e9s -k\u00f6vet\u00e9st, pontos hat\u00e1rol\u00f3dobozokkal a c\u00e9ljel\u00f6l\u00e9shez. Ez az eg\u00e9sz vad\u00e1szati folyamatot &#8211; azonos\u00edt\u00e1s, c\u00e9lz\u00e1s \u00e9s k\u00f6vet\u00e9s &#8211; sokkal k\u00f6nnyebb\u00e9 \u00e9s g\u00f6rd\u00fcl\u00e9kenyebb\u00e9 teszi, cs\u00f6kkentve az egyes l\u00e9p\u00e9sek elv\u00e9gz\u00e9s\u00e9hez sz\u00fcks\u00e9ges er\u0151fesz\u00edt\u00e9st.<\/p>\n<h2>Kefementes 360\u00b0-os Panor\u00e1ma N\u00e9zet 90\u00b0-os Billent\u00e9si Tartom\u00e1ny<\/h2>\n<p>Az MT 360 fokos panor\u00e1ma n\u00e9zetet \u00e9s 90 fokos billent\u00e9si tartom\u00e1nyt k\u00edn\u00e1l, teljes lefedetts\u00e9get biztos\u00edtva. Ez gondoskodik a pr\u00e9da teljes, folyamatos k\u00f6vet\u00e9s\u00e9r\u0151l minden vakfolt n\u00e9lk\u00fcl.<\/p>\n<h2>V\u00e9gleges Stabiliz\u00e1l\u00e1s<\/h2>\n<p>A 2 tengelyes stabiliz\u00e1ci\u00f3 lehet\u0151v\u00e9 teszi az MT sz\u00e1m\u00e1ra, hogy stabil k\u00e9pet ny\u00fajtson, az automatikus kalibr\u00e1l\u00e1s pedig kijav\u00edtja az \u00fatbuck\u00e1k vagy b\u00e1rmely k\u00fcls\u0151 k\u00f6rnyezeti t\u00e9nyez\u0151 okozta lencseeltol\u00f3d\u00e1st, \u00edgy fenntartja a konstans ir\u00e1nyt.<\/p>\n<h2>Rendk\u00edv\u00fcl Csendes Felhaszn\u00e1l\u00f3i \u00c9lm\u00e9ny<\/h2>\n<p>Az M6T25S kefementes motorral rendelkezik a 360 fokos v\u00edzszintes elforgat\u00e1shoz \u00e9s egy dinamikus egyens\u00falyoz\u00f3 kialak\u00edt\u00e1shoz, ami alacsony decibel-szint\u0171 m\u0171k\u00f6d\u00e9st biztos\u00edt forgat\u00e1s \u00e9s billent\u00e9s k\u00f6zben, \u00edgy vad\u00e1szati \u00e9lm\u00e9nye zavartalan \u00e9s kellemes marad.<\/p>\n<h2>T\u00f6bbf\u00e9le Csatlakoz\u00e1si \u00e9s Termin\u00e1l-megjelen\u00edt\u00e9si M\u00f3d<\/h2>\n<p>A k\u00fcl\u00f6nb\u00f6z\u0151 haszn\u00e1lati szok\u00e1sok \u00e9s forgat\u00f3k\u00f6nyvek kiszolg\u00e1l\u00e1s\u00e1ra k\u00e9t csatlakoz\u00e1si m\u00f3d t\u00e1mogatott: k\u00e1beles \u00e9s WiFi. A k\u00e1beles csatlakoz\u00e1s viszonylag stabilabb k\u00e9p\u00e1tvitelt biztos\u00edt, m\u00edg a WiFi k\u00e9nyelmesebb \u00e9s vezet\u00e9k n\u00e9lk\u00fcli \u00e9lm\u00e9nyt ny\u00fajt. Val\u00f3s idej\u0171 k\u00e9p\u00e1tvitel \u00e9rhet\u0151 el b\u00e1rmely Nocpix alkalmaz\u00e1ssal rendelkez\u0151 eszk\u00f6z\u00f6n, bele\u00e9rtve, de nem kiz\u00e1r\u00f3lagosan az iPad-et, mobiltelefont stb.<\/p>\n","protected":false},"excerpt":{"rendered":"<p>A Nocpix M6T25S intelligens forr\u00f3objektum-\u00e9rz\u00e9kel\u0151 h\u0151kamera g\u00e9pkocsikhoz. Intelligens keres\u00e9s, 2300 m-es hat\u00f3t\u00e1v, t\u00e1vvez\u00e9rl\u0151, 2 \u00fajrat\u00f6lthet\u0151 akkumul\u00e1tor legfeljebb 7 \u00f3ra \u00fczemid\u0151vel.<\/p>\n<p>Ha a term\u00e9k nem el\u00e9rhet\u0151, k\u00e9rj\u00fck, l\u00e9pjen vel\u00fcnk kapcsolatba: shop@nbg.eu vagy +359896147790<\/p>\n","protected":false},"featured_media":683614,"template":"","meta":{"_acf_changed":false},"product_brand":[14453],"product_cat":[12938],"product_tag":[],"class_list":{"0":"post-683439","1":"product","2":"type-product","3":"status-publish","4":"has-post-thumbnail","6":"product_brand-nocpix","7":"product_cat-hokamera","9":"first","10":"instock","11":"taxable","12":"shipping-taxable","13":"purchasable","14":"product-type-simple"},"acf":[],"_links":{"self":[{"href":"https:\/\/nbg.eu\/hu\/wp-json\/wp\/v2\/product\/683439","targetHints":{"allow":["GET"]}}],"collection":[{"href":"https:\/\/nbg.eu\/hu\/wp-json\/wp\/v2\/product"}],"about":[{"href":"https:\/\/nbg.eu\/hu\/wp-json\/wp\/v2\/types\/product"}],"wp:featuredmedia":[{"embeddable":true,"href":"https:\/\/nbg.eu\/hu\/wp-json\/wp\/v2\/media\/683614"}],"wp:attachment":[{"href":"https:\/\/nbg.eu\/hu\/wp-json\/wp\/v2\/media?parent=683439"}],"wp:term":[{"taxonomy":"product_brand","embeddable":true,"href":"https:\/\/nbg.eu\/hu\/wp-json\/wp\/v2\/product_brand?post=683439"},{"taxonomy":"product_cat","embeddable":true,"href":"https:\/\/nbg.eu\/hu\/wp-json\/wp\/v2\/product_cat?post=683439"},{"taxonomy":"product_tag","embeddable":true,"href":"https:\/\/nbg.eu\/hu\/wp-json\/wp\/v2\/product_tag?post=683439"}],"curies":[{"name":"wp","href":"https:\/\/api.w.org\/{rel}","templated":true}]}}