{"id":683644,"date":"2026-01-08T18:14:29","date_gmt":"2026-01-08T15:14:29","guid":{"rendered":"https:\/\/nbg.eu\/product\/hokamera-nocpix-vista-h50-50mm-12um-640x512-15mk-netd\/"},"modified":"2026-04-14T16:00:45","modified_gmt":"2026-04-14T13:00:45","slug":"hokamera-nocpix-vista-h50-50mm-12um-640x512-15mk-netd","status":"publish","type":"product","link":"https:\/\/nbg.eu\/hu\/termek\/hokamera-nocpix-vista-h50-50mm-12um-640x512-15mk-netd\/","title":{"rendered":"Nocpix H\u0151k\u00e9pes Kamera VISTA H50"},"content":{"rendered":"<h2>Nocpix VISTA H50 &#8211; Nappali \u00e9s \u00e9jszakai haszn\u00e1latra k\u00e9sz\u00fclt, cs\u00facstechnol\u00f3gi\u00e1s h\u0151kamera<\/h2>\n<p>A Nocpix VISTA H50 egy cs\u00facstechnol\u00f3gi\u00e1s h\u0151kamera, amely nappali \u00e9s \u00e9jszakai haszn\u00e1latra k\u00e9sz\u00fclt. M\u00e9g sz\u00e9ls\u0151s\u00e9ges id\u0151j\u00e1r\u00e1si k\u00f6r\u00fclm\u00e9nyek k\u00f6z\u00f6tt, p\u00e9ld\u00e1ul k\u00f6d, szmog \u00e9s es\u0151 eset\u00e9n is kiv\u00e9teles k\u00e9pmin\u0151s\u00e9get ny\u00fajt, \u00e9s k\u00e9pes c\u00e9lpontokat \u00e9szlelni olyan akad\u00e1lyokon kereszt\u00fcl is, mint \u00e1gak, magas f\u0171 \u00e9s s\u0171r\u0171 lombozat, amelyek \u00e1ltal\u00e1ban elz\u00e1rj\u00e1k a l\u00e1t\u00e1st.<\/p>\n<p>A VISTA H50 rendk\u00edv\u00fcl sokoldal\u00fa \u00e9s sz\u00e1mos alkalmaz\u00e1shoz haszn\u00e1lhat\u00f3, bele\u00e9rtve a vad\u00e1szatot, a biztons\u00e1got, a megfigyel\u00e9st, a terepnavig\u00e1ci\u00f3t \u00e9s a kutat\u00e1s-ment\u00e9si m\u0171veleteket. Fejlett h\u0151technol\u00f3gi\u00e1ja megb\u00edzhat\u00f3 teljes\u00edtm\u00e9nyt biztos\u00edt, \u00e9s tiszta k\u00e9peket, valamint pontos m\u00e9r\u00e9seket szolg\u00e1ltat a kih\u00edv\u00e1st jelent\u0151 k\u00f6rnyezetekben.<\/p>\n<h2>F\u0151 m\u0171szaki adatok:<\/h2>\n<p>Felbont\u00e1s: 640 x 512<br \/>\nPixelm\u00e9ret: 12<br \/>\nNETD, mK: \u226415<br \/>\nK\u00e9pkockasebess\u00e9g: 50<br \/>\nLencse: 50mm F0.9<br \/>\nL\u00e1t\u00f3sz\u00f6g: 8,8 x 7,0<br \/>\nL\u00e1t\u00f3sz\u00f6g (line\u00e1ris): 15 x 12<br \/>\nNagy\u00edt\u00e1s: 4~40<br \/>\n\u00c9szlel\u00e9si tartom\u00e1ny: 2600<br \/>\nSzemt\u0151l val\u00f3 t\u00e1vols\u00e1g: 25<br \/>\nPupilla\u00e1tm\u00e9r\u0151: 8<br \/>\nDioptria: -4 ~ +6<br \/>\nKijelz\u0151 t\u00edpusa: AMOLED<br \/>\nKijelz\u0151 felbont\u00e1sa: 2560 x 2560<br \/>\nAkkumul\u00e1tor: Cser\u00e9lhet\u0151 l\u00edtium-ion akkumul\u00e1tor IBP-7 \/ 4400mAh<br \/>\nMax. m\u0171k\u00f6d\u00e9si id\u0151: 5,5<br \/>\nWi-Fi\/App: IGEN<br \/>\nMikrofon: IGEN<br \/>\nMem\u00f3ria kapacit\u00e1sa: 64GB<br \/>\nIP-v\u00e9detts\u00e9g: IP67<br \/>\nMax. \u00fczemi h\u0151m\u00e9rs\u00e9klet: -20 ~ +50<br \/>\nT\u00f6meg (uncia): 22,93<br \/>\nT\u00f6meg (g): 650<br \/>\nM\u00e9retek (h\u00fcvelyk): 7,64 x 2,76 x 3,23<br \/>\nM\u00e9retek (mm): 194 x 70 x 82<\/p>\n","protected":false},"excerpt":{"rendered":"<p>A Nocpix VISTA H50 egy 640&#215;512 12um-es h\u0151kamera \u226415mK NETD-vel, 50mm F0.9-es lencs\u00e9vel \u00e9s 2560&#215;2560 AMOLED kijelz\u0151vel.<br \/>\nHa a term\u00e9k nem el\u00e9rhet\u0151, k\u00e9rj\u00fck, l\u00e9pjen kapcsolatba vel\u00fcnk: shop@nbg.eu vagy +359896147790<\/p>\n","protected":false},"featured_media":683726,"template":"","meta":{"_acf_changed":false},"product_brand":[14453],"product_cat":[12938,16080],"product_tag":[],"class_list":{"0":"post-683644","1":"product","2":"type-product","3":"status-publish","4":"has-post-thumbnail","6":"product_brand-nocpix","7":"product_cat-hokamera","8":"product_cat-thermal-cameras-hu","10":"first","11":"instock","12":"taxable","13":"shipping-taxable","14":"purchasable","15":"product-type-simple"},"acf":[],"_links":{"self":[{"href":"https:\/\/nbg.eu\/hu\/wp-json\/wp\/v2\/product\/683644","targetHints":{"allow":["GET"]}}],"collection":[{"href":"https:\/\/nbg.eu\/hu\/wp-json\/wp\/v2\/product"}],"about":[{"href":"https:\/\/nbg.eu\/hu\/wp-json\/wp\/v2\/types\/product"}],"wp:featuredmedia":[{"embeddable":true,"href":"https:\/\/nbg.eu\/hu\/wp-json\/wp\/v2\/media\/683726"}],"wp:attachment":[{"href":"https:\/\/nbg.eu\/hu\/wp-json\/wp\/v2\/media?parent=683644"}],"wp:term":[{"taxonomy":"product_brand","embeddable":true,"href":"https:\/\/nbg.eu\/hu\/wp-json\/wp\/v2\/product_brand?post=683644"},{"taxonomy":"product_cat","embeddable":true,"href":"https:\/\/nbg.eu\/hu\/wp-json\/wp\/v2\/product_cat?post=683644"},{"taxonomy":"product_tag","embeddable":true,"href":"https:\/\/nbg.eu\/hu\/wp-json\/wp\/v2\/product_tag?post=683644"}],"curies":[{"name":"wp","href":"https:\/\/api.w.org\/{rel}","templated":true}]}}