{"id":683735,"date":"2026-01-08T18:13:33","date_gmt":"2026-01-08T15:13:33","guid":{"rendered":"https:\/\/nbg.eu\/product\/thermal-camera-nocpix-vista-h35-rangefinder-nelkul-35mm-12um-640x512-15mk-net\/"},"modified":"2026-04-14T16:01:02","modified_gmt":"2026-04-14T13:01:02","slug":"thermal-camera-nocpix-vista-h35-rangefinder-nelkul-35mm-12um-640x512-15mk-net","status":"publish","type":"product","link":"https:\/\/nbg.eu\/hu\/termek\/thermal-camera-nocpix-vista-h35-rangefinder-nelkul-35mm-12um-640x512-15mk-net\/","title":{"rendered":"Nocpix H\u0151k\u00e9pes Kamera VISTA H35"},"content":{"rendered":"<h2>Nocpix VISTA H35 H\u0151k\u00e9perny\u0151-monokular &#8211; 35mm 12um 640&#215;512 \u226415mK NET<\/h2>\n<p>A Nocpix VISTA H35 egy sokoldal\u00fa h\u0151k\u00e9perny\u0151-monokular, amely megb\u00edzhat\u00f3 haszn\u00e1latot biztos\u00edt nappal \u00e9s \u00e9jszaka egyar\u00e1nt. Ez az el\u0151rehaladott eszk\u00f6z kiv\u00e9teles h\u0151k\u00e9perny\u0151-teljes\u00edtm\u00e9nyt k\u00edn\u00e1l, amely tiszta \u00e9s r\u00e9szletes k\u00e9peket ny\u00fajt m\u00e9g a kih\u00edv\u00e1st jelent\u0151 id\u0151j\u00e1r\u00e1si k\u00f6r\u00fclm\u00e9nyek, p\u00e9ld\u00e1ul k\u00f6d, szmog \u00e9s es\u0151 eset\u00e9n is. K\u00e9pes \u00e9szlelni a c\u00e9lokat olyan akad\u00e1lyokon kereszt\u00fcl, mint \u00e1gak, magas f\u0171 \u00e9s s\u0171r\u0171 aljn\u00f6v\u00e9nyzet, ami biztos\u00edtja a hat\u00e9kony m\u0171k\u00f6d\u00e9st olyan k\u00f6rnyezetekben, ahol a hagyom\u00e1nyos optikai eszk\u00f6z\u00f6k nem el\u00e9gs\u00e9gesek.<\/p>\n<p>A VISTA H35 sz\u00e1mos alkalmaz\u00e1sban ide\u00e1lis, mint p\u00e9ld\u00e1ul vad\u00e1szat, megfigyel\u00e9s, biztons\u00e1g, terep-navig\u00e1ci\u00f3 \u00e9s kutat\u00e1s-ment\u00e9s. \u00c9lvonalbeli technol\u00f3gi\u00e1j\u00e1val \u00e9s tart\u00f3s kialak\u00edt\u00e1s\u00e1val a VISTA H35 pontos \u00e9szlel\u00e9st \u00e9s m\u00e9r\u00e9st biztos\u00edt a legnehezebbconditions k\u00f6z\u00f6tt is.<\/p>\n<h2>Jellemz\u0151k<\/h2>\n<p>-640\u00d7512 12\u03bcm-es \u00e9rz\u00e9kel\u0151<br \/>\nNETD\u226415mK<br \/>\n-60Hz-es gyors k\u00e9pfriss\u00edt\u00e9si sebess\u00e9g<br \/>\n-F0.9-es objekt\u00edv<br \/>\n-AMOLED 2560\u00d72560 k\u00f6rk\u00f6r\u00f6sen<br \/>\nMegjelen\u0151 kijelz\u0151<br \/>\n-IBP-7 gyorsan cser\u00e9lhet\u0151, t\u00f6lthet\u0151 akkumul\u00e1tor<br \/>\n-Sima digit\u00e1lis zoom: 1\u00d7~8\u00d7<br \/>\n-Ultra tiszta m\u00f3d<br \/>\n-Szemv\u00e9delem alacsony f\u00e9nyer\u0151vel, sz\u00ednpalett\u00e1val \u00e9s meleg \u00e1rnyalattal<br \/>\n-Elektronikus k\u00e9pstabiliz\u00e1ci\u00f3<\/p>\n","protected":false},"excerpt":{"rendered":"<p>H\u0151kamera Nocpix VISTA H35 t\u00e1vols\u00e1gm\u00e9r\u0151 n\u00e9lk\u00fcl &#8211; 35mm 12um 640&#215;512 &lt;15mk NET<br \/>\nHa a term\u00e9k nem el\u00e9rhet\u0151, k\u00e9rj\u00fck, l\u00e9pjen kapcsolatba vel\u00fcnk: shop@nbg.eu vagy +359896147790<\/p>\n","protected":false},"featured_media":683862,"template":"","meta":{"_acf_changed":false},"product_brand":[14453],"product_cat":[12938,16080],"product_tag":[],"class_list":{"0":"post-683735","1":"product","2":"type-product","3":"status-publish","4":"has-post-thumbnail","6":"product_brand-nocpix","7":"product_cat-hokamera","8":"product_cat-thermal-cameras-hu","10":"first","11":"instock","12":"taxable","13":"shipping-taxable","14":"purchasable","15":"product-type-simple"},"acf":[],"_links":{"self":[{"href":"https:\/\/nbg.eu\/hu\/wp-json\/wp\/v2\/product\/683735","targetHints":{"allow":["GET"]}}],"collection":[{"href":"https:\/\/nbg.eu\/hu\/wp-json\/wp\/v2\/product"}],"about":[{"href":"https:\/\/nbg.eu\/hu\/wp-json\/wp\/v2\/types\/product"}],"wp:featuredmedia":[{"embeddable":true,"href":"https:\/\/nbg.eu\/hu\/wp-json\/wp\/v2\/media\/683862"}],"wp:attachment":[{"href":"https:\/\/nbg.eu\/hu\/wp-json\/wp\/v2\/media?parent=683735"}],"wp:term":[{"taxonomy":"product_brand","embeddable":true,"href":"https:\/\/nbg.eu\/hu\/wp-json\/wp\/v2\/product_brand?post=683735"},{"taxonomy":"product_cat","embeddable":true,"href":"https:\/\/nbg.eu\/hu\/wp-json\/wp\/v2\/product_cat?post=683735"},{"taxonomy":"product_tag","embeddable":true,"href":"https:\/\/nbg.eu\/hu\/wp-json\/wp\/v2\/product_tag?post=683735"}],"curies":[{"name":"wp","href":"https:\/\/api.w.org\/{rel}","templated":true}]}}