{"id":683923,"date":"2026-01-08T18:14:25","date_gmt":"2026-01-08T15:14:25","guid":{"rendered":"https:\/\/nbg.eu\/product\/nocpix-rico-2-h50r-hokamera\/"},"modified":"2026-04-14T16:00:48","modified_gmt":"2026-04-14T13:00:48","slug":"nocpix-rico-2-h50r-hokamera","status":"publish","type":"product","link":"https:\/\/nbg.eu\/hu\/termek\/nocpix-rico-2-h50r-hokamera\/","title":{"rendered":"Nocpix H\u0151k\u00e9pes Kamera Rico 2 H50R"},"content":{"rendered":"<h2>Nocpix Rico 2 H50R: Hossz\u00fa t\u00e1v\u00fa l\u00f6v\u00e9szet szak\u00e9rt\u0151je<\/h2>\n<p>A Nocpix RICO 2 H50R sorozat h\u0151kamer\u00e1s ir\u00e1nyz\u00e9kai a vad\u00e1szok sz\u00e1m\u00e1ra k\u00e9sz\u00fcltek, akik a legjobb tisztas\u00e1got, hat\u00f3t\u00e1vols\u00e1got \u00e9s k\u00e9nyelmet k\u00f6vetelik meg. Egy ipar\u00e1gat vezet\u0151 h\u0151\u00e9rz\u00e9kel\u0151vel \u00e9s nagy k\u00e9pfriss\u00edt\u00e9si sebess\u00e9ggel tervezt\u00e9k, amely kiv\u00e1l\u00f3 min\u0151s\u00e9g\u0171 k\u00e9pet biztos\u00edt, megk\u00f6nny\u00edtve a c\u00e9lok azonos\u00edt\u00e1s\u00e1t \u00e9s k\u00f6vet\u00e9s\u00e9t. Hossz\u00fa f\u00f3kuszt\u00e1vols\u00e1ga \u00e9s be\u00e9p\u00edtett t\u00e1vols\u00e1gm\u00e9r\u0151je lehet\u0151v\u00e9 teszi a t\u00e1voli c\u00e9lok pontos megm\u00e9r\u00e9s\u00e9t, mik\u00f6zben a fejlett optikai kialak\u00edt\u00e1s torz\u00edt\u00e1smentes, elmer\u00fcl\u0151 n\u00e9z\u0151\u00e9lm\u00e9nyt ny\u00fajt. A fokozatmentes zoomkarnak \u00e9s kiv\u00e1l\u00f3 szemt\u00e1vols\u00e1g\u00e1nak k\u00f6sz\u00f6nhet\u0151en a Nocpix RICO 2 H50R sorozat lehet\u0151v\u00e9 teszi a vad\u00e1szok sz\u00e1m\u00e1ra, hogy k\u00f6nnyed\u00e9n \u00e1ll\u00edts\u00e1k be a nagy\u00edt\u00e1st, \u00e9s k\u00e9nyelmesen \u00e9rezz\u00e9k magukat a hossz\u00fa vad\u00e1szatok sor\u00e1n. Innovat\u00edv technol\u00f3gi\u00e1ival \u00e9s felhaszn\u00e1l\u00f3k\u00f6zpont\u00fa kialak\u00edt\u00e1s\u00e1val a Nocpix RICO 2 H50R sorozat val\u00f3ban lehet\u0151v\u00e9 teszi, hogy a vad\u00e1sz a lehet\u0151s\u00e9gek hat\u00e1rain t\u00fal vad\u00e1sszon.<\/p>\n<h2>F\u0151 jellemz\u0151k:<\/h2>\n<p>R\u00e9szes\u00fclj\u00f6n a pr\u00e9mium m\u00e1sodik gener\u00e1ci\u00f3s 12\u03bcm@60Hz \u00e9rz\u00e9kel\u0151 el\u0151nyeiben, melynek NETD \u00e9rt\u00e9ke \u226420mK, a borotva\u00e9les, nagy kontraszt\u00fa k\u00e9pek\u00e9rt \u00e9s a jobb c\u00e9lfelismer\u00e9s\u00e9rt.<\/p>\n<p>A Nocpix RICO 2 H50R nagyobb, 50 mm\/F1.0 \u00e9s 42 mm\/F1.0 objekt\u00edvekkel rendelkezik, ami jobb f\u00e9nybegy\u0171jt\u0151 k\u00e9pess\u00e9get ny\u00fajt a kiv\u00e1l\u00f3 k\u00e9pmin\u0151s\u00e9g\u00e9rt \u00e9s a megn\u00f6velt \u00e9szlel\u00e9si tartom\u00e1ny\u00e9rt.<\/p>\n<p>A RICO 2 sorozat lehet\u0151v\u00e9 teszi, hogy a nagy\u00edt\u00e1st egy fokozatmentes LPVO-st\u00edlus\u00fa zoomkarral \u00e1ll\u00edtsa be, gyors \u00e9s z\u00f6kken\u0151mentes be\u00e1ll\u00edt\u00e1st biztos\u00edtva a t\u00e1vols\u00e1gban l\u00e9v\u0151 c\u00e9lok prec\u00edz megc\u00e9lz\u00e1s\u00e1hoz.<\/p>\n<p>A RICO 2 sorozat ak\u00e1r 2600 m\u00e9teres \u00e9szlel\u00e9si tartom\u00e1nnyal rendelkezik, jelent\u0151s el\u0151nyt biztos\u00edtva a hossz\u00fa t\u00e1v\u00fa vad\u00e1szatban \u00e9s a prec\u00edz c\u00e9lz\u00e1sban.<\/p>\n<p>A Nocpix RICO 2 H50R be\u00e9p\u00edtett t\u00e1vols\u00e1gm\u00e9r\u0151vel rendelkezik, amely 1200 m\u00e9terig k\u00e9pes l\u00e9zeres t\u00e1vols\u00e1gm\u00e9r\u00e9sre, val\u00f3di optikai tengely-illeszt\u00e9ssel, biztos\u00edtva a pontos t\u00e1vols\u00e1gm\u00e9r\u00e9st, mik\u00f6zben megtartja az eleg\u00e1ns diz\u00e1jnt.<\/p>\n<p>T\u00f6k\u00e9letes\u00edtse l\u00f6v\u00e9seinek elhelyez\u00e9s\u00e9t az automatikus ballisztikai sz\u00e1m\u00edt\u00e1sok seg\u00edts\u00e9g\u00e9vel, a be\u00e9p\u00edtett t\u00e1vols\u00e1gm\u00e9r\u0151 felhaszn\u00e1l\u00e1s\u00e1val, hogy k\u00f6nnyed\u00e9n tal\u00e1ljon el pontos tal\u00e1latokat nagy t\u00e1vols\u00e1gokb\u00f3l.<\/p>\n<p>1,03&#8243; 2560\u00d72560 OLED kijelz\u0151 (H50R), torz\u00edt\u00e1smentes szemlencs\u00e9k, 70 mm-es szemt\u00e1vols\u00e1g \u00e9s 23 mm-es kil\u00e9p\u0151 pupilla biztos\u00edtanak \u00e9les, k\u00e9nyelmes n\u00e9z\u0151\u00e9lm\u00e9nyt a hossz\u00fa id\u0151tartam\u00fa haszn\u00e1lat sor\u00e1n.<\/p>\n<p>A H50R modell 70 mm-es szemt\u00e1vols\u00e1ggal rendelkezik, ami maxim\u00e1lis k\u00e9nyelmet biztos\u00edt a hossz\u00fa t\u00e1v\u00fa haszn\u00e1lat sor\u00e1n szem f\u00e1rad\u00e1sa n\u00e9lk\u00fcl, \u00e9s garant\u00e1lja a szemv\u00e9delmet.<\/p>\n","protected":false},"excerpt":{"rendered":"<p>H\u0151kamera Nocpix Rico 2 H50R. Hossz\u00fa t\u00e1v\u00fa l\u00f6v\u00e9szet szak\u00e9rt\u0151je. 640&#215;512-es \u00e9rz\u00e9kel\u0151, 60Hz, integr\u00e1lt LRF, folyamatos zoom.<br \/>\nHa a term\u00e9k nem el\u00e9rhet\u0151, k\u00e9rj\u00fck, l\u00e9pjen kapcsolatba vel\u00fcnk: shop@nbg.eu vagy +359896147790<\/p>\n","protected":false},"featured_media":684508,"template":"","meta":{"_acf_changed":false},"product_brand":[14453],"product_cat":[12938,16080],"product_tag":[],"class_list":{"0":"post-683923","1":"product","2":"type-product","3":"status-publish","4":"has-post-thumbnail","6":"product_brand-nocpix","7":"product_cat-hokamera","8":"product_cat-thermal-cameras-hu","10":"first","11":"instock","12":"taxable","13":"shipping-taxable","14":"purchasable","15":"product-type-simple"},"acf":[],"_links":{"self":[{"href":"https:\/\/nbg.eu\/hu\/wp-json\/wp\/v2\/product\/683923","targetHints":{"allow":["GET"]}}],"collection":[{"href":"https:\/\/nbg.eu\/hu\/wp-json\/wp\/v2\/product"}],"about":[{"href":"https:\/\/nbg.eu\/hu\/wp-json\/wp\/v2\/types\/product"}],"wp:featuredmedia":[{"embeddable":true,"href":"https:\/\/nbg.eu\/hu\/wp-json\/wp\/v2\/media\/684508"}],"wp:attachment":[{"href":"https:\/\/nbg.eu\/hu\/wp-json\/wp\/v2\/media?parent=683923"}],"wp:term":[{"taxonomy":"product_brand","embeddable":true,"href":"https:\/\/nbg.eu\/hu\/wp-json\/wp\/v2\/product_brand?post=683923"},{"taxonomy":"product_cat","embeddable":true,"href":"https:\/\/nbg.eu\/hu\/wp-json\/wp\/v2\/product_cat?post=683923"},{"taxonomy":"product_tag","embeddable":true,"href":"https:\/\/nbg.eu\/hu\/wp-json\/wp\/v2\/product_tag?post=683923"}],"curies":[{"name":"wp","href":"https:\/\/api.w.org\/{rel}","templated":true}]}}