{"id":684939,"date":"2026-01-08T18:13:14","date_gmt":"2026-01-08T15:13:14","guid":{"rendered":"https:\/\/nbg.eu\/product\/hokamera-nocpix-ace-h50-12um-640x512-15mk-netd\/"},"modified":"2026-04-14T16:01:17","modified_gmt":"2026-04-14T13:01:17","slug":"hokamera-nocpix-ace-h50-12um-640x512-15mk-netd","status":"publish","type":"product","link":"https:\/\/nbg.eu\/hu\/termek\/hokamera-nocpix-ace-h50-12um-640x512-15mk-netd\/","title":{"rendered":"Nocpix H\u0151k\u00e9pes Kamera ACE H50"},"content":{"rendered":"<h2>Nocpix ACE H50 h\u0151kamera c\u00e9lt\u00e1vcs\u0151: P\u00e1ratlan vad\u00e1szati teljes\u00edtm\u00e9ny<\/h2>\n<p>A Nocpix ACE H50 h\u0151kamera c\u00e9lt\u00e1vcs\u0151 fejlett technol\u00f3gi\u00e1t \u00f6tv\u00f6z a robusztus tart\u00f3ss\u00e1ggal a p\u00e1ratlan vad\u00e1szati \u00e9lm\u00e9ny \u00e9rdek\u00e9ben. 640&#215;512 felbont\u00e1s\u00fa h\u0151\u00e9rz\u00e9kel\u0151vel \u00e9s \u226412mK NETD \u00e9rt\u00e9kkel rendelkezik a kiv\u00e9teles k\u00e9pmin\u0151s\u00e9g \u00e9rdek\u00e9ben, valamint 3100 m\u00e9teres \u00e9rz\u00e9kel\u00e9si tartom\u00e1nnyal. Az innovat\u00edv Vision+ rendszer k\u00f6zeli nagy\u00edt\u00e1st ny\u00fajt a tiszta k\u00f6zeli k\u00e9pekhez, m\u00edg a k\u00e9ttelepes rendszer hosszantart\u00f3 haszn\u00e1latot biztos\u00edt. Er\u0151s alum\u00ednium\u00f6tv\u00f6zetb\u0151l k\u00e9sz\u00fclt, IP67 v\u00e9delemmel, hogy b\u00e1rmely k\u00fclt\u00e9ri k\u00f6rnyezetben kiv\u00e1l\u00f3an teljes\u00edtsen \u00e9s alkalmazkodjon minden helyzethez.<\/p>\n<p>A NocPix ACE H50 h\u0151kamera c\u00e9lt\u00e1vcs\u0151 egy cs\u00facstechnol\u00f3gi\u00e1s eszk\u00f6z, amely \u00fajradefini\u00e1lja a vad\u00e1szati \u00e9lm\u00e9nyt, ak\u00e1r s\u00f6t\u00e9t \u00e9jszak\u00e1ban, ak\u00e1r kih\u00edv\u00e1st jelent\u0151 terepviszonyok k\u00f6z\u00f6tt vad\u00e1szol. A NocPix z\u00e1szl\u00f3shaj\u00f3 ACE sorozat\u00e1nak r\u00e9szek\u00e9nt, a h\u0151optikai ir\u00e1nyz\u00e9k kiemelkedik kiv\u00e1l\u00f3 k\u00e9pmin\u0151s\u00e9ge \u00e9s pontoss\u00e1ga r\u00e9v\u00e9n, k\u00f6sz\u00f6nhet\u0151en a saj\u00e1t fejleszt\u00e9s\u0171 nagy felbont\u00e1s\u00fa h\u0151\u00e9rz\u00e9kel\u0151j\u00e9nek \u00e9s fejlett Reality+ \u00e9s Vision+ rendszereinek.<\/p>\n<p>A Nocpix ACE H50 k\u00f6zponti eleme a m\u00e1sodik gener\u00e1ci\u00f3s HD h\u0151\u00e9rz\u00e9kel\u0151je, amely 640&#215;512-es felbont\u00e1ssal \u00e9s 60Hz k\u00e9pfriss\u00edt\u00e9si sebess\u00e9ggel rendelkezik, kiemelked\u0151 teljes\u00edtm\u00e9nyt ny\u00fajtva. A \u226412mK NETD \u00e9rt\u00e9kkel ez a c\u00e9lt\u00e1vcs\u0151 m\u00e9g a legkisebb h\u0151m\u00e9rs\u00e9klet-k\u00fcl\u00f6nbs\u00e9geket is \u00e9rz\u00e9keli, r\u00e9szletes \u00e9s egyenletes h\u0151k\u00e9peket biztos\u00edtva, ide\u00e1lisan a gyors c\u00e9lpontok val\u00f3s idej\u0171 k\u00f6vet\u00e9s\u00e9hez. A fejlett Reality+ k\u00e9pfeldolgoz\u00e1si algoritmus tov\u00e1bb jav\u00edtja ezt a k\u00f6rnyezeti zajok kik\u00fcsz\u00f6b\u00f6l\u00e9s\u00e9vel, kiv\u00e1l\u00f3 kontrasztot \u00e9s tisztas\u00e1got ny\u00fajtva m\u00e9g a kih\u00edv\u00e1st jelent\u0151 vad\u00e1szati k\u00f6r\u00fclm\u00e9nyek k\u00f6z\u00f6tt is.<\/p>\n<p>Az ACE H50 50mm\/F0.9 lencs\u00e9vel rendelkezik, ami 20%-kal t\u00f6bb f\u00e9nyt juttat az \u00e9rz\u00e9kel\u0151re, f\u00e9nyesebb \u00e9s tiszt\u00e1bb k\u00e9peket eredm\u00e9nyezve. Ez kulcsfontoss\u00e1g\u00fa a prec\u00edzi\u00f3s vad\u00e1szok sz\u00e1m\u00e1ra, mivel a jobb f\u00e9nytranszmisszi\u00f3 jav\u00edtja a l\u00e1that\u00f3s\u00e1got gyenge megvil\u00e1g\u00edt\u00e1s\u00fa k\u00f6rnyezetben. Emellett a 3100 m\u00e9teres \u00e9rz\u00e9kel\u00e9si tartom\u00e1ny megk\u00fcl\u00f6nb\u00f6zteti az ACE-t, megk\u00f6nny\u00edtve a t\u00e1voli c\u00e9lpontok azonos\u00edt\u00e1s\u00e1t \u00e9s k\u00f6vet\u00e9s\u00e9t.<\/p>\n<p>A be\u00e9p\u00edtett Vision+ rendszer jav\u00edtja a vizu\u00e1lis \u00e9lm\u00e9nyt egy 1,03 inches, 2560&#215;2560 felbont\u00e1s\u00fa k\u00f6rk\u00f6r\u00f6s AMOLED kijelz\u0151vel. Az optikai zoomrendszer, amelyet \u00fagy terveztek, hogy elker\u00fclje a hagyom\u00e1nyos elektronikus zoomok szok\u00e1sos hom\u00e1lyosod\u00e1s\u00e1t \u00e9s torzul\u00e1s\u00e1t, tiszta, nagy felbont\u00e1s\u00fa k\u00f6zeli n\u00e9zeteket biztos\u00edt a r\u00e9szletek elveszt\u00e9se n\u00e9lk\u00fcl. Ez \u00e9lvezetes, k\u00e9nyelmes megtekint\u00e9si \u00e9lm\u00e9nyt ny\u00fajt, ak\u00e1r t\u00e1voli c\u00e9lpontokat szeml\u00e9l, ak\u00e1r prec\u00edzi\u00f3s c\u00e9lz\u00e1sra zoomol.<\/p>\n<p>A hossz\u00fa t\u00e1v\u00fa terephaszn\u00e1latra tervezve, az ACE k\u00e9ttelepes rendszerrel rendelkezik, be\u00e9p\u00edtett 4000mAh akkumul\u00e1torral \u00e9s elt\u00e1vol\u00edthat\u00f3 18650 elemmel, ami a hossz\u00fa vad\u00e1szati szakaszok alatt is folyamatos m\u0171k\u00f6d\u00e9st biztos\u00edt. A tart\u00f3s kialak\u00edt\u00e1s, magas szil\u00e1rds\u00e1g\u00fa alum\u00ednium\u00f6tv\u00f6zetb\u0151l, garant\u00e1lja, hogy az ACE kib\u00edrja a kem\u00e9ny k\u00fclt\u00e9ri k\u00f6r\u00fclm\u00e9nyeket \u00e9s a neh\u00e9z haszn\u00e1latot, miut\u00e1n t\u00faljutott a szigor\u00fa \u00fct\u00e9s\u00e1ll\u00f3s\u00e1gi teszteken. IP67 v\u00edz\u00e1ll\u00f3s\u00e1gi besorol\u00e1ssal, a c\u00e9lt\u00e1vcs\u0151 megb\u00edzhat\u00f3 marad a mostoha id\u0151j\u00e1r\u00e1si viszonyok k\u00f6z\u00f6tt is, nyugalmat biztos\u00edtva a vad\u00e1szok sz\u00e1m\u00e1ra, f\u00fcggetlen\u00fcl a k\u00f6rnyezett\u0151l.<\/p>\n<p>A vad\u00e1szok ig\u00e9nyeire szabva, a NocPix ACE H50 tartalmaz alapvet\u0151 funkci\u00f3kat, mint a visszar\u00fag\u00e1ssal aktiv\u00e1lt vide\u00f3felv\u00e9tel \u00e9s z\u00e1rr\u00e1smentes kialak\u00edt\u00e1s a probl\u00e9mamentes terephaszn\u00e1lat \u00e9rdek\u00e9ben. A felhaszn\u00e1l\u00f3bar\u00e1t kieg\u00e9sz\u00edt\u0151k, mint a f\u00f3kuszm\u00f3dos\u00edt\u00f3, a t\u00f6lt\u0151fed\u00e9l \u00e9s a Gal\u00e9ria funkci\u00f3n kereszt\u00fcl t\u00f6rt\u00e9n\u0151 vide\u00f3lej\u00e1tsz\u00e1s lehet\u0151s\u00e9ge, az ACE egyes\u00edti a magas teljes\u00edtm\u00e9nyt a k\u00e9nyelemmel az optim\u00e1lis vad\u00e1szati \u00e9lm\u00e9ny \u00e9rdek\u00e9ben.<\/p>\n","protected":false},"excerpt":{"rendered":"<p>A NocPix ACE H50 h\u0151kamer\u00e1s c\u00e9lt\u00e1vcs\u0151ben 640&#215;512 felbont\u00e1s, \u226415mK NETD, 3100m-es \u00e9szlel\u00e9si hat\u00f3t\u00e1v \u00e9s kett\u0151s akkumul\u00e1torrendszer gondoskodik a kiv\u00e9teles vad\u00e1sz\u00e9lm\u00e9nyr\u0151l.<\/p>\n<p>Ha a term\u00e9k nem el\u00e9rhet\u0151, k\u00e9rj\u00fck, vegye fel vel\u00fcnk a kapcsolatot: shop@nbg.eu vagy +359896147790<\/p>\n<p>\n","protected":false},"featured_media":685002,"template":"","meta":{"_acf_changed":false},"product_brand":[14453],"product_cat":[12938,16080],"product_tag":[],"class_list":{"0":"post-684939","1":"product","2":"type-product","3":"status-publish","4":"has-post-thumbnail","6":"product_brand-nocpix","7":"product_cat-hokamera","8":"product_cat-thermal-cameras-hu","10":"first","11":"instock","12":"taxable","13":"shipping-taxable","14":"purchasable","15":"product-type-simple"},"acf":[],"_links":{"self":[{"href":"https:\/\/nbg.eu\/hu\/wp-json\/wp\/v2\/product\/684939","targetHints":{"allow":["GET"]}}],"collection":[{"href":"https:\/\/nbg.eu\/hu\/wp-json\/wp\/v2\/product"}],"about":[{"href":"https:\/\/nbg.eu\/hu\/wp-json\/wp\/v2\/types\/product"}],"wp:featuredmedia":[{"embeddable":true,"href":"https:\/\/nbg.eu\/hu\/wp-json\/wp\/v2\/media\/685002"}],"wp:attachment":[{"href":"https:\/\/nbg.eu\/hu\/wp-json\/wp\/v2\/media?parent=684939"}],"wp:term":[{"taxonomy":"product_brand","embeddable":true,"href":"https:\/\/nbg.eu\/hu\/wp-json\/wp\/v2\/product_brand?post=684939"},{"taxonomy":"product_cat","embeddable":true,"href":"https:\/\/nbg.eu\/hu\/wp-json\/wp\/v2\/product_cat?post=684939"},{"taxonomy":"product_tag","embeddable":true,"href":"https:\/\/nbg.eu\/hu\/wp-json\/wp\/v2\/product_tag?post=684939"}],"curies":[{"name":"wp","href":"https:\/\/api.w.org\/{rel}","templated":true}]}}