{"id":685085,"date":"2026-01-08T18:13:21","date_gmt":"2026-01-08T15:13:21","guid":{"rendered":"https:\/\/nbg.eu\/product\/thermal-monocular-nocpix-lumi-p13\/"},"modified":"2026-04-14T16:01:10","modified_gmt":"2026-04-14T13:01:10","slug":"thermal-monocular-nocpix-lumi-p13","status":"publish","type":"product","link":"https:\/\/nbg.eu\/hu\/termek\/thermal-monocular-nocpix-lumi-p13\/","title":{"rendered":"Nocpix H\u0151k\u00e9pes Monokul\u00e1r LUMI P13"},"content":{"rendered":"<h2>Maxim\u00e1lis teljes\u00edtm\u00e9ny minim\u00e1lis s\u00fallyal &#8211; Nocpix LUMI P13: Mindig tartsa szemmel a k\u00f6rnyezet\u00e9t<\/h2>\n<p>A LUMI h\u0151k\u00e9palkot\u00f3 monokulos sorozat nappal \u00e9s \u00e9jszaka egyar\u00e1nt haszn\u00e1lhat\u00f3, \u00e9s kiv\u00e9teles k\u00e9pmin\u0151s\u00e9get k\u00edn\u00e1l m\u00e9g neh\u00e9z id\u0151j\u00e1r\u00e1si k\u00f6r\u00fclm\u00e9nyek, p\u00e9ld\u00e1ul k\u00f6d, szmog vagy es\u0151 eset\u00e9n is. M\u00e9g ha akad\u00e1lyok, p\u00e9ld\u00e1ul \u00e1gak, magas f\u0171 vagy s\u0171r\u0171 n\u00f6v\u00e9nyzet is megnehez\u00edtik a l\u00e1t\u00e1st, ennek a technol\u00f3gi\u00e1nak k\u00f6sz\u00f6nhet\u0151en mindig tiszt\u00e1n l\u00e1thatja, ami el\u0151tte van. Emellett olyan kompaktak \u00e9s k\u00f6nny\u0171ek, hogy b\u00e1rhov\u00e1 k\u00f6nnyed\u00e9n mag\u00e1val viheti \u0151ket.<\/p>\n<p>A LUMI h\u0151kamer\u00e1k t\u00f6k\u00e9letesek a vad\u00e1szat, a megfigyel\u00e9s, a biztons\u00e1g, a terepismeret vagy a kutat\u00f3-ment\u0151 m\u0171veletek sz\u00e1m\u00e1ra.<\/p>\n<h2>Fel\u00fclm\u00falhatatlan k\u00e9palkot\u00e1si teljes\u00edtm\u00e9ny a krist\u00e1lytiszta k\u00e9pek\u00e9rt<\/h2>\n<p>A LUMI sorozat \u00faj m\u00e9rc\u00e9t \u00e1ll\u00edt fel a k\u00e9pmin\u0151s\u00e9g ter\u00e9n. A legfejlettebb k\u00e9palkot\u00e1si algoritmusokkal \u00e9s egy er\u0151s h\u0151\u00e9rz\u00e9kel\u0151vel (NETD &lt; 20 mK) felszerelve a kamera krist\u00e1lytiszta \u00e9s realisztikus k\u00e9peket szolg\u00e1ltat. Az 1440 x 1080 pixeles AMOLED kijelz\u0151 kiv\u00e9teles k\u00e9pmegjelen\u00edt\u00e9st biztos\u00edt, m\u00edg az Ultra Clear m\u00f3d tov\u00e1bb optimaliz\u00e1lja a k\u00e9p\u00e9less\u00e9get, k\u00fcl\u00f6n\u00f6sen neh\u00e9z id\u0151j\u00e1r\u00e1si k\u00f6r\u00fclm\u00e9nyek k\u00f6z\u00f6tt.<\/p>\n<h2>Szem\u00e9lyre szabott n\u00e9z\u0151\u00e9lm\u00e9ny &#8211; T\u00f6k\u00e9letesen szem\u00e9lyre szabhatja az eszk\u00f6zt<\/h2>\n<p>A 256 x 192 px-es \u00e9rz\u00e9kel\u0151nek \u00e9s a k\u00fcl\u00f6nf\u00e9le be\u00e1ll\u00edt\u00e1si lehet\u0151s\u00e9geknek k\u00f6sz\u00f6nhet\u0151en t\u00f6k\u00e9letesen az \u00d6n ig\u00e9nyeihez igaz\u00edthatja az eszk\u00f6zt. V\u00e1lasszon 5 sz\u00ednm\u00f3d k\u00f6z\u00fcl, \u00e9s optimaliz\u00e1lja a l\u00e1t\u00e1s\u00e1t a f\u00e9nyer\u0151, az \u00e9less\u00e9g\u00e9les\u00edt\u00e9s \u00e9s a kontraszt 10 fokozat\u00e1val &#8211; hogy egyetlen r\u00e9szlet se maradjon \u00e9szrev\u00e9tlen.<\/p>\n<h2>\u00c9lm\u00e9nymegoszt\u00e1s a LUMI-val<\/h2>\n<p>A k\u00fcl\u00f6nleges pillanatok meg\u00f6r\u00f6k\u00edt\u00e9se elengedhetetlen a modern vad\u00e1sz sz\u00e1m\u00e1ra. A Nocpix LUMI P13 seg\u00edts\u00e9g\u00e9vel nemcsak egyszer\u0171en megoszthatja a felv\u00e9teleit az alkalmaz\u00e1son kereszt\u00fcl, hanem k\u00f6zvetlen\u00fcl az eszk\u00f6z\u00f6n is lej\u00e1tszhatja \u0151ket &#8211; t\u00f6k\u00e9letes a pillanatok azonnali megoszt\u00e1s\u00e1ra m\u00e1sokkal.<\/p>\n<h2>Rugalmasan haszn\u00e1lhat\u00f3 a levehet\u0151 akkumul\u00e1torrendszernek k\u00f6sz\u00f6nhet\u0151en<\/h2>\n<p>A LUMI sorozat standard 18650-es akkumul\u00e1torokat haszn\u00e1l, ami maxim\u00e1lis rugalmass\u00e1got biztos\u00edt. B\u00e1rhov\u00e1 is megy, a mell\u00e9kelt akkumul\u00e1tort\u00f6lt\u0151vel pillanatok alatt \u00fajrat\u00f6ltheti &#8211; \u00e9s folytathatja k\u00fcldet\u00e9s\u00e9t.<\/p>\n","protected":false},"excerpt":{"rendered":"<p>Maxim\u00e1lis teljes\u00edtm\u00e9ny minim\u00e1lis s\u00fallyal &#8211; Nocpix LUMI P13: Mindig tartsd szemmel a c\u00e9lodat.<\/p>\n<p>Ha a t\u00e9tel nem \u00e1ll rendelkez\u00e9sre, k\u00e9rj\u00fck, l\u00e9pjen kapcsolatba vel\u00fcnk: shop@nbg.eu vagy +359896147790<\/p>\n<p>\n","protected":false},"featured_media":685205,"template":"","meta":{"_acf_changed":false},"product_brand":[14453],"product_cat":[12938,16079],"product_tag":[],"class_list":{"0":"post-685085","1":"product","2":"type-product","3":"status-publish","4":"has-post-thumbnail","6":"product_brand-nocpix","7":"product_cat-hokamera","8":"product_cat-monoculars-hu","10":"first","11":"instock","12":"taxable","13":"shipping-taxable","14":"purchasable","15":"product-type-simple"},"acf":[],"_links":{"self":[{"href":"https:\/\/nbg.eu\/hu\/wp-json\/wp\/v2\/product\/685085","targetHints":{"allow":["GET"]}}],"collection":[{"href":"https:\/\/nbg.eu\/hu\/wp-json\/wp\/v2\/product"}],"about":[{"href":"https:\/\/nbg.eu\/hu\/wp-json\/wp\/v2\/types\/product"}],"wp:featuredmedia":[{"embeddable":true,"href":"https:\/\/nbg.eu\/hu\/wp-json\/wp\/v2\/media\/685205"}],"wp:attachment":[{"href":"https:\/\/nbg.eu\/hu\/wp-json\/wp\/v2\/media?parent=685085"}],"wp:term":[{"taxonomy":"product_brand","embeddable":true,"href":"https:\/\/nbg.eu\/hu\/wp-json\/wp\/v2\/product_brand?post=685085"},{"taxonomy":"product_cat","embeddable":true,"href":"https:\/\/nbg.eu\/hu\/wp-json\/wp\/v2\/product_cat?post=685085"},{"taxonomy":"product_tag","embeddable":true,"href":"https:\/\/nbg.eu\/hu\/wp-json\/wp\/v2\/product_tag?post=685085"}],"curies":[{"name":"wp","href":"https:\/\/api.w.org\/{rel}","templated":true}]}}