{"id":685237,"date":"2026-01-08T18:13:20","date_gmt":"2026-01-08T15:13:20","guid":{"rendered":"https:\/\/nbg.eu\/product\/termalis-monokularis-nocpix-lumi-l35r-lezeres-tavolsagmerovel\/"},"modified":"2026-04-14T16:01:13","modified_gmt":"2026-04-14T13:01:13","slug":"termalis-monokularis-nocpix-lumi-l35r-lezeres-tavolsagmerovel","status":"publish","type":"product","link":"https:\/\/nbg.eu\/hu\/termek\/termalis-monokularis-nocpix-lumi-l35r-lezeres-tavolsagmerovel\/","title":{"rendered":"Nocpix H\u0151k\u00e9pes Monokul\u00e1r LUMI L35R LRF"},"content":{"rendered":"<h2>Nocpix LUMI L35R H\u0151t\u00e1vcs\u00f6 l\u00e9zeres t\u00e1vols\u00e1gm\u00e9r\u0151vel<\/h2>\n<p>A Nocpix LUMI L35R egy er\u0151s \u00e9s kompakt h\u0151t\u00e1vcs\u00f6 integr\u00e1lt l\u00e9zeres t\u00e1vols\u00e1gm\u00e9r\u0151vel. A kateg\u00f3ri\u00e1j\u00e1ban legfejlettebb \u00e9rz\u00e9kel\u0151vel, \u226418mK NETD-vel rendelkezik, \u00edgy a h\u0151kamera magas felbont\u00e1s\u00fa k\u00e9pet ad m\u00e9g sz\u00e9ls\u0151s\u00e9ges id\u0151j\u00e1r\u00e1si k\u00f6r\u00fclm\u00e9nyek k\u00f6z\u00f6tt is. A k\u00f6nny\u0171 \u00e9s ergonomikus kialak\u00edt\u00e1s miatt k\u00f6nnyen kezelhet\u0151, elt\u00e1vol\u00edthat\u00f3 akkumul\u00e1torrendszere pedig hossz\u00fa \u00fczemid\u0151t biztos\u00edt szabv\u00e1nyos 18650-es akkumul\u00e1torokkal.<\/p>\n<p>Az integr\u00e1lt l\u00e9zeres t\u00e1vols\u00e1gm\u00e9r\u0151 pontos c\u00e9lt\u00e1vols\u00e1g-meghat\u00e1roz\u00e1st tesz lehet\u0151v\u00e9, a fejlett R+ AI k\u00e9palkot\u00f3 algoritmusok pedig jav\u00edtj\u00e1k a k\u00e9pr\u00e9szletek min\u0151s\u00e9g\u00e9t, \u00e9s kihaszn\u00e1lj\u00e1k az \u00e9rz\u00e9kel\u0151 teljes potenci\u00e1lj\u00e1t. A t\u00e1vcs\u0151 v\u00edz\u00e1ll\u00f3, por\u00e1ll\u00f3 \u00e9s k\u00e9nyelmes szabadt\u00e9ri haszn\u00e1latra tervezt\u00e9k, olyan funkci\u00f3kkal, mint az elektronikus k\u00e9pstabiliz\u00e1tor, a szemk\u00edm\u00e9l\u0151 sz\u00ednpaletta \u00e9s az ultracs\u00f6ndes gombok.<\/p>\n<p>1800 m-es \u00e9rz\u00e9kel\u00e9si tartom\u00e1nnyal a Nocpix LUMI L35R sokoldal\u00fa h\u0151k\u00e9palkot\u00e1si megold\u00e1s a vad\u00e1szat, a biztons\u00e1g \u00e9s a szabadt\u00e9ri tev\u00e9kenys\u00e9gek sz\u00e1m\u00e1ra. A gy\u00e1rt\u00f3 3 \u00e9ves teljes k\u00f6r\u0171 garanci\u00e1t v\u00e1llal, \u00edgy a h\u0151t\u00e1vcs\u00f6 kiv\u00e9teles teljes\u00edtm\u00e9nyt \u00e9s megb\u00edzhat\u00f3s\u00e1got ny\u00fajt.<\/p>\n","protected":false},"excerpt":{"rendered":"<p>Nocpix LUMI L35R h\u0151kamer\u00e1s monokulos t\u00e1vcs\u00f6 l\u00e9zeres t\u00e1vm\u00e9r\u0151vel: nagy felbont\u00e1s\u00fa \u00e9rz\u00e9kel\u0151 \u226418 mK NETD, kompakt \u00e9s k\u00f6nny\u0171, cser\u00e9lhet\u0151 akkumul\u00e1tor.<\/p>\n","protected":false},"featured_media":685280,"template":"","meta":{"_acf_changed":false},"product_brand":[14453],"product_cat":[12938,16079],"product_tag":[],"class_list":{"0":"post-685237","1":"product","2":"type-product","3":"status-publish","4":"has-post-thumbnail","6":"product_brand-nocpix","7":"product_cat-hokamera","8":"product_cat-monoculars-hu","10":"first","11":"instock","12":"taxable","13":"shipping-taxable","14":"purchasable","15":"product-type-simple"},"acf":[],"_links":{"self":[{"href":"https:\/\/nbg.eu\/hu\/wp-json\/wp\/v2\/product\/685237","targetHints":{"allow":["GET"]}}],"collection":[{"href":"https:\/\/nbg.eu\/hu\/wp-json\/wp\/v2\/product"}],"about":[{"href":"https:\/\/nbg.eu\/hu\/wp-json\/wp\/v2\/types\/product"}],"wp:featuredmedia":[{"embeddable":true,"href":"https:\/\/nbg.eu\/hu\/wp-json\/wp\/v2\/media\/685280"}],"wp:attachment":[{"href":"https:\/\/nbg.eu\/hu\/wp-json\/wp\/v2\/media?parent=685237"}],"wp:term":[{"taxonomy":"product_brand","embeddable":true,"href":"https:\/\/nbg.eu\/hu\/wp-json\/wp\/v2\/product_brand?post=685237"},{"taxonomy":"product_cat","embeddable":true,"href":"https:\/\/nbg.eu\/hu\/wp-json\/wp\/v2\/product_cat?post=685237"},{"taxonomy":"product_tag","embeddable":true,"href":"https:\/\/nbg.eu\/hu\/wp-json\/wp\/v2\/product_tag?post=685237"}],"curies":[{"name":"wp","href":"https:\/\/api.w.org\/{rel}","templated":true}]}}