{"id":685319,"date":"2025-12-17T17:50:25","date_gmt":"2025-12-17T14:50:25","guid":{"rendered":"https:\/\/nbg.eu\/product\/termikus-monokularis-nocpix-lumi-l19\/"},"modified":"2026-01-21T11:59:28","modified_gmt":"2026-01-21T08:59:28","slug":"termikus-monokularis-nocpix-lumi-l19","status":"publish","type":"product","link":"https:\/\/nbg.eu\/hu\/termek\/termikus-monokularis-nocpix-lumi-l19\/","title":{"rendered":"Termikus monokul\u00e1ris Nocpix LUMI L19"},"content":{"rendered":"<h2>Maxim\u00e1lis teljes\u00edtm\u00e9ny minim\u00e1lis s\u00fallyal \u2013 Nocpix LUMI L19: Az \u00d6n megfigyel\u0151je az erd\u0151kh\u00f6z \u00e9s r\u00e9tekhez<\/h2>\n<p>A LUMI h\u0151kamer\u00e1s monokul\u00e1ris sorozat nappal \u00e9s \u00e9jszaka is haszn\u00e1lhat\u00f3, \u00e9s kiv\u00e9teles k\u00e9pmin\u0151s\u00e9get k\u00edn\u00e1l m\u00e9g neh\u00e9z id\u0151j\u00e1r\u00e1si k\u00f6r\u00fclm\u00e9nyek, p\u00e9ld\u00e1ul k\u00f6d, szmog vagy es\u0151 eset\u00e9n is. M\u00e9g akkor is, ha akad\u00e1lyok, p\u00e9ld\u00e1ul \u00e1gak, magas f\u0171 vagy s\u0171r\u0171 lombozat nehez\u00edtik a l\u00e1t\u00e1st, ennek a technol\u00f3gi\u00e1nak k\u00f6sz\u00f6nhet\u0151en mindig tiszt\u00e1n l\u00e1thatja, ami el\u0151tte van. Emellett olyan kompaktak \u00e9s k\u00f6nny\u0171ek, hogy b\u00e1rhov\u00e1 k\u00f6nnyed\u00e9n elvihet\u0151k.<\/p>\n<p>A LUMI h\u0151kamer\u00e1k kiv\u00e1l\u00f3an alkalmasak k\u00fcl\u00f6nf\u00e9le alkalmaz\u00e1sokhoz, p\u00e9ld\u00e1ul vad\u00e1szathoz, megfigyel\u00e9shez, biztons\u00e1ghoz, terepfelder\u00edt\u00e9shez vagy kutat\u00f3-ment\u0151 m\u0171veletekhez.<\/p>\n<h2>P\u00e1rj\u00e1t ritk\u00edt\u00f3 k\u00e9palkot\u00e1si teljes\u00edtm\u00e9ny a t\u00f6k\u00e9letes k\u00e9pek\u00e9rt<\/h2>\n<p>A LUMI sorozat \u00faj m\u00e9rc\u00e9t \u00e1ll\u00edt fel a k\u00e9pmin\u0151s\u00e9g ter\u00e9n. A legmodernebb k\u00e9palkot\u00e1si algoritmustokkal \u00e9s egy nagy teljes\u00edtm\u00e9ny\u0171, &lt;18 mK NETD-\u00e9rt\u00e9k\u0171 h\u0151\u00e9rz\u00e9kel\u0151vel felszerelve a kamera \u00e9les \u00e9s realisztikus k\u00e9peket biztos\u00edt. Az 1024 x 768 pixeles AMOLED kijelz\u0151 kiv\u00e9teles k\u00e9pmegjelen\u00edt\u00e9st ny\u00fajt, m\u00edg az Ultra Clear m\u00f3d tov\u00e1bb optimaliz\u00e1lja a k\u00e9p\u00e9less\u00e9get, k\u00fcl\u00f6n\u00f6sen neh\u00e9z id\u0151j\u00e1r\u00e1si k\u00f6r\u00fclm\u00e9nyek k\u00f6z\u00f6tt.<\/p>\n<h2>Szem\u00e9lyre szabott \u00e9lm\u00e9ny \u2013 T\u00f6k\u00e9letesen igaz\u00edtsa a k\u00e9sz\u00fcl\u00e9ket az ig\u00e9nyeihez<\/h2>\n<p>A 384 x 288 px-es k\u00f6z\u00e9pm\u00e9ret\u0171 \u00e9rz\u00e9kel\u0151nek \u00e9s a sz\u00e1mos be\u00e1ll\u00edt\u00e1si lehet\u0151s\u00e9gnek k\u00f6sz\u00f6nhet\u0151en a k\u00e9sz\u00fcl\u00e9ket pontosan a saj\u00e1t ig\u00e9nyeihez igaz\u00edthatja. V\u00e1lasszon 5 sz\u00ednm\u00f3d k\u00f6z\u00fcl, \u00e9s optimaliz\u00e1lja a l\u00e1t\u00e1s\u00e1t a f\u00e9nyer\u0151, az \u00e9less\u00e9ggel \u00e9s a kontraszt 10 szintj\u00e9nek seg\u00edts\u00e9g\u00e9vel \u2013 \u00edgy biztosan nem marad \u00e9szrev\u00e9tlen egyetlen r\u00e9szlet sem.<\/p>\n<h2>Egyszer\u0171 \u00e9lm\u00e9nymegoszl\u00e1s<\/h2>\n<p>A k\u00fcl\u00f6nleges pillanatok r\u00f6gz\u00edt\u00e9se alapvet\u0151 a modern vad\u00e1sz sz\u00e1m\u00e1ra. A Nocpix LUMI seg\u00edts\u00e9g\u00e9vel nemcsak k\u00f6nnyed\u00e9n megoszthatja a felv\u00e9teleit az alkalmaz\u00e1son kereszt\u00fcl, hanem k\u00f6zvetlen\u00fcl a k\u00e9sz\u00fcl\u00e9ken is lej\u00e1tszhatja \u0151ket \u2013 t\u00f6k\u00e9letes arra, hogy azonnal megoszthassa \u00e9lm\u00e9nyeit m\u00e1sokkal.<\/p>\n<h2>Rugalmasan haszn\u00e1lhat\u00f3 a levehet\u0151 akkumul\u00e1torrendszernek k\u00f6sz\u00f6nhet\u0151en<\/h2>\n<p>A LUMI sorozat szabv\u00e1nyos 18650-es akkumul\u00e1torokat haszn\u00e1l, ami maxim\u00e1lis rugalmass\u00e1got biztos\u00edt. B\u00e1rhov\u00e1 is megy, a mell\u00e9kelt akkumul\u00e1tort\u00f6lt\u0151vel hamarosan \u00fajra k\u00e9szenl\u00e9tben lesz \u2013 \u00e9s folytathatja k\u00fcldet\u00e9s\u00e9t.<\/p>\n","protected":false},"excerpt":{"rendered":"<p>Maxim\u00e1lis teljes\u00edtm\u00e9ny minim\u00e1lis s\u00fallyal &#8211; Nocpix LUMI L19: Az \u00d6n megfigyel\u0151je erd\u0151kh\u00f6z \u00e9s r\u00e9tekhez<br \/>\nHa az adott t\u00e9tel nem el\u00e9rhet\u0151, k\u00e9rj\u00fck, l\u00e9pjen kapcsolatba vel\u00fcnk: shop@nbg.eu vagy +359896147790<\/p>\n","protected":false},"featured_media":685563,"template":"","meta":{"_acf_changed":false},"product_brand":[14453],"product_cat":[12938],"product_tag":[],"class_list":{"0":"post-685319","1":"product","2":"type-product","3":"status-publish","4":"has-post-thumbnail","6":"product_brand-nocpix","7":"product_cat-hokamera","9":"first","10":"outofstock","11":"taxable","12":"shipping-taxable","13":"purchasable","14":"product-type-simple"},"acf":[],"_links":{"self":[{"href":"https:\/\/nbg.eu\/hu\/wp-json\/wp\/v2\/product\/685319","targetHints":{"allow":["GET"]}}],"collection":[{"href":"https:\/\/nbg.eu\/hu\/wp-json\/wp\/v2\/product"}],"about":[{"href":"https:\/\/nbg.eu\/hu\/wp-json\/wp\/v2\/types\/product"}],"wp:featuredmedia":[{"embeddable":true,"href":"https:\/\/nbg.eu\/hu\/wp-json\/wp\/v2\/media\/685563"}],"wp:attachment":[{"href":"https:\/\/nbg.eu\/hu\/wp-json\/wp\/v2\/media?parent=685319"}],"wp:term":[{"taxonomy":"product_brand","embeddable":true,"href":"https:\/\/nbg.eu\/hu\/wp-json\/wp\/v2\/product_brand?post=685319"},{"taxonomy":"product_cat","embeddable":true,"href":"https:\/\/nbg.eu\/hu\/wp-json\/wp\/v2\/product_cat?post=685319"},{"taxonomy":"product_tag","embeddable":true,"href":"https:\/\/nbg.eu\/hu\/wp-json\/wp\/v2\/product_tag?post=685319"}],"curies":[{"name":"wp","href":"https:\/\/api.w.org\/{rel}","templated":true}]}}