{"id":685640,"date":"2025-12-17T17:47:09","date_gmt":"2025-12-17T14:47:09","guid":{"rendered":"https:\/\/nbg.eu\/product\/termikus-monokularis-lumi-h35r-lezeres-tavolsagmerovel\/"},"modified":"2026-01-21T11:58:52","modified_gmt":"2026-01-21T08:58:52","slug":"termikus-monokularis-lumi-h35r-lezeres-tavolsagmerovel","status":"publish","type":"product","link":"https:\/\/nbg.eu\/hu\/termek\/termikus-monokularis-lumi-h35r-lezeres-tavolsagmerovel\/","title":{"rendered":"Termikus monokul\u00e1ris LUMI H35R l\u00e9zeres t\u00e1vols\u00e1gm\u00e9r\u0151vel"},"content":{"rendered":"<h2>1800 m-es \u00e9rz\u00e9kel\u0151tartom\u00e1nnyal rendelkez\u0151 h\u0151keres\u0151 k\u00e9sz\u00fcl\u00e9k, rendk\u00edv\u00fcl kompakt \u00e9s k\u00f6nny\u0171!<\/h2>\n<p>Be\u00e9p\u00edtett l\u00e9zeres t\u00e1vols\u00e1gm\u00e9r\u0151.<\/p>\n<p>Nagyfelbont\u00e1s\u00fa \u00e9rz\u00e9kel\u0151 \u00e9s k\u00fcl\u00f6n\u00f6sen teljes\u00edt\u0151k\u00e9pes: \u2264 18 mK NETD.<\/p>\n<p>Elt\u00e1vol\u00edthat\u00f3 akkumul\u00e1torrendszer 18650-es elemekkel.<\/p>\n<p>Vide\u00f3felv\u00e9tel, v\u00edz\u00e1ll\u00f3 \u00e9s k\u00fcl\u00f6n\u00f6sen csendes m\u0171k\u00f6d\u00e9s.<\/p>\n<p>3 \u00e9v teljes gy\u00e1rt\u00f3i garancia!<\/p>\n<h2>Tov\u00e1bbi jellemz\u0151k:<\/h2>\n<p>-Be\u00e9p\u00edtett l\u00e9zeres t\u00e1vols\u00e1gm\u00e9r\u0151 a c\u00e9lpontok pontos t\u00e1vols\u00e1g\u00e1nak meghat\u00e1roz\u00e1s\u00e1hoz.<\/p>\n<p>-Kiv\u00e1l\u00f3 k\u00e9pmin\u0151s\u00e9g: M\u00e9g sz\u00e9ls\u0151s\u00e9ges id\u0151j\u00e1r\u00e1si k\u00f6r\u00fclm\u00e9nyek k\u00f6z\u00f6tt is stabil marad a k\u00e9pmin\u0151s\u00e9g.<\/p>\n<p>-Speci\u00e1lisan vad\u00e1szati c\u00e9lokra tervezett \u00e9rz\u00e9kel\u0151: Stabil m\u0171k\u00f6d\u00e9st biztos\u00edt \u2264 18 mK NETD-vel a kiv\u00e1l\u00f3 k\u00e9pmin\u0151s\u00e9g \u00e9rdek\u00e9ben.<\/p>\n<p>-F0,9-es lencse: 20%-kal t\u00f6bb f\u00e9ny\u00e1tvitel az F1,0-\u00e1s lencs\u00e9hez k\u00e9pest a vil\u00e1gosabb \u00e9s tiszt\u00e1bb k\u00e9pek\u00e9rt.<\/p>\n<p>-Reality+ k\u00e9poptimaliz\u00e1l\u00e1s: Fejlett algoritmusok jav\u00edtj\u00e1k a k\u00e9pmin\u0151s\u00e9get \u00e9s megsz\u00fcntetik a k\u00e9pzajt.<\/p>\n<p>-Elektronikus k\u00e9pstabiliz\u00e1tor: A vide\u00f3k sim\u00e1k \u00e9s stabilak.<\/p>\n<p>-Szem-relief sz\u00ednpaletta: Speci\u00e1lis v\u00f6r\u00f6s \u00e9s z\u00f6ld palett\u00e1i cs\u00f6kkentik a szem f\u00e1rad\u00e1s\u00e1t hosszabb haszn\u00e1lat eset\u00e9n.<\/p>\n<p>-Elt\u00e1vol\u00edthat\u00f3 18650-es akkumul\u00e1tor: Ford\u00edtott polarit\u00e1ssal a k\u00f6nny\u0171 cser\u00e9lhet\u0151s\u00e9g \u00e9rdek\u00e9ben, ide\u00e1lis \u00e9jszakai haszn\u00e1lathoz.<\/p>\n<p>-Ultrahalk gombok: Csendes m\u0171k\u00f6d\u00e9s, amely nem zavarja a vadakat.<\/p>\n<p>-Kompakt kialak\u00edt\u00e1s: A k\u00e9sz\u00fcl\u00e9k kisebb, mint egy mobiltelefon, \u00e9s k\u00f6nnyen hordozhat\u00f3.<\/p>\n<p>-IP67 v\u00e9delmi oszt\u00e1ly: Pormentes \u00e9s v\u00edz\u00e1ll\u00f3 a sz\u00e9ls\u0151s\u00e9ges k\u00f6rnyezeti felt\u00e9telek k\u00f6z\u00f6tt t\u00f6rt\u00e9n\u0151 haszn\u00e1latra.<\/p>\n<p>-Ergonomikus kialak\u00edt\u00e1s: K\u00fclt\u00e9ri haszn\u00e1latra tervezt\u00e9k, k\u00e9nyelmes \u00e9s felhaszn\u00e1l\u00f3bar\u00e1t.<\/p>\n<p>-K\u00f6nny\u0171: A k\u00e9sz\u00fcl\u00e9k s\u00falya kevesebb, mint 345 g.<\/p>\n<p>-10 mm-es l\u00e9pcs\u0151\u00e1tm\u00e9r\u0151: Optim\u00e1lis l\u00e1that\u00f3s\u00e1got \u00e9s k\u00e9nyelmes n\u00e9z\u00e9si sz\u00f6get biztos\u00edt.<\/p>\n<p>-Megb\u00edzhat\u00f3 \u00e9jszaka: Csendes \u00e9s k\u00f6nny\u0171 haszn\u00e1lata r\u00e9v\u00e9n m\u00e9g s\u00f6t\u00e9t k\u00f6rnyezetben is optim\u00e1lisan haszn\u00e1lhat\u00f3.<\/p>\n<p>-Elt\u00e1vol\u00edthat\u00f3 akkumul\u00e1tor: Lehet\u0151v\u00e9 teszi a hosszabb \u00fczemid\u0151t az elemek cser\u00e9j\u00e9vel.<\/p>\n<p>-Nagy ny\u00edl\u00e1s\u00e1tm\u00e9r\u0151: N\u00f6veli a f\u00e9nyfelv\u00e9telt \u00e9s a k\u00e9pf\u00e9nyer\u0151t neh\u00e9z megvil\u00e1g\u00edt\u00e1si k\u00f6r\u00fclm\u00e9nyek k\u00f6z\u00f6tt.<\/p>\n<p>-Be\u00e9p\u00edtett mikrofon: Hangfelv\u00e9tel k\u00e9sz\u00edt\u00e9s\u00e9t teszi lehet\u0151v\u00e9.<\/p>\n<p>-32 GB mem\u00f3ria: Fot\u00f3k, vide\u00f3k \u00e9s hangfelv\u00e9telek sz\u00e1m\u00e1ra.<\/p>\n<p>-K\u00f6nnyen haszn\u00e1lhat\u00f3: Ide\u00e1lis a kompakt \u00e9s k\u00f6nny\u0171 k\u00e9sz\u00fcl\u00e9ket prefer\u00e1l\u00f3 felhaszn\u00e1l\u00f3k sz\u00e1m\u00e1ra.<\/p>\n<p>-R+ AI k\u00e9palkot\u00e1si algoritmusok: Jav\u00edtja a k\u00e9pr\u00e9szletek min\u0151s\u00e9g\u00e9t, \u00e9s kihaszn\u00e1lja az \u00e9rz\u00e9kel\u0151 teljes potenci\u00e1lj\u00e1t.<\/p>\n","protected":false},"excerpt":{"rendered":"<p>A kateg\u00f3ri\u00e1j\u00e1ban legfejlettebb \u00e9rz\u00e9kel\u0151 (&lt;18mK NETD). Integr\u00e1lt l\u00e9zeres t\u00e1vm\u00e9r\u0151. K\u00fcl\u00f6n\u00f6sen k\u00f6nny\u0171 kezelni: k\u00f6nny\u0171 \u00e9s kompakt h\u00e1z. Cser\u00e9lhet\u0151 akkumul\u00e1torrendszer szabv\u00e1nyos 18650 elemekkel.<\/p>\n<p>Ha a cikk nem el\u00e9rhet\u0151, k\u00e9rj\u00fck, vegye fel vel\u00fcnk a kapcsolatot: shop@nbg.eu vagy +359896147790<\/p>\n","protected":false},"featured_media":685701,"template":"","meta":{"_acf_changed":false},"product_brand":[14453],"product_cat":[12938],"product_tag":[],"class_list":{"0":"post-685640","1":"product","2":"type-product","3":"status-publish","4":"has-post-thumbnail","6":"product_brand-nocpix","7":"product_cat-hokamera","9":"first","10":"instock","11":"taxable","12":"shipping-taxable","13":"purchasable","14":"product-type-simple"},"acf":[],"_links":{"self":[{"href":"https:\/\/nbg.eu\/hu\/wp-json\/wp\/v2\/product\/685640","targetHints":{"allow":["GET"]}}],"collection":[{"href":"https:\/\/nbg.eu\/hu\/wp-json\/wp\/v2\/product"}],"about":[{"href":"https:\/\/nbg.eu\/hu\/wp-json\/wp\/v2\/types\/product"}],"wp:featuredmedia":[{"embeddable":true,"href":"https:\/\/nbg.eu\/hu\/wp-json\/wp\/v2\/media\/685701"}],"wp:attachment":[{"href":"https:\/\/nbg.eu\/hu\/wp-json\/wp\/v2\/media?parent=685640"}],"wp:term":[{"taxonomy":"product_brand","embeddable":true,"href":"https:\/\/nbg.eu\/hu\/wp-json\/wp\/v2\/product_brand?post=685640"},{"taxonomy":"product_cat","embeddable":true,"href":"https:\/\/nbg.eu\/hu\/wp-json\/wp\/v2\/product_cat?post=685640"},{"taxonomy":"product_tag","embeddable":true,"href":"https:\/\/nbg.eu\/hu\/wp-json\/wp\/v2\/product_tag?post=685640"}],"curies":[{"name":"wp","href":"https:\/\/api.w.org\/{rel}","templated":true}]}}