{"id":685800,"date":"2025-12-18T16:23:59","date_gmt":"2025-12-18T13:23:59","guid":{"rendered":"https:\/\/nbg.eu\/product\/termikus-binokularis-nocpix-quest-h35r-lrf-640x512-netd-15mk\/"},"modified":"2026-01-21T12:22:39","modified_gmt":"2026-01-21T09:22:39","slug":"termikus-binokularis-nocpix-quest-h35r-lrf-640x512-netd-15mk","status":"publish","type":"product","link":"https:\/\/nbg.eu\/hu\/termek\/termikus-binokularis-nocpix-quest-h35r-lrf-640x512-netd-15mk\/","title":{"rendered":"Termikus binokul\u00e1ris Nocpix Quest H35R LRF 640&#215;512 NETD &lt;15mK"},"content":{"rendered":"<h2>Nocpix QUEST H35R LRF 640&#215;512 H\u0151kamer\u00e1s L\u00e1tcs\u0151<\/h2>\n<p>A QUEST k\u00f6nny\u0171 \u00e9s hordozhat\u00f3, legfeljebb 2600 m-es \u00e9szlel\u00e9si tartom\u00e1nnyal \u00e9s 1000 m-es be\u00e9p\u00edtett rejtett l\u00e9zeres t\u00e1vm\u00e9r\u0151vel rendelkezik a kiv\u00e1l\u00f3 pontoss\u00e1g \u00e9s l\u00e1that\u00f3s\u00e1g \u00e9rdek\u00e9ben. Hagyom\u00e1nyos l\u00e1tcs\u00f6ves kialak\u00edt\u00e1sa teljes gumibevonattal \u00e9s IP67-es min\u0151s\u00edt\u00e9ssel rendelkezik a tart\u00f3ss\u00e1g \u00e9s k\u00e9nyelem \u00e9rdek\u00e9ben a neh\u00e9z k\u00f6r\u00fclm\u00e9nyek k\u00f6z\u00f6tt. 640&#215;512-es szenzorral (NETD \u226415mK, 60Hz) felszerelve a QUEST kiv\u00e9teles k\u00e9ptisztas\u00e1got, kiv\u00e1l\u00f3 h\u0151\u00e9rz\u00e9kenys\u00e9get \u00e9s probl\u00e9mamentes m\u0171k\u00f6d\u00e9st biztos\u00edt a kih\u00edv\u00e1st jelent\u0151 k\u00f6rnyezetekben.<\/p>\n<h2>Kiv\u00e1l\u00f3 vizu\u00e1lis \u00e9lm\u00e9ny<\/h2>\n<p>A Nocpix QUEST R+ k\u00e9pjav\u00edt\u00e1ssal rendelkezik a kiv\u00e1l\u00f3 tisztas\u00e1g \u00e9s pontoss\u00e1g \u00e9rdek\u00e9ben, valamint 1920&#215;1200-as AMOLED kijelz\u0151vel az elmer\u00fcl\u0151, szem-bar\u00e1t n\u00e9z\u00e9si \u00e9lm\u00e9ny\u00e9rt.<\/p>\n<h2>Kiv\u00e1l\u00f3 szenzor biztos\u00edtja a kiv\u00e1l\u00f3s\u00e1got<\/h2>\n<p>A Nocpix QUEST magas teljes\u00edtm\u00e9ny\u0171 szenzorral (640&#215;512@12\u00b5m) rendelkezik, amely kiv\u00e9teles k\u00e9ptisztas\u00e1got ny\u00fajt. NETD \u226415mK \u00e9s 60Hz k\u00e9pfriss\u00edt\u00e9s mellett kiv\u00e1l\u00f3 h\u0151\u00e9rz\u00e9kenys\u00e9get biztos\u00edt, tiszta \u00e9s vizu\u00e1lis k\u00e9peket adva m\u00e9g a legkih\u00edv\u00f3bb k\u00f6rnyezetekben is.<\/p>\n<h2>Er\u0151s \u00e9szlel\u00e9si k\u00e9pess\u00e9gek<\/h2>\n<p>A Nocpix QUEST legfeljebb 2600 m-es \u00e9szlel\u00e9si tartom\u00e1nnyal \u00e9s legfeljebb 1000 m-es be\u00e9p\u00edtett rejtett l\u00e9zeres t\u00e1vm\u00e9r\u0151vel rendelkezik, lehet\u0151v\u00e9 t\u00e9ve, hogy m\u00e9g messzebbre \u00e9s pontosabban l\u00e1sson, mint valaha. Ballisztikus sz\u00e1m\u00edt\u00e1sokat is t\u00e1mogat, adatt\u00e1mogat\u00e1st ny\u00fajtva a kooperat\u00edv vad\u00e1szathoz.<\/p>\n<h2>Egykezes m\u0171k\u00f6dtet\u00e9s<\/h2>\n<p>A Nocpix QUEST ergonomikus, cs\u00fasz\u00e1smentes fog\u00e1st k\u00edn\u00e1l, egyszer\u0171 4 gombos elrendez\u00e9ssel \u00e9s k\u00f6zponti g\u00f6rg\u0151kkel az egykezes m\u0171k\u00f6dtet\u00e9shez \u00e9s biztons\u00e1gos fog\u00e1shoz minden k\u00f6r\u00fclm\u00e9nyek k\u00f6z\u00f6tt.<\/p>\n<h2>K\u00f6nny\u0171 \u00e9s hordozhat\u00f3<\/h2>\n<p>A QUEST mind\u00f6ssze 700 g-os, \u00e9s saj\u00e1t hordt\u00e1sk\u00e1val rendelkezik, k\u00f6nny\u0171 hordozhat\u00f3s\u00e1got \u00e9s k\u00e9nyelmet biztos\u00edtva a szabadt\u00e9ri tev\u00e9kenys\u00e9gekhez, mint a vad\u00e1szat \u00e9s felfedez\u00e9s.<\/p>\n<h2>Megsz\u00fcnteti a t\u00e1pell\u00e1t\u00e1s miatti aggodalmakat<\/h2>\n<p>A QUEST sorozat kett\u0151s akkumul\u00e1toros kialak\u00edt\u00e1ssal rendelkezik be\u00e9p\u00edtett \u00e9s cser\u00e9lhet\u0151 18650-es akkumul\u00e1torral, \u00edgy z\u00f6kken\u0151mentes cser\u00e9t \u00e9s folyamatos haszn\u00e1latot biztos\u00edt a kalandok sor\u00e1n.<\/p>\n<h2>A legjobb l\u00e1tcs\u0151\u00e9lm\u00e9ny<\/h2>\n<p>A QUEST hagyom\u00e1nyos l\u00e1tcs\u00f6ves kialak\u00edt\u00e1ssal, kifinomult teljes gumibevonattal \u00e9s IP67-es min\u0151s\u00edt\u00e9ssel rendelkezik a v\u00edz- \u00e9s por\u00e1ll\u00f3s\u00e1g \u00e9rdek\u00e9ben, biztos\u00edtva a tart\u00f3ss\u00e1got \u00e9s az \u00e1ltal\u00e1nos k\u00e9nyelmet.<\/p>\n","protected":false},"excerpt":{"rendered":"<p>Nocpix Quest H35R LRF 640&#215;512 NETD &lt;15mK: K\u00f6nny\u0171, hordozhat\u00f3 h\u0151kamer\u00e1s k\u00e9zi t\u00e1vcs\u0151 2600 m-es \u00e9szlel\u00e9si tartom\u00e1nnyal, 1000 m-es l\u00e9zeres t\u00e1vols\u00e1gm\u00e9r\u0151vel \u00e9s kiv\u00e9teles k\u00e9ptisztas\u00e1ggal.<\/p>\n","protected":false},"featured_media":686413,"template":"","meta":{"_acf_changed":false},"product_brand":[14453],"product_cat":[12938,14685],"product_tag":[],"class_list":{"0":"post-685800","1":"product","2":"type-product","3":"status-publish","4":"has-post-thumbnail","6":"product_brand-nocpix","7":"product_cat-hokamera","8":"product_cat-tavcsovek","10":"first","11":"instock","12":"taxable","13":"shipping-taxable","14":"purchasable","15":"product-type-simple"},"acf":[],"_links":{"self":[{"href":"https:\/\/nbg.eu\/hu\/wp-json\/wp\/v2\/product\/685800","targetHints":{"allow":["GET"]}}],"collection":[{"href":"https:\/\/nbg.eu\/hu\/wp-json\/wp\/v2\/product"}],"about":[{"href":"https:\/\/nbg.eu\/hu\/wp-json\/wp\/v2\/types\/product"}],"wp:featuredmedia":[{"embeddable":true,"href":"https:\/\/nbg.eu\/hu\/wp-json\/wp\/v2\/media\/686413"}],"wp:attachment":[{"href":"https:\/\/nbg.eu\/hu\/wp-json\/wp\/v2\/media?parent=685800"}],"wp:term":[{"taxonomy":"product_brand","embeddable":true,"href":"https:\/\/nbg.eu\/hu\/wp-json\/wp\/v2\/product_brand?post=685800"},{"taxonomy":"product_cat","embeddable":true,"href":"https:\/\/nbg.eu\/hu\/wp-json\/wp\/v2\/product_cat?post=685800"},{"taxonomy":"product_tag","embeddable":true,"href":"https:\/\/nbg.eu\/hu\/wp-json\/wp\/v2\/product_tag?post=685800"}],"curies":[{"name":"wp","href":"https:\/\/api.w.org\/{rel}","templated":true}]}}