{"id":686444,"date":"2026-01-08T18:14:39","date_gmt":"2026-01-08T15:14:39","guid":{"rendered":"https:\/\/nbg.eu\/product\/termikus-rogzitesu-nocpix-mate-ultra-s60r\/"},"modified":"2026-04-14T16:00:41","modified_gmt":"2026-04-14T13:00:41","slug":"termikus-rogzitesu-nocpix-mate-ultra-s60r","status":"publish","type":"product","link":"https:\/\/nbg.eu\/hu\/termek\/termikus-rogzitesu-nocpix-mate-ultra-s60r\/","title":{"rendered":"Nocpix H\u0151k\u00e9pes El\u0151t\u00e9t Mate Ultra S60R"},"content":{"rendered":"<h2>V\u00e1ltoztasd napk\u00f6zbeni l\u00e1t\u00f3mez\u0151det modern h\u0151k\u00e9pes c\u00e9lt\u00e1vcs\u0151v\u00e9 a Nocpix MATE Ultra S60R egyed\u00fcl\u00e1ll\u00f3 1280&#215;1024 felbont\u00e1s\u00fa h\u0151kamer\u00e1s szerel\u00e9k\u00e9vel &#8211; a legjobb el\u0151re szerelhet\u0151 h\u0151kamer\u00e1s szerel\u00e9k, tervezve a profi vad\u00e1szok, term\u00e9szetmegfigyel\u0151k \u00e9s c\u00e9lz\u00f3 l\u00f6v\u00e9szek sz\u00e1m\u00e1ra, akik a precizit\u00e1st k\u00f6vetelik.<\/h2>\n<p>A leg\u00fajabb k\u00e9palkot\u00f3 technol\u00f3gi\u00e1val fel\u00e9p\u00edtve, a Nocpix MATE Ultra S60R p\u00e1ratlan tisztas\u00e1got, hossz\u00fa t\u00e1v\u00fa \u00e9szlel\u00e9st \u00e9s \u00e9lvonalbeli funkci\u00f3kat k\u00edn\u00e1l a legig\u00e9nyesebb teljes\u00edtm\u00e9ny \u00e9rdek\u00e9ben b\u00e1rmely k\u00f6rnyezetben.<\/p>\n<h2>Kiv\u00e9teles k\u00e9pmin\u0151s\u00e9g \u00e9s \u00e9szlel\u00e9si tartom\u00e1ny<\/h2>\n<p>A Nocpix MATE Ultra S60R k\u00f6zpontj\u00e1ban egy 2. gener\u00e1ci\u00f3s HD 1280&#215;1024-es h\u0151\u00e9rz\u00e9kel\u0151 \u00e1ll, rendk\u00edv\u00fcl finom, 12 \u03bcm-es pixelm\u00e9rettel \u00e9s NETD \u226415mK \u00e9rz\u00e9kenys\u00e9ggel, biztos\u00edtva, hogy a leggyeng\u00e9bb h\u0151k\u00fcl\u00f6nbs\u00e9geket is \u00e9szlelje. A nagy, 60 mm-es F1,0 lencse t\u00f6bb h\u0151energi\u00e1t fog be a krist\u00e1lytiszta k\u00e9pekhez \u00e9s a megn\u00f6velt hat\u00f3t\u00e1vols\u00e1ghoz, ak\u00e1r 3100 m-es \u00e9szlel\u00e9si t\u00e1vols\u00e1got k\u00edn\u00e1lva. Ak\u00e1r hajnali szarvasvad\u00e1szatra, ak\u00e1r \u00e9jszakai sz\u00e9les ter\u00fcletek p\u00e1szt\u00e1z\u00e1s\u00e1ra k\u00e9sz\u00fclsz, az S60R garant\u00e1lja, hogy egyetlen r\u00e9szlet sem marad \u00e9szrev\u00e9tlen.<\/p>\n<h2>Fejlett k\u00e9pfeldolgoz\u00e1s a Reality+ AI-jal<\/h2>\n<p>K\u00e9t k\u00e9pfeldolgoz\u00f3 algoritmust tartalmazva &#8211; egy er\u0151s k\u00e9pfeldolgoz\u00f3t kombin\u00e1lva az intelligens Reality+ technol\u00f3gi\u00e1val &#8211; a MATE Ultra S60R automatikusan alkalmazkodik a c\u00e9lt\u00e1vcs\u0151 nagy\u00edt\u00e1s\u00e1hoz. Ez \u00e9les k\u00e9peket, pontos zoomol\u00e1st \u00e9s k\u00f6vetkezetes k\u00e9pstabilit\u00e1st biztos\u00edt, m\u00e9g k\u00f6dben, szit\u00e1l\u00f3 es\u0151ben vagy kih\u00edv\u00e1st jelent\u0151 alacsony megvil\u00e1g\u00edt\u00e1s\u00fa k\u00f6r\u00fclm\u00e9nyek k\u00f6z\u00f6tt is.<\/p>\n<p>Magic Zoom (LITE n\u00e9lk\u00fcl) &#8211; Val\u00f3s idej\u0171 automatikus k\u00e9p- \u00e9s interf\u00e9sz-be\u00e1ll\u00edt\u00e1s a z\u00f6kken\u0151mentes zoomol\u00e1shoz.<\/p>\n<p>7 k\u00fcl\u00f6nf\u00e9le sz\u00ednpaletta &#8211; V\u00e1laszd ki a legjobb h\u0151k\u00e9pes n\u00e9zetet b\u00e1rmely helyzetben.<\/p>\n<p>1920&#215;1080-as AMOLED kijelz\u0151 &#8211; Rendk\u00edv\u00fcl \u00e9les k\u00e9pek \u00e9l\u00e9nk kontraszttal.<\/p>\n<h2>Tervezve a precizit\u00e1shoz \u00e9s az etikus vad\u00e1szathoz<\/h2>\n<p>Be\u00e9p\u00edtett l\u00e9zeres t\u00e1vols\u00e1gm\u00e9r\u0151vel (ak\u00e1r 1200 m-ig) \u00e9s integr\u00e1lt ballisztikai sz\u00e1m\u00edt\u00f3g\u00e9ppel, az S60R seg\u00edt megalapozott \u00e9s etikus l\u00f6v\u00e9si d\u00f6nt\u00e9seket hozni. A k\u00e9p-a-k\u00e9pben (PIP) m\u00f3d jav\u00edtja a c\u00e9lz\u00e1s pontoss\u00e1g\u00e1t, a visszar\u00fag\u00e1s-aktiv\u00e1lt videofelv\u00e9tel (RAV) pedig gondoskodik arr\u00f3l, hogy minden kritikus pillanat r\u00f6gz\u00edtve legyen.<\/p>\n<p>K\u00e9pek, vide\u00f3k \u00e9s hangfelv\u00e9telek k\u00e9sz\u00edt\u00e9se 64 GB-os mem\u00f3ri\u00e1val<\/p>\n<p>Wi-Fi \u00e9s t\u00e1voli kapcsolat az N-Link-kel<\/p>\n<p>Z\u00e1rrel\u00e9lez\u0151 technol\u00f3gia a csendes \u00e9s megb\u00edzhat\u00f3 m\u0171k\u00f6d\u00e9s \u00e9rdek\u00e9ben<\/p>\n<h2>Robusztus, praktikus \u00e9s megb\u00edzhat\u00f3<\/h2>\n<p>A terepen t\u00f6rt\u00e9n\u0151 haszn\u00e1latra tervezve, a MATE Ultra S60R mind er\u0151s, mind k\u00f6nnyen kezelhet\u0151. Nagy, 60 mm-es szemlencs\u00e9t tartalmaz, kevesebb mint 1%-os torzul\u00e1ssal, \u00edgy meg\u0151rzi a stabil tal\u00e1lati pontot \u00e9s k\u00f6vetkezetes illeszked\u00e9st ak\u00e1r 16x nagy\u00edt\u00e1sig. Cser\u00e9lhet\u0151 18650-es elemekkel (4 db van mell\u00e9kelve az ULTRA-hoz) m\u0171k\u00f6dik, hossz\u00fa t\u00e1v\u00fa megb\u00edzhat\u00f3s\u00e1got biztos\u00edtva a kiterjedt szabadt\u00e9ri haszn\u00e1lathoz.<\/p>\n<h2>F\u0151bb m\u0171szaki adatok<\/h2>\n<p>&#8211; 2. gener\u00e1ci\u00f3s 15 mK alatti 1280&#215;1024 60Hz-es \u00e9rz\u00e9kel\u0151 (Ultra)<\/p>\n<p>&#8211; F1,0 lencse &#8211; kiv\u00e1l\u00f3 f\u00e9nybefog\u00e1s<\/p>\n<p>&#8211; \u00c9szlel\u00e9si tartom\u00e1ny ak\u00e1r 3100 m-ig<\/p>\n<p>&#8211; 1200 m-es be\u00e9p\u00edtett l\u00e9zeres t\u00e1vols\u00e1gm\u00e9r\u0151 (LITE n\u00e9lk\u00fcl)<\/p>\n<p>&#8211; Reality+ k\u00e9pfeldolgoz\u00e1s mesters\u00e9ges intelligenci\u00e1val<\/p>\n<p>&#8211; Ballisztikai sz\u00e1m\u00edt\u00e1si t\u00e1mogat\u00e1s<\/p>\n<p>&#8211; Fot\u00f3\/vide\u00f3\/hang r\u00f6gz\u00edt\u00e9s, 64 GB mem\u00f3ria<\/p>\n<p>&#8211; Visszar\u00fag\u00e1s-aktiv\u00e1lt videofelv\u00e9tel (RAV)<\/p>\n<p>&#8211; 1920&#215;1080 felbont\u00e1s\u00fa AMOLED kijelz\u0151<\/p>\n<p>&#8211; 7 sz\u00ednpaletta<\/p>\n<p>&#8211; Wi-Fi\/N-Link t\u00e1vvez\u00e9rl\u00e9s kompatibilit\u00e1s<\/p>\n<p>&#8211; Cser\u00e9lhet\u0151 18650-es elemek<\/p>\n<h2>Mi\u00e9rt v\u00e1lassza a Nocpix MATE Ultra S60R-t?<\/h2>\n<p>Ha a c\u00e9lt\u00e1vcs\u0151-szerel\u00e9k legfejlettebb h\u0151k\u00e9pes v\u00e1ltozat\u00e1t keresi, a MATE Ultra S60R a hossz\u00fa t\u00e1v\u00fa \u00e9szlel\u00e9s, a legkorszer\u0171bb AI k\u00e9pfeldolgoz\u00f3 technol\u00f3gia \u00e9s a terepre tervezett megb\u00edzhat\u00f3s\u00e1g t\u00f6k\u00e9letes kombin\u00e1ci\u00f3j\u00e1t k\u00edn\u00e1lja. Ak\u00e1r vad\u00e1szatra, term\u00e9szetmegfigyel\u00e9sre vagy taktikai alkalmaz\u00e1sokra haszn\u00e1lja, \u00e1tdefini\u00e1lja, hogy mit \u00e9rhet el egy h\u0151k\u00e9pes szerel\u00e9k.<\/p>\n","protected":false},"excerpt":{"rendered":"<p>A nappali l\u00f6v\u0151\u00e1ll\u00e1st modern h\u0151kamer\u00e1s l\u00f6v\u0151eszk\u00f6zz\u00e9 alak\u00edthatja \u00e1t az egyed\u00fcli 1280&#215;1024 felbont\u00e1s\u00fa Nocpix MATE Ultra S60R h\u0151kamer\u00e1s felszerel\u00e9s\u00e9vel &#8211; a legjobb el\u00f6l felszerelhet\u0151 h\u0151kamer\u00e1s szerel\u00e9kkel, amelyet professzion\u00e1lis vad\u00e1szok, term\u00e9szetmegfigyel\u0151k \u00e9s l\u00f6v\u00e9szek sz\u00e1m\u00e1ra terveztek, akik a precizit\u00e1st k\u00f6vetelik meg.<\/p>\n<p>Ha a term\u00e9k nem el\u00e9rhet\u0151, k\u00e9rj\u00fck, l\u00e9pjen kapcsolatba vel\u00fcnk: shop@nbg.eu vagy +359896147790<\/p>\n","protected":false},"featured_media":686548,"template":"","meta":{"_acf_changed":false},"product_brand":[14453],"product_cat":[12938,16080],"product_tag":[],"class_list":{"0":"post-686444","1":"product","2":"type-product","3":"status-publish","4":"has-post-thumbnail","6":"product_brand-nocpix","7":"product_cat-hokamera","8":"product_cat-thermal-cameras-hu","10":"first","11":"instock","12":"taxable","13":"shipping-taxable","14":"purchasable","15":"product-type-simple"},"acf":[],"_links":{"self":[{"href":"https:\/\/nbg.eu\/hu\/wp-json\/wp\/v2\/product\/686444","targetHints":{"allow":["GET"]}}],"collection":[{"href":"https:\/\/nbg.eu\/hu\/wp-json\/wp\/v2\/product"}],"about":[{"href":"https:\/\/nbg.eu\/hu\/wp-json\/wp\/v2\/types\/product"}],"wp:featuredmedia":[{"embeddable":true,"href":"https:\/\/nbg.eu\/hu\/wp-json\/wp\/v2\/media\/686548"}],"wp:attachment":[{"href":"https:\/\/nbg.eu\/hu\/wp-json\/wp\/v2\/media?parent=686444"}],"wp:term":[{"taxonomy":"product_brand","embeddable":true,"href":"https:\/\/nbg.eu\/hu\/wp-json\/wp\/v2\/product_brand?post=686444"},{"taxonomy":"product_cat","embeddable":true,"href":"https:\/\/nbg.eu\/hu\/wp-json\/wp\/v2\/product_cat?post=686444"},{"taxonomy":"product_tag","embeddable":true,"href":"https:\/\/nbg.eu\/hu\/wp-json\/wp\/v2\/product_tag?post=686444"}],"curies":[{"name":"wp","href":"https:\/\/api.w.org\/{rel}","templated":true}]}}