{"id":686571,"date":"2026-01-08T18:15:06","date_gmt":"2026-01-08T15:15:06","guid":{"rendered":"https:\/\/nbg.eu\/product\/hokameras-tavcso-nocpix-mate-h50r\/"},"modified":"2026-04-14T16:00:38","modified_gmt":"2026-04-14T13:00:38","slug":"hokameras-tavcso-nocpix-mate-h50r","status":"publish","type":"product","link":"https:\/\/nbg.eu\/hu\/termek\/hokameras-tavcso-nocpix-mate-h50r\/","title":{"rendered":"Nocpix H\u0151k\u00e9pes C\u00e9lz\u00f3 Mate H50R"},"content":{"rendered":"<h2>V\u00e1ltoztasd a napelemes optik\u00e1dat modern h\u0151l\u00e1t\u00f3 c\u00e9lt\u00e1vcs\u0151v\u00e9 a Nocpix MATE H50R seg\u00edts\u00e9g\u00e9vel<\/h2>\n<p>V\u00e1ltoztasd a napelemes optik\u00e1dat modern h\u0151l\u00e1t\u00f3 c\u00e9lt\u00e1vcs\u0151v\u00e9 az egyed\u00fcl\u00e1ll\u00f3 640X512 pixeles Nocpix MATE H50R h\u0151l\u00e1t\u00f3 c\u00e9lt\u00e1vcs\u0151 seg\u00edts\u00e9g\u00e9vel &#8211; ez a legjobb el\u00fcls\u0151 r\u00f6gz\u00edt\u00e9s\u0171 h\u0151l\u00e1t\u00f3 c\u00e9lt\u00e1vcs\u0151, amelyet profi vad\u00e1szok, term\u00e9szetmegfigyel\u0151k \u00e9s olyan l\u00f6v\u00e9szek sz\u00e1m\u00e1ra terveztek, akik precizit\u00e1st ig\u00e9nyelnek.<\/p>\n<p>A k\u00f6vetkez\u0151 gener\u00e1ci\u00f3s k\u00e9pfeldolgoz\u00f3 technol\u00f3gi\u00e1val ell\u00e1tva a Nocpix MATE H50R p\u00e1ratlan tisztas\u00e1got, nagy hat\u00f3t\u00e1v\u00fa \u00e9szlel\u00e9st \u00e9s cs\u00facstechnol\u00f3gi\u00e1s funkci\u00f3kat k\u00edn\u00e1l a legjobb teljes\u00edtm\u00e9ny\u00e9rt b\u00e1rmilyen k\u00f6rnyezetben.<\/p>\n<h2>Kiemelked\u0151 k\u00e9pmin\u0151s\u00e9g \u00e9s \u00e9szlel\u00e9si tartom\u00e1ny<\/h2>\n<p>A Nocpix MATE Ultra H50R k\u00f6zpontj\u00e1ban egy 2. gener\u00e1ci\u00f3s HD 640X512 pixeles h\u0151\u00e9rz\u00e9kel\u0151 tal\u00e1lhat\u00f3 12 \u03bcm-es extra finom pixelm\u00e9rettel \u00e9s NETD \u226415mK \u00e9rz\u00e9kenys\u00e9ggel, \u00edgy a legcsek\u00e9lyebb h\u0151k\u00fcl\u00f6nbs\u00e9geket is \u00e9rz\u00e9keli. Az 50 mm-es F1.0-es lencse t\u00f6bb h\u0151sug\u00e1rz\u00e1st gy\u0171jt be a krist\u00e1lytiszta k\u00e9pekhez \u00e9s a megn\u00f6velt hat\u00f3t\u00e1vols\u00e1ghoz, ak\u00e1r 2600 m-es \u00e9szlel\u00e9si t\u00e1vols\u00e1got k\u00edn\u00e1lva. Ak\u00e1r hajnalban k\u00f3sz\u00e1l szarvasok ut\u00e1n, ak\u00e1r \u00e9jszaka p\u00e1szt\u00e1zza a t\u00e1voli mez\u0151ket, a H50R gondoskodik arr\u00f3l, hogy semmi se maradjon \u00e9szrev\u00e9tlen.<\/p>\n<h2>Fejlett k\u00e9pfeldolgoz\u00e1s a Reality+ AI-val<\/h2>\n<p>A kett\u0151s k\u00e9pfeldolgoz\u00f3 algoritmussal &#8211; egy er\u0151teljes k\u00e9pprocesszorral \u00e9s intelligens Reality+ technol\u00f3gi\u00e1val &#8211; felszerelve a MATE Ultra H50R automatikusan alkalmazkodik a c\u00e9lt\u00e1vcs\u0151 nagy\u00edt\u00e1s\u00e1hoz. Ez \u00e9les l\u00e1tv\u00e1nyt, pontos zoomol\u00e1st \u00e9s konzisztens k\u00e9pstabilit\u00e1st biztos\u00edt k\u00f6dben, szemerk\u00e9l\u0151 es\u0151ben vagy kih\u00edv\u00e1st jelent\u0151 gyenge f\u00e9nyviszonyok k\u00f6z\u00f6tt is.<\/p>\n<h2>Precizit\u00e1sra \u00e9s etikus vad\u00e1szatra tervezve<\/h2>\n<p>Be\u00e9p\u00edtett l\u00e9zeres t\u00e1vols\u00e1gm\u00e9r\u0151vel (legfeljebb 1200 m) \u00e9s integr\u00e1lt ballisztikus sz\u00e1m\u00edt\u00f3g\u00e9ppel az H50R seg\u00edt megalapozott \u00e9s etikus l\u00f6v\u00e9si d\u00f6nt\u00e9seket hozni. A k\u00e9p-a-k\u00e9pben (PIP) \u00fczemm\u00f3d jav\u00edtja a c\u00e9lz\u00e1s pontoss\u00e1g\u00e1t, a kil\u00f6v\u00e9s hat\u00e1s\u00e1ra aktiv\u00e1l\u00f3d\u00f3 vide\u00f3r\u00f6gz\u00edt\u00e9s (RAV) pedig biztos\u00edtja, hogy minden kritikus pillanat r\u00f6gz\u00edt\u00e9sre ker\u00fclj\u00f6n.<\/p>\n<h2>Er\u0151s, praktikus \u00e9s megb\u00edzhat\u00f3<\/h2>\n<p>A terepen val\u00f3 haszn\u00e1latra tervezve a MATE Ultra H50R robusztus \u00e9s egyszer\u0171 kezelhet\u0151s\u00e9g\u0171. Nagy, 60 mm-es szemlencs\u00e9vel rendelkezik, ami kevesebb mint 1% torz\u00edt\u00e1st mutat, \u00edgy stabil tal\u00e1lati pontot \u00e9s konzisztens illeszt\u00e9st biztos\u00edt ak\u00e1r 16x-os nagy\u00edt\u00e1sig is. Cser\u00e9lhet\u0151 18650-es akkumul\u00e1torokkal (4 db tartoz\u00e9k az ULTRA v\u00e1ltozathoz) \u00fczemel, ami hosszan tart\u00f3 megb\u00edzhat\u00f3s\u00e1got ny\u00fajt a hossz\u00fa kinti haszn\u00e1lat sor\u00e1n.<\/p>\n","protected":false},"excerpt":{"rendered":"<p>A 640X512 Nocpix MATE H50R h\u0151kamera szerel\u0151keret seg\u00edts\u00e9g\u00e9vel nappal haszn\u00e1lhat\u00f3 c\u00e9ll\u00f6v\u0151ce\u00e9t modern h\u0151kamera c\u00e9ll\u00f6v\u0151v\u00e9 alak\u00edthatja \u00e1t. Ez a legjobb el\u00f6l felszerelhet\u0151 h\u0151kamera szerel\u0151keret, amely professzion\u00e1lis vad\u00e1szok, term\u00e9szetmegfigyel\u0151k \u00e9s precizit\u00e1st k\u00f6vetel\u0151 l\u00f6v\u00e9szek sz\u00e1m\u00e1ra k\u00e9sz\u00fclt.<\/p>\n<p>Ha a term\u00e9k nem el\u00e9rhet\u0151, l\u00e9pjen kapcsolatba vel\u00fcnk: shop@nbg.eu vagy +359896147790<\/p>\n","protected":false},"featured_media":686663,"template":"","meta":{"_acf_changed":false},"product_brand":[14453],"product_cat":[12938],"product_tag":[],"class_list":{"0":"post-686571","1":"product","2":"type-product","3":"status-publish","4":"has-post-thumbnail","6":"product_brand-nocpix","7":"product_cat-hokamera","9":"first","10":"instock","11":"taxable","12":"shipping-taxable","13":"purchasable","14":"product-type-simple"},"acf":[],"_links":{"self":[{"href":"https:\/\/nbg.eu\/hu\/wp-json\/wp\/v2\/product\/686571","targetHints":{"allow":["GET"]}}],"collection":[{"href":"https:\/\/nbg.eu\/hu\/wp-json\/wp\/v2\/product"}],"about":[{"href":"https:\/\/nbg.eu\/hu\/wp-json\/wp\/v2\/types\/product"}],"wp:featuredmedia":[{"embeddable":true,"href":"https:\/\/nbg.eu\/hu\/wp-json\/wp\/v2\/media\/686663"}],"wp:attachment":[{"href":"https:\/\/nbg.eu\/hu\/wp-json\/wp\/v2\/media?parent=686571"}],"wp:term":[{"taxonomy":"product_brand","embeddable":true,"href":"https:\/\/nbg.eu\/hu\/wp-json\/wp\/v2\/product_brand?post=686571"},{"taxonomy":"product_cat","embeddable":true,"href":"https:\/\/nbg.eu\/hu\/wp-json\/wp\/v2\/product_cat?post=686571"},{"taxonomy":"product_tag","embeddable":true,"href":"https:\/\/nbg.eu\/hu\/wp-json\/wp\/v2\/product_tag?post=686571"}],"curies":[{"name":"wp","href":"https:\/\/api.w.org\/{rel}","templated":true}]}}