{"id":686697,"date":"2026-01-08T18:14:07","date_gmt":"2026-01-08T15:14:07","guid":{"rendered":"https:\/\/nbg.eu\/product\/termokamera-nocpix-ace-l35-szenzor-384x288-35mm-objektiv\/"},"modified":"2026-04-14T16:00:56","modified_gmt":"2026-04-14T13:00:56","slug":"termokamera-nocpix-ace-l35-szenzor-384x288-35mm-objektiv","status":"publish","type":"product","link":"https:\/\/nbg.eu\/hu\/termek\/termokamera-nocpix-ace-l35-szenzor-384x288-35mm-objektiv\/","title":{"rendered":"Nocpix H\u0151k\u00e9pes Kamera ACE L35"},"content":{"rendered":"<h2>Nocpix ACE L35 H\u0151kamera<\/h2>\n<p>A Nocpix ACE L35 olyan fejlett tulajdons\u00e1gok kombin\u00e1l\u00e1s\u00e1ra \u00e9p\u00fcl, amelyeket a felhaszn\u00e1l\u00f3k ig\u00e9nyelnek, egy egyszer\u0171s\u00edtett optikai rendszerben, amely kiegyens\u00falyozza a halad\u00f3 k\u00e9pess\u00e9geket a k\u00f6nny\u0171 haszn\u00e1lattal a gyakorlatban. \u00dagy tervezt\u00e9k, hogy hasonl\u00edtson a hagyom\u00e1nyos nappali optik\u00e1hoz, az ACE kompatibilis a csavarmenetes vagy f\u00e9lautomata pusk\u00e1kkal, amelyek standard 30 mm-es szerel\u00e9seket \u00e9s gy\u0171r\u0171ket haszn\u00e1lnak. A bels\u0151 USB-C t\u00f6lt\u00e9s\u0171 akkumul\u00e1tor \u00e9s a cser\u00e9lhet\u0151 18650-es \u00fajrat\u00f6lthet\u0151 akkumul\u00e1tor kombin\u00e1ci\u00f3ja lehet\u0151v\u00e9 teszi a felhaszn\u00e1l\u00f3k sz\u00e1m\u00e1ra, hogy az akkumul\u00e1torokat \u00fatk\u00f6zben kicser\u00e9lhess\u00e9k a korl\u00e1tlan \u00fczemid\u0151 \u00e9rdek\u00e9ben. Az 1x-t\u0151l 3x-ig terjed\u0151 szemlencs\u00e9s nagy\u00edt\u00e1s optikai nagy\u00edt\u00e1st biztos\u00edt a szemlencs\u00e9ben l\u00e9v\u0151 2560\u00d72560 k\u00f6rm\u00e9ret\u0171 AMOLED kijelz\u0151h\u00f6z. A Vision+ rendszer ezt a nagy felbont\u00e1s\u00fa kijelz\u0151t egy 18 mK NETD \u00e9rz\u00e9kel\u0151vel kombin\u00e1lja, rendk\u00edv\u00fcl r\u00e9szletes \u00e9s pontos k\u00e9palkot\u00e1s \u00e9rdek\u00e9ben.<\/p>\n<p>A Nocpix ACE L35 egy kedvez\u0151bb \u00e1r el\u00e9r\u00e9s\u00e9t teszi lehet\u0151v\u00e9 az ACE vonalon bel\u00fcl a ragadoz\u00f3- \u00e9s vad\u00e1szoknak, akik nem ig\u00e9nyelnek l\u00e9zeres t\u00e1vols\u00e1gm\u00e9r\u0151t vagy nagyobb felbont\u00e1s\u00fa \u00e9rz\u00e9kel\u0151t. Rendk\u00edv\u00fcl kedvez\u0151 \u00e1ra ellen\u00e9re az ACE L35 meg\u0151rzi az ACE sorozat \u00f6sszes t\u00f6bbi jellemz\u0151j\u00e9t.<\/p>\n<p>Egy 1-3x nagy\u00edt\u00e1si tartom\u00e1ny\u00fa optikai szemlencs\u00e9s nagy\u00edt\u00f3rendszer tov\u00e1bbi nagy\u00edt\u00e1st biztos\u00edt a kijelz\u0151h\u00f6z an\u00e9lk\u00fcl, hogy megv\u00e1ltoztatn\u00e1 a m\u00e9retar\u00e1nyt vagy a digit\u00e1lis zoomot. Egy nagy kontraszt\u00fa, 2560\u00d72560 felbont\u00e1s\u00fa k\u00f6rm\u00e9ret\u0171 AMOLED kijelz\u0151 n\u00f6veli a tisztas\u00e1got \u00e9s a r\u00e9szletess\u00e9get. Az egyszer\u0171s\u00edtett kezel\u0151szervek jav\u00edtj\u00e1k az ergon\u00f3mi\u00e1t \u00e9s a jobb felhaszn\u00e1l\u00f3i \u00e9lm\u00e9nyt a terepen. Szabv\u00e1nyos 18650-es \u00fajrat\u00f6lthet\u0151 elemeket haszn\u00e1l. A ballisztikus sz\u00e1m\u00edt\u00e1si funkci\u00f3 megjelen\u00edti a l\u00f6v\u00e9s ereszked\u00e9si \u00e9rt\u00e9keit a l\u00e9zeres t\u00e1vols\u00e1gm\u00e9r\u0151 \u00e9s az egy\u00e9ni t\u00f6lt\u00e9ny-profil alapj\u00e1n. Egyedileg kialak\u00edtott lez\u00e1r\u00f3 USB-C porton kereszt\u00fcl is t\u00f6lthet\u0151.<\/p>\n","protected":false},"excerpt":{"rendered":"<p>A Nocpix ACE L35 h\u0151kamera 384\u00d7288-as \u00e9rz\u00e9kel\u0151vel, 35 mm-es lencs\u00e9vel, 4x-es digit\u00e1lis zoommal \u00e9s 60 Hz-es k\u00e9pfriss\u00edt\u00e9si r\u00e1t\u00e1val rendelkezik, \u00e9s 1800 m\u00e9teres \u00e9rz\u00e9kel\u00e9si tartom\u00e1nnyal b\u00edr.<\/p>\n<p>Amennyiben a term\u00e9k nem el\u00e9rhet\u0151, k\u00e9rj\u00fck, vegye fel vel\u00fcnk a kapcsolatot a shop@nbg.eu e-mail-c\u00edmen vagy a +359896147790 telefonsz\u00e1mon.<\/p>\n","protected":false},"featured_media":686753,"template":"","meta":{"_acf_changed":false},"product_brand":[14453],"product_cat":[16080],"product_tag":[],"class_list":{"0":"post-686697","1":"product","2":"type-product","3":"status-publish","4":"has-post-thumbnail","6":"product_brand-nocpix","7":"product_cat-thermal-cameras-hu","9":"first","10":"instock","11":"taxable","12":"shipping-taxable","13":"purchasable","14":"product-type-simple"},"acf":[],"_links":{"self":[{"href":"https:\/\/nbg.eu\/hu\/wp-json\/wp\/v2\/product\/686697","targetHints":{"allow":["GET"]}}],"collection":[{"href":"https:\/\/nbg.eu\/hu\/wp-json\/wp\/v2\/product"}],"about":[{"href":"https:\/\/nbg.eu\/hu\/wp-json\/wp\/v2\/types\/product"}],"wp:featuredmedia":[{"embeddable":true,"href":"https:\/\/nbg.eu\/hu\/wp-json\/wp\/v2\/media\/686753"}],"wp:attachment":[{"href":"https:\/\/nbg.eu\/hu\/wp-json\/wp\/v2\/media?parent=686697"}],"wp:term":[{"taxonomy":"product_brand","embeddable":true,"href":"https:\/\/nbg.eu\/hu\/wp-json\/wp\/v2\/product_brand?post=686697"},{"taxonomy":"product_cat","embeddable":true,"href":"https:\/\/nbg.eu\/hu\/wp-json\/wp\/v2\/product_cat?post=686697"},{"taxonomy":"product_tag","embeddable":true,"href":"https:\/\/nbg.eu\/hu\/wp-json\/wp\/v2\/product_tag?post=686697"}],"curies":[{"name":"wp","href":"https:\/\/api.w.org\/{rel}","templated":true}]}}