{"id":686823,"date":"2026-01-08T18:13:27","date_gmt":"2026-01-08T15:13:27","guid":{"rendered":"https:\/\/nbg.eu\/product\/hokamera-nocpix-ace-h50r-12um-640x512-zeiss-sin\/"},"modified":"2026-04-14T17:19:15","modified_gmt":"2026-04-14T14:19:15","slug":"hokamera-nocpix-ace-h50r-12um-640x512-zeiss-sin","status":"publish","type":"product","link":"https:\/\/nbg.eu\/hu\/termek\/hokamera-nocpix-ace-h50r-12um-640x512-zeiss-sin\/","title":{"rendered":"Nocpix H\u0151k\u00e9pes Kamera ACE H50R ZEISS RAIL"},"content":{"rendered":"<h2>Nocpix ACE H50R termov\u00edzi\u00f3s c\u00e9lt\u00e1vcs\u0151: P\u00e1ratlan vad\u00e1szati precizit\u00e1s \u00e9s tisztas\u00e1g<\/h2>\n<p>A Nocpix ACE H50R termov\u00edzi\u00f3s c\u00e9lt\u00e1vcs\u0151 fejlett technol\u00f3gi\u00e1t \u00e9s robusztus tart\u00f3ss\u00e1got \u00f6tv\u00f6z a p\u00e1ratlan vad\u00e1szati \u00e9lm\u00e9ny \u00e9rdek\u00e9ben. 640&#215;512 felbont\u00e1s\u00fa termikus \u00e9rz\u00e9kel\u0151vel \u00e9s \u226412mK-os NETD-vel rendelkezik a kiv\u00e9teles k\u00e9pmin\u0151s\u00e9g \u00e9rdek\u00e9ben, 3100 m\u00e9teres \u00e9szlel\u00e9si tartom\u00e1nnyal \u00e9s integr\u00e1lt LRF-fel az ak\u00e1r 1200 m\u00e9terre t\u00f6rt\u00e9n\u0151 pontos m\u00e9r\u00e9sekhez. Az innovat\u00edv Vision+ rendszer k\u00f6zeli \u00e9letnagys\u00e1g\u00fa k\u00e9peket biztos\u00edt, m\u00edg a dupla akkumul\u00e1tor-rendszer a hosszan tart\u00f3 haszn\u00e1latot szolg\u00e1lja. Nagyteljes\u00edtm\u00e9ny\u0171 alum\u00ednium \u00f6tv\u00f6zetb\u0151l k\u00e9sz\u00fclt, IP67-es min\u0151s\u00edt\u00e9s\u0171, \u00edgy b\u00e1rmilyen k\u00fclt\u00e9ri k\u00f6rnyezetben kiv\u00e1l\u00f3an teljes\u00edt \u00e9s alkalmazkodik a helyzethez.<\/p>\n<p>A Nocpix ACE H50 termov\u00edzi\u00f3s c\u00e9lt\u00e1vcs\u0151 egy cs\u00facstechnol\u00f3gi\u00e1s eszk\u00f6z, amely \u00fajradefini\u00e1lja a vad\u00e1szati \u00e9lm\u00e9nyt, legyen sz\u00f3 s\u00f6t\u00e9t \u00e9jszakai navig\u00e1ci\u00f3r\u00f3l vagy kih\u00edv\u00e1st jelent\u0151 terepen t\u00f6rt\u00e9n\u0151 pr\u00e9dak\u00f6vet\u0151 tev\u00e9kenys\u00e9gr\u0151l. A Nocpix z\u00e1szl\u00f3shaj\u00f3 ACE sorozat\u00e1nak r\u00e9szek\u00e9nt, a term\u00e1lis optikai t\u00e1vcs\u0151 kiemelkedik k\u00e9pmin\u0151s\u00e9ge \u00e9s precizit\u00e1sa miatt, k\u00f6sz\u00f6nhet\u0151en a saj\u00e1t fejleszt\u00e9s\u0171 nagy felbont\u00e1s\u00fa termikus \u00e9rz\u00e9kel\u0151j\u00e9nek \u00e9s fejlett Reality+ \u00e9s Vision+ rendszereinek.<\/p>\n<p>A Nocpix ACE H50R sz\u00edve a m\u00e1sodik gener\u00e1ci\u00f3s HD termikus \u00e9rz\u00e9kel\u0151, amely 640&#215;512-es felbont\u00e1ssal \u00e9s 60Hz-es k\u00e9pfriss\u00edt\u00e9ssel rendelkezik, kiemelked\u0151 teljes\u00edtm\u00e9nyt ny\u00fajtva. A \u226412mK NETD-vel ez a t\u00e1vcs\u0151 m\u00e9g a legkisebb h\u0151m\u00e9rs\u00e9klet-k\u00fcl\u00f6nbs\u00e9geket is \u00e9rz\u00e9keli, r\u00e9szletes \u00e9s stabil termikus k\u00e9peket biztos\u00edtva, ami ide\u00e1lis a gyorsan mozg\u00f3 c\u00e9lpontok val\u00f3s idej\u0171 k\u00f6vet\u00e9s\u00e9hez. A fejlett Reality+ k\u00e9palkot\u00e1si algoritmus tov\u00e1bb jav\u00edtja ezt, kik\u00fcsz\u00f6b\u00f6lve a k\u00f6rnyezeti h\u0151m\u00e9rs\u00e9klet-zajt, \u00e9s kiv\u00e1l\u00f3 kontrasztot \u00e9s tisztas\u00e1got biztos\u00edtva m\u00e9g a legkih\u00edv\u00f3bb vad\u00e1szati k\u00f6r\u00fclm\u00e9nyek k\u00f6z\u00f6tt is.<\/p>\n<p>Az ACE H50R 50 mm\/F0.9 lencs\u00e9je 20%-kal t\u00f6bb f\u00e9nyt enged el az \u00e9rz\u00e9kel\u0151h\u00f6z, ami f\u00e9nyesebb \u00e9s tiszt\u00e1bb k\u00e9peket eredm\u00e9nyez. Ez kulcsfontoss\u00e1g\u00fa a precizit\u00e1sra t\u00f6rekv\u0151 vad\u00e1szok sz\u00e1m\u00e1ra, mivel a jobb f\u00e9nybevitel jav\u00edtja a l\u00e1that\u00f3s\u00e1got az alacsony megvil\u00e1g\u00edt\u00e1s\u00fa k\u00f6rnyezetekben. Ezen t\u00falmen\u0151en a 3100 m\u00e9teres \u00e9szlel\u00e9si tartom\u00e1ny k\u00fcl\u00f6n\u00edti el az ACE-t, lehet\u0151v\u00e9 t\u00e9ve a t\u00e1voli c\u00e9lpontok azonos\u00edt\u00e1s\u00e1t \u00e9s k\u00f6vet\u00e9s\u00e9t, mint soha kor\u00e1bban.<\/p>\n<p>Az integr\u00e1lt Vision+ rendszer tov\u00e1bb fokozza a vizu\u00e1lis \u00e9lm\u00e9nyt egy 1,03 inches k\u00f6rk\u00f6r\u00f6s AMOLED kijelz\u0151vel, 2560&#215;2560-as felbont\u00e1ssal. Optikai zoomrendszere, amely elker\u00fcli a hagyom\u00e1nyos elektronikus zoomokra jellemz\u0151 hom\u00e1lyosod\u00e1st \u00e9s torz\u00edt\u00e1st, garant\u00e1lja, hogy a vad\u00e1szok tiszta, nagy felbont\u00e1s\u00fa k\u00f6zeli n\u00e9zeteket \u00e9lvezhessenek r\u00e9szletr\u0151l r\u00e9szletre. Ez \u00e9lm\u00e9nygazdag, k\u00e9nyelmes n\u00e9z\u00e9si \u00e9lm\u00e9nyt biztos\u00edt, f\u00fcggetlen\u00fcl att\u00f3l, hogy t\u00e1volr\u00f3l figyelik a vadat vagy prec\u00edz c\u00e9lz\u00e1sra \u00f6sszpontos\u00edtanak.<\/p>\n<p>A hossz\u00fa t\u00e1v\u00fa terepi haszn\u00e1latra tervezve, az ACE egy kett\u0151s akkumul\u00e1toros rendszerrel rendelkezik, amelynek r\u00e9sze egy be\u00e9p\u00edtett 4000 mAh-s akkumul\u00e1tor \u00e9s egy tov\u00e1bbi kivehet\u0151 18650-es akkumul\u00e1tor, lehet\u0151v\u00e9 t\u00e9ve a folyamatos m\u0171k\u00f6d\u00e9st a hossz\u00fa vad\u00e1szati id\u0151szakok alatt. A robusztus kialak\u00edt\u00e1s, magas szil\u00e1rds\u00e1g\u00fa alum\u00ednium \u00f6tv\u00f6zetb\u0151l, biztos\u00edtja, hogy az ACE kib\u00edrja a kem\u00e9ny k\u00fclt\u00e9ri k\u00f6rnyezetet \u00e9s a neh\u00e9z haszn\u00e1latot, miut\u00e1n \u00e1tment szigor\u00fa \u00fct\u00e9s\u00e1ll\u00f3s\u00e1gi teszteken. IP67-es v\u00edz\u00e1ll\u00f3s\u00e1gi besorol\u00e1s\u00e1val a t\u00e1vcs\u0151 megb\u00edzhat\u00f3 marad a sz\u00e9ls\u0151s\u00e9ges id\u0151j\u00e1r\u00e1si k\u00f6r\u00fclm\u00e9nyek k\u00f6z\u00f6tt is, nyugalmat biztos\u00edtva a vad\u00e1szok sz\u00e1m\u00e1ra, f\u00fcggetlen\u00fcl a k\u00f6rnyezett\u0151l.<\/p>\n<p>A vad\u00e1szokra szabott kialak\u00edt\u00e1ssal, a Nocpix ACE H50R olyan l\u00e9nyeges funkci\u00f3kat tartalmaz, mint a r\u00e1z\u00f3hat\u00e1sra aktiv\u00e1l\u00f3d\u00f3 vide\u00f3felv\u00e9tel \u00e9s a z\u00e1rf\u00fcgg\u00f6ny n\u00e9lk\u00fcli kialak\u00edt\u00e1s a z\u00f6kken\u0151mentes terepi haszn\u00e1lat \u00e9rdek\u00e9ben. A felhaszn\u00e1l\u00f3bar\u00e1t kieg\u00e9sz\u00edt\u00e9sekkel, mint a f\u00f3kusz \u00e1ll\u00edt\u00f3, a t\u00f6lt\u0151fed\u00e9l \u00e9s a vide\u00f3k k\u00f6zvetlen lej\u00e1tsz\u00e1sa a Gal\u00e9ria funkci\u00f3val, ez a t\u00e1vcs\u0151 a magas teljes\u00edtm\u00e9nyt k\u00e9nyelmes haszn\u00e1lattal \u00f6tv\u00f6zi az optim\u00e1lis vad\u00e1szati \u00e9lm\u00e9ny \u00e9rdek\u00e9ben.<\/p>\n","protected":false},"excerpt":{"rendered":"<p>A Nocpix ACE H50R h\u0151k\u00e9pes c\u00e9lt\u00e1vcs\u0151ben egy fejlett 640&#215;512 12um \u00e9rz\u00e9kel\u0151, 3100m-es \u00e9szlel\u00e9s \u00e9s integr\u00e1lt t\u00e1vols\u00e1gm\u00e9r\u0151 tal\u00e1lhat\u00f3, melyek p\u00e1ratlan vad\u00e1sz\u00e9lm\u00e9nyt biztos\u00edtanak.<\/p>\n<p>Ha a term\u00e9k nem el\u00e9rhet\u0151, k\u00e9rj\u00fck, vegye fel vel\u00fcnk a kapcsolatot: shop@nbg.eu vagy +359896147790<\/p>\n<p>\n","protected":false},"featured_media":686924,"template":"","meta":{"_acf_changed":false},"product_brand":[14453],"product_cat":[16080],"product_tag":[],"class_list":{"0":"post-686823","1":"product","2":"type-product","3":"status-publish","4":"has-post-thumbnail","6":"product_brand-nocpix","7":"product_cat-thermal-cameras-hu","9":"first","10":"instock","11":"taxable","12":"shipping-taxable","13":"purchasable","14":"product-type-simple"},"acf":[],"_links":{"self":[{"href":"https:\/\/nbg.eu\/hu\/wp-json\/wp\/v2\/product\/686823","targetHints":{"allow":["GET"]}}],"collection":[{"href":"https:\/\/nbg.eu\/hu\/wp-json\/wp\/v2\/product"}],"about":[{"href":"https:\/\/nbg.eu\/hu\/wp-json\/wp\/v2\/types\/product"}],"wp:featuredmedia":[{"embeddable":true,"href":"https:\/\/nbg.eu\/hu\/wp-json\/wp\/v2\/media\/686924"}],"wp:attachment":[{"href":"https:\/\/nbg.eu\/hu\/wp-json\/wp\/v2\/media?parent=686823"}],"wp:term":[{"taxonomy":"product_brand","embeddable":true,"href":"https:\/\/nbg.eu\/hu\/wp-json\/wp\/v2\/product_brand?post=686823"},{"taxonomy":"product_cat","embeddable":true,"href":"https:\/\/nbg.eu\/hu\/wp-json\/wp\/v2\/product_cat?post=686823"},{"taxonomy":"product_tag","embeddable":true,"href":"https:\/\/nbg.eu\/hu\/wp-json\/wp\/v2\/product_tag?post=686823"}],"curies":[{"name":"wp","href":"https:\/\/api.w.org\/{rel}","templated":true}]}}