{"id":686983,"date":"2025-12-18T18:25:22","date_gmt":"2025-12-18T15:25:22","guid":{"rendered":"https:\/\/nbg.eu\/product\/termokamera-nocpix-bolt-l35r\/"},"modified":"2026-02-27T15:50:53","modified_gmt":"2026-02-27T12:50:53","slug":"termokamera-nocpix-bolt-l35r","status":"publish","type":"product","link":"https:\/\/nbg.eu\/hu\/termek\/termokamera-nocpix-bolt-l35r\/","title":{"rendered":"Termokamera Nocpix Bolt L35R"},"content":{"rendered":"<h2>Az \u00e9jszakai vad\u00e1szat t\u00f6k\u00e9letes kezdete: Nocpix Bolt L35R h\u0151kamera<\/h2>\n<p>A kezd\u0151k sz\u00e1m\u00e1ra tervezett Nocpix BOLT \u00e9les h\u0151k\u00e9pi felv\u00e9telekkel, be\u00e9p\u00edtett t\u00e1vols\u00e1gm\u00e9r\u0151vel \u00e9s intelligens ballisztikai eszk\u00f6z\u00f6kkel rendelkezik egy kompakt, k\u00f6nnyen haszn\u00e1lhat\u00f3 kialak\u00edt\u00e1sban \u2013 \u00edgy az \u00faj vad\u00e1szok pontosan azt kapj\u00e1k, amire sz\u00fcks\u00e9g\u00fck van, hogy okosan \u00e9s magabiztosan vad\u00e1sszanak.<\/p>\n<h2>Tiszt\u00e1n l\u00e1tni, pontosan azonos\u00edtani<\/h2>\n<p>Az elmos\u00f3dott k\u00e9pek \u00e9s a nehezen l\u00e1that\u00f3 c\u00e9lpontok gyakori probl\u00e9m\u00e1t jelentenek az \u00faj h\u0151kamer\u00e1s t\u00e1vcs\u0151-felhaszn\u00e1l\u00f3k sz\u00e1m\u00e1ra, k\u00fcl\u00f6n\u00f6sen s\u00f6t\u00e9tben. Ez\u00e9rt a BOLT egy saj\u00e1t fejleszt\u00e9s\u0171, \u226420mK NETD-vel \u00e9s 50Hz-es k\u00e9pfriss\u00edt\u00e9si sebess\u00e9ggel rendelkez\u0151 h\u0151szenzorokkal van felszerelve, ami m\u00e9g neh\u00e9z k\u00f6r\u00fclm\u00e9nyek k\u00f6z\u00f6tt is sima, nagy felbont\u00e1s\u00fa k\u00e9peket biztos\u00edt. A Reality+ k\u00e9palgoritmusunknak k\u00f6sz\u00f6nhet\u0151en a BOLT \u00e1tveri a k\u00f6d\u00f6t, a bokrokat \u00e9s a s\u00f6t\u00e9ts\u00e9get, hogy \u00e9les \u00e9s megb\u00edzhat\u00f3 c\u00e9lmegjel\u00f6l\u00e9st ny\u00fajtson.<\/p>\n<h2>K\u00f6nny\u0171, f\u00f3kusz\u00e1lt maradni<\/h2>\n<p>\u00daj vad\u00e1szk\u00e9nt, k\u00fcl\u00f6n\u00f6sen amikor m\u00e9g hozz\u00e1szokunk a csendes mozg\u00e1shoz \u00e9s a f\u00f3kusz\u00e1lt marad\u00e1shoz. Ez\u00e9rt a Nocpix BOLT egyszer\u0171v\u00e9 teszi a dolgokat. Mind\u00f6ssze 880 grammos s\u00faly\u00e1val \u00e9s kompakt, \u00e1ramvonalas kialak\u00edt\u00e1s\u00e1val k\u00f6nny\u0171 hordani, felszerelni \u00e9s haszn\u00e1lni, m\u00e9g hossz\u00fa vad\u00e1szatok sor\u00e1n is.<\/p>\n<h2>Ismerd meg a t\u00e1vols\u00e1got, vad\u00e1ssz magabiztosan<\/h2>\n<p>\u00daj vad\u00e1szoknak neh\u00e9z lehet meg\u00edt\u00e9lni a t\u00e1vols\u00e1got, \u00e9s a hib\u00e1s l\u00f6v\u00e9sek megingathatj\u00e1k a magabiztoss\u00e1gukat. A BOLT megoldja a l\u00f6v\u00e9s stressz\u00e9t egy be\u00e9p\u00edtett 1200 m\u00e9teres l\u00e9zeres t\u00e1vols\u00e1gm\u00e9r\u0151vel \u00e9s intelligens ballisztikai sz\u00e1m\u00edt\u00f3g\u00e9ppel. Pontos t\u00e1vols\u00e1gm\u00e9r\u00e9seket \u00e9s azonnali c\u00e9lz\u00e1si t\u00e1mogat\u00e1st kapsz, ami seg\u00edt minden l\u00f6v\u00e9st pontosan oda juttatni, ahova kell. Els\u0151 vad\u00e1szatt\u00f3l kezdve a BOLT el\u0151nyt ad a kezd\u0151knek, hogy okosabban \u00e9s k\u00f6vetkezetesebben l\u0151jenek.<\/p>\n<h2>Eg\u00e9sz nap vad\u00e1ssz az \u00e1ram miatt nem agg\u00f3dva<\/h2>\n<p>B\u00e1rmely \u00faj vad\u00e1sz r\u00e9m\u00e1lma, ha lemer\u00fcl az akkumul\u00e1tor a vad\u00e1szat k\u00f6zben. Ez\u00e9rt a BOLT egy k\u00e9takkumul\u00e1toros rendszerrel van tervezve \u2013 egy hossz\u00fa \u00e9lettartam\u00fa 5000mAh-s be\u00e9p\u00edtett akkumul\u00e1torral \u00e9s egy elt\u00e1vol\u00edthat\u00f3 18650-es tartal\u00e9k akkumul\u00e1torral. \u00d6sszesen 9000mAh kapacit\u00e1ssal ak\u00e1r 12 \u00f3ra folyamatos haszn\u00e1latot is biztos\u00edt. Nincs stressz, nincs megszak\u00edt\u00e1s \u2013 csak az \u00e1ram, amely veled van napkelt\u00e9t\u0151l napnyugt\u00e1ig.<\/p>\n<h2>Intelligens eszk\u00f6z, elk\u00f6telezett vad\u00e1szat<\/h2>\n<p>Kezd\u0151k sz\u00e1m\u00e1ra neh\u00e9z lehet megszokni az \u00faj felszerel\u00e9st. A BOLT megk\u00f6nny\u00edti a folyamatot egyedi c\u00e9lkereszk\u00e9kkel, \u00e1ll\u00edthat\u00f3 l\u00f6v\u00e9si be\u00e1ll\u00edt\u00e1sokkal \u00e9s h\u00e9t sz\u00ednpalett\u00e1val, amelyek k\u00fcl\u00f6nb\u00f6z\u0151 k\u00f6rnyezetekhez igaz\u00edthat\u00f3k. Ezen fel\u00fcl a z\u00f6kken\u0151mentes alkalmaz\u00e1sintegr\u00e1ci\u00f3 lehet\u0151v\u00e9 teszi a be\u00e1ll\u00edt\u00e1sok testreszab\u00e1s\u00e1t \u00e9s \u00e9lm\u00e9nyeik megoszt\u00e1s\u00e1t, \u00edgy minden vad\u00e1szat nemcsak okosabb, de sz\u00f3rakoztat\u00f3bb \u00e9s jutalmaz\u00f3bb is lehet.<\/p>\n<h2>Robusztus kialak\u00edt\u00e1s, megb\u00edzhat\u00f3 teljes\u00edtm\u00e9ny<\/h2>\n<p>Amikor \u00e9ppen elkezdt\u00e9l, az utols\u00f3 dolog, amivel foglalkozni akarsz, az a felszerel\u00e9sed meghib\u00e1sod\u00e1sa a terepen. A BOLT er\u0151s, egydarabos alum\u00ednium burkolattal \u00e9s IP67-es por- \u00e9s v\u00edz\u00e1ll\u00f3s\u00e1ggal k\u00e9sz\u00fclt. \u00dagy tesztelt\u00e9k, hogy b\u00edrja a zuhan\u00e1sokat \u00e9s a nagy visszar\u00fag\u00e1st, \u00edgy megb\u00edzhat\u00f3 \u00e9s pontos marad, f\u00fcggetlen\u00fcl a k\u00f6r\u00fclm\u00e9nyekt\u0151l.<\/p>\n","protected":false},"excerpt":{"rendered":"<p>A Thermal Camera Nocpix Bolt L35R \u00e9les h\u0151k\u00e9palkot\u00e1st, be\u00e9p\u00edtett t\u00e1vm\u00e9r\u0151t \u00e9s intelligens ballisztikai eszk\u00f6z\u00f6ket k\u00edn\u00e1l kompakt, k\u00f6nnyen haszn\u00e1lhat\u00f3 kialak\u00edt\u00e1sban az \u00faj \u00e9jszakai vad\u00e1szok sz\u00e1m\u00e1ra.<\/p>\n<p>Ha a cikk nem \u00e1ll rendelkez\u00e9sre, k\u00e9rj\u00fck, vegye fel vel\u00fcnk a kapcsolatot: shop@nbg.eu vagy +359896147790<\/p>\n","protected":false},"featured_media":687284,"template":"","meta":{"_acf_changed":false},"product_brand":[14453],"product_cat":[2876],"product_tag":[],"class_list":{"0":"post-686983","1":"product","2":"type-product","3":"status-publish","4":"has-post-thumbnail","6":"product_brand-nocpix","7":"product_cat-rahohvatki","9":"first","10":"instock","11":"taxable","12":"shipping-taxable","13":"purchasable","14":"product-type-simple"},"acf":[],"_links":{"self":[{"href":"https:\/\/nbg.eu\/hu\/wp-json\/wp\/v2\/product\/686983","targetHints":{"allow":["GET"]}}],"collection":[{"href":"https:\/\/nbg.eu\/hu\/wp-json\/wp\/v2\/product"}],"about":[{"href":"https:\/\/nbg.eu\/hu\/wp-json\/wp\/v2\/types\/product"}],"wp:featuredmedia":[{"embeddable":true,"href":"https:\/\/nbg.eu\/hu\/wp-json\/wp\/v2\/media\/687284"}],"wp:attachment":[{"href":"https:\/\/nbg.eu\/hu\/wp-json\/wp\/v2\/media?parent=686983"}],"wp:term":[{"taxonomy":"product_brand","embeddable":true,"href":"https:\/\/nbg.eu\/hu\/wp-json\/wp\/v2\/product_brand?post=686983"},{"taxonomy":"product_cat","embeddable":true,"href":"https:\/\/nbg.eu\/hu\/wp-json\/wp\/v2\/product_cat?post=686983"},{"taxonomy":"product_tag","embeddable":true,"href":"https:\/\/nbg.eu\/hu\/wp-json\/wp\/v2\/product_tag?post=686983"}],"curies":[{"name":"wp","href":"https:\/\/api.w.org\/{rel}","templated":true}]}}