{"id":687706,"date":"2026-01-08T18:14:10","date_gmt":"2026-01-08T15:14:10","guid":{"rendered":"https:\/\/nbg.eu\/product\/termikus-monokularis-lumi-h35\/"},"modified":"2026-04-14T16:00:52","modified_gmt":"2026-04-14T13:00:52","slug":"termikus-monokularis-lumi-h35","status":"publish","type":"product","link":"https:\/\/nbg.eu\/hu\/termek\/termikus-monokularis-lumi-h35\/","title":{"rendered":"Nocpix H\u0151k\u00e9pes Monokul\u00e1r LUMI H35"},"content":{"rendered":"<h2>Nocpix LUMI H35: Minden alkalmaz\u00e1shoz n\u00e9lk\u00fcl\u00f6zhetetlen k\u00eds\u00e9r\u0151<\/h2>\n<p>A LUMI h\u0151kamer\u00e1s monokul\u00e1ris sorozat nappal \u00e9s \u00e9jszaka is haszn\u00e1lhat\u00f3, \u00e9s kiv\u00e9teles k\u00e9pmin\u0151s\u00e9get k\u00edn\u00e1l m\u00e9g neh\u00e9z id\u0151j\u00e1r\u00e1si k\u00f6r\u00fclm\u00e9nyek, p\u00e9ld\u00e1ul k\u00f6d, szmog vagy es\u0151 eset\u00e9n is. M\u00e9g akkor is tiszt\u00e1n l\u00e1thatja, ami \u00d6n el\u0151tt van, ha akad\u00e1lyok, p\u00e9ld\u00e1ul \u00e1gak, magas f\u0171 vagy s\u0171r\u0171 lombozat nehez\u00edtik a l\u00e1t\u00e1st. Emellett annyira kompaktak \u00e9s k\u00f6nny\u0171ek, hogy b\u00e1rhova mag\u00e1val viheti \u0151ket.<\/p>\n<p>A LUMI h\u0151kamer\u00e1k t\u00f6k\u00e9letesek a vad\u00e1szat, a megfigyel\u00e9s, a biztons\u00e1g, a terep t\u00e1j\u00e9koz\u00f3d\u00e1s vagy a kutat\u00e1s-ment\u00e9si m\u0171veletek sz\u00e9les k\u00f6r\u00e9ben.<\/p>\n<h2>Utol\u00e9rhetetlen k\u00e9pmin\u0151s\u00e9g, \u00e9les k\u00e9pek\u00e9rt<\/h2>\n<p>A LUMI sorozat \u00faj szabv\u00e1nyokat \u00e1ll\u00edt fel a k\u00e9pmin\u0151s\u00e9g ter\u00e9n. A legkorszer\u0171bb k\u00e9pfeldolgoz\u00f3 algoritmusokkal \u00e9s er\u0151s h\u0151szenzorokkal (NETD &lt; 18 mK) felszerelve a kamera \u00e9les \u00e9s realisztikus k\u00e9peket biztos\u00edt. Az 1024 x 768 pixeles AMOLED kijelz\u0151 kiv\u00e9teles k\u00e9pmin\u0151s\u00e9get garant\u00e1l, m\u00edg az Ultra Clear \u00fczemm\u00f3d tov\u00e1bb optimaliz\u00e1lja a k\u00e9p\u00e9less\u00e9get, k\u00fcl\u00f6n\u00f6sen neh\u00e9z id\u0151j\u00e1r\u00e1si k\u00f6r\u00fclm\u00e9nyek k\u00f6z\u00f6tt.<\/p>\n<h2>Szem\u00e9lyre szabott n\u00e9z\u00e9si \u00e9lm\u00e9ny &#8211; t\u00f6k\u00e9letesen szem\u00e9lyre szabhatja eszk\u00f6z\u00e9t<\/h2>\n<p>A nagy, 640 x 512 pixeles szenzor \u00e9s a k\u00fcl\u00f6nf\u00e9le be\u00e1ll\u00edt\u00e1si lehet\u0151s\u00e9gek seg\u00edts\u00e9g\u00e9vel a k\u00e9sz\u00fcl\u00e9ket pontosan az \u00d6n ig\u00e9nyeihez igaz\u00edthatja. V\u00e1lasszon 5 sz\u00ednm\u00f3db\u00f3l, \u00e9s optimaliz\u00e1lja l\u00e1t\u00e1s\u00e1t a f\u00e9nyer\u0151, az \u00e9less\u00e9gen \u00e9s a kontraszt 10 szintj\u00e9nek be\u00e1ll\u00edt\u00e1s\u00e1val &#8211; hogy ne maradjon rejtve egyetlen r\u00e9szlet sem.<\/p>\n<h2>\u00c9lm\u00e9nyek megoszt\u00e1sa k\u00f6nny\u0171 a LUMI-val<\/h2>\n<p>A modern vad\u00e1sz sz\u00e1m\u00e1ra a k\u00fcl\u00f6nleges pillanatok r\u00f6gz\u00edt\u00e9se fontos. A Nocpix LUMI H35 seg\u00edts\u00e9g\u00e9vel nemcsak k\u00e9nyelmesen megoszthatja felv\u00e9teleit az alkalmaz\u00e1son kereszt\u00fcl, hanem k\u00f6zvetlen\u00fcl a k\u00e9sz\u00fcl\u00e9ken is lej\u00e1tszhatja \u0151ket &#8211; t\u00f6k\u00e9letes m\u00f3d arra, hogy azonnal megossza \u00e9lm\u00e9nyeit m\u00e1sokkal.<\/p>\n<h2>Rugalmas haszn\u00e1lat a cser\u00e9lhet\u0151 akkumul\u00e1torrendszernek k\u00f6sz\u00f6nhet\u0151en<\/h2>\n<p>A LUMI sorozat standard 18650-es akkumul\u00e1torokat haszn\u00e1l, ami maxim\u00e1lis rugalmass\u00e1got biztos\u00edt. B\u00e1rhol is legyen, a mell\u00e9kelt akkumul\u00e1tort\u00f6lt\u0151vel gyorsan \u00fajrat\u00f6ltheti az elemeket, \u00e9s folytathatja k\u00fcldet\u00e9s\u00e9t.<\/p>\n","protected":false},"excerpt":{"rendered":"<p>Nocpix LUMI H35: N\u00e9lk\u00fcl\u00f6zhetetlen k\u00eds\u00e9r\u0151je minden alkalmaz\u00e1shoz. 640-es \u00e9rz\u00e9kel\u0151 18 mK-val, 1024 \u00d7 768 pixeles AMOLED kijelz\u0151, kivehet\u0151 18650-es akkumul\u00e1tor, kb. 1800 m\u00e9teres \u00e9szlel\u00e9si tartom\u00e1ny, kompakt kialak\u00edt\u00e1s.<br \/>\nHa a t\u00e9tel nem el\u00e9rhet\u0151, k\u00e9rj\u00fck, vegye fel vel\u00fcnk a kapcsolatot: shop@nbg.eu vagy +359896147790<\/p>\n","protected":false},"featured_media":687797,"template":"","meta":{"_acf_changed":false},"product_brand":[14453],"product_cat":[12938,16079],"product_tag":[],"class_list":{"0":"post-687706","1":"product","2":"type-product","3":"status-publish","4":"has-post-thumbnail","6":"product_brand-nocpix","7":"product_cat-hokamera","8":"product_cat-monoculars-hu","10":"first","11":"instock","12":"taxable","13":"shipping-taxable","14":"purchasable","15":"product-type-simple"},"acf":[],"_links":{"self":[{"href":"https:\/\/nbg.eu\/hu\/wp-json\/wp\/v2\/product\/687706","targetHints":{"allow":["GET"]}}],"collection":[{"href":"https:\/\/nbg.eu\/hu\/wp-json\/wp\/v2\/product"}],"about":[{"href":"https:\/\/nbg.eu\/hu\/wp-json\/wp\/v2\/types\/product"}],"wp:featuredmedia":[{"embeddable":true,"href":"https:\/\/nbg.eu\/hu\/wp-json\/wp\/v2\/media\/687797"}],"wp:attachment":[{"href":"https:\/\/nbg.eu\/hu\/wp-json\/wp\/v2\/media?parent=687706"}],"wp:term":[{"taxonomy":"product_brand","embeddable":true,"href":"https:\/\/nbg.eu\/hu\/wp-json\/wp\/v2\/product_brand?post=687706"},{"taxonomy":"product_cat","embeddable":true,"href":"https:\/\/nbg.eu\/hu\/wp-json\/wp\/v2\/product_cat?post=687706"},{"taxonomy":"product_tag","embeddable":true,"href":"https:\/\/nbg.eu\/hu\/wp-json\/wp\/v2\/product_tag?post=687706"}],"curies":[{"name":"wp","href":"https:\/\/api.w.org\/{rel}","templated":true}]}}