{"id":688031,"date":"2025-10-17T23:10:38","date_gmt":"2025-10-17T20:10:38","guid":{"rendered":"https:\/\/nbg.eu\/product\/kmr-w-02-spectra-s-9x19-felautomata-pisztoly\/"},"modified":"2026-04-16T17:29:30","modified_gmt":"2026-04-16T14:29:30","slug":"kmr-w-02-spectra-s-9x19-felautomata-pisztoly","status":"publish","type":"product","link":"https:\/\/nbg.eu\/hu\/termek\/kmr-w-02-spectra-s-9x19-felautomata-pisztoly\/","title":{"rendered":"KMR F\u00e9lautomata Pisztoly W-02 SPECTRA S"},"content":{"rendered":"<h2>KMR W-02 SPECTRA S OR f\u00e9lautomata pisztoly &#8211; 9&#215;19-es kaliber\u0171<\/h2>\n<p>A sebess\u00e9g \u00e9s a kompakts\u00e1g kombin\u00e1ci\u00f3ja. A KMR W-02 SPECTRA S OR egy kompaktabb kialak\u00edt\u00e1s\u00fa pisztoly, cs\u00f6kkentett markolattal. M\u00e1s modelljeinkhez hasonl\u00f3an, enn\u00e9l a pisztolyn\u00e1l is magas pontoss\u00e1gra \u00e9s sima, folyamatos m\u0171k\u00f6d\u00e9sre sz\u00e1m\u00edthat. A pisztoly BRS cs\u0151stabiliz\u00e1l\u00f3 rendszerrel, KMR tartoz\u00e9kokkal, teljesen \u00e1ll\u00edthat\u00f3 h\u00e1ts\u00f3 ir\u00e1nyz\u00e9kkal, verseny jelleg\u0171 karokkal \u00e9s optika-kompatibilis fel\u00fclettel van felszerelve.<\/p>\n<p>Jellemz\u0151k:<\/p>\n<ul>\n<li>5&#8243; neh\u00e9z, hornyolt, nitrid\u00e1lt cs\u0151<\/li>\n<li>BRS &#8211; Cs\u0151gy\u0171r\u0171 Rendszer &#8211; Cs\u0151stabiliz\u00e1l\u00f3 rendszer a cs\u00faszk\u00e1ban<\/li>\n<li>Ac\u00e9l v\u00e1z \u00e9s cs\u00faszka, t\u00f6mbi alapanyagb\u00f3l CNC-megmunk\u00e1lva<\/li>\n<li>Nitrid\u00e1lt v\u00e1z \u00e9s cs\u00faszka &#8211; fekete<\/li>\n<li>Cs\u00f6kkentett markolat\u00fa v\u00e1z<\/li>\n<li>Optika-kompatibilis fel\u00fclet (OR)<\/li>\n<li>Sz\u00e1las ir\u00e1nyz\u00e9k el\u00f6l (1 mm)<\/li>\n<li>Teljesen \u00e1ll\u00edthat\u00f3 OR h\u00e1ts\u00f3 ir\u00e1nyz\u00e9k<\/li>\n<li>EB\/EB ravasz mechanizmus<\/li>\n<li>Ac\u00e9l, rec\u00e9zett EB\/EB ravasz, \u00e1ll\u00edthat\u00f3 t\u00fal\u00fataz\u00e1ssal &#8211; fekete<\/li>\n<li>R\u00f6vid vissza\u00e1ll\u00e1s<\/li>\n<li>Verseny EB\/EB karok<\/li>\n<li>Meghosszabb\u00edtott bal oldali biztos\u00edt\u00f3<\/li>\n<li>Lapos jobb oldali biztos\u00edt\u00f3<\/li>\n<li>Duralumin WAVES markolat &#8211; s\u00f6t\u00e9t v\u00f6r\u00f6s<\/li>\n<li>\u00c1ll\u00edthat\u00f3 duralumin t\u00e1rtol\u00f3r\u00f6gz\u00edt\u0151 &#8211; fekete<\/li>\n<li>T\u00e1r 9&#215;19, 9&#215;21, 17 l\u0151szeres kapacit\u00e1ssal<\/li>\n<li>T\u00e1rak &#8211; 3 db<\/li>\n<li>KMR pisztolytok, tiszt\u00edt\u00f3k\u00e9szlet, KMR olaj, cs\u0151szerel\u0151 szersz\u00e1m, 14 fontos f\u0151rug\u00f3, 11 \u00e9s 13 fontos visszarug\u00f3k, \u00fctk\u00f6z\u0151k\u00e9szlet, imbuszkulcsok, Threadlocker, garancialev\u00e9l, haszn\u00e1lati utas\u00edt\u00e1s<\/li>\n<\/ul>\n<p>M\u0171szaki adatok:<\/p>\n<ul>\n<li>Kaliber: 9&#215;19, 9&#215;21<\/li>\n<li>Teljes hossz: 220 mm<\/li>\n<li>Cs\u00faszka hossza: 194 mm<\/li>\n<li>Teljes sz\u00e9less\u00e9g: 39 mm<\/li>\n<li>Cs\u00faszka sz\u00e9less\u00e9g: 26 mm<\/li>\n<li>Teljes magass\u00e1g: 146 mm<\/li>\n<li>Ir\u00e1nyz\u00e9kvonal: 177 mm<\/li>\n<li>Cs\u0151hossz: 127 mm<\/li>\n<li>T\u00e1rt\u00f6lt\u00e9ny kapacit\u00e1s: 17<\/li>\n<li>Ravasz mechanizmus: EB\/EB<\/li>\n<li>Ravasz h\u00faz\u00f3er\u0151: 17,5 N \/ 45 N<\/li>\n<li>Visszarug\u00f3: 12 font<\/li>\n<li>F\u0151rug\u00f3: 17 font<\/li>\n<li>S\u00faly (t\u00e1r n\u00e9lk\u00fcl): 1230 g<\/li>\n<li>S\u00faly (\u00fcres t\u00e1rral): 1320 g<\/li>\n<\/ul>\n","protected":false},"excerpt":{"rendered":"<p>A gyorsas\u00e1g \u00e9s a kompakts\u00e1g kombin\u00e1ci\u00f3ja. A KMR W-02 SPECTRA S OR egy kompaktabb kialak\u00edt\u00e1s\u00fa pisztoly cs\u00f6kkentett markolattal. Csak\u00fagy, mint m\u00e1s modelljeink eset\u00e9ben, ett\u0151l a pisztolyt\u00f3l is magas pontoss\u00e1got \u00e9s sima, folyamatos m\u0171k\u00f6d\u00e9st v\u00e1rhat. A pisztoly BRS cs\u0151stabiliz\u00e1l\u00f3 rendszerrel, KMR tartoz\u00e9kokkal, teljesen be\u00e1ll\u00edthat\u00f3 h\u00e1ts\u00f3 ir\u00e1nyz\u00e9kkal, versenyhuzattal \u00e9s optika-csatlakoz\u00f3val van felszerelve.<\/p>\n","protected":false},"featured_media":688069,"template":"","meta":{"_acf_changed":false},"product_brand":[11502],"product_cat":[12966],"product_tag":[],"class_list":{"0":"post-688031","1":"product","2":"type-product","3":"status-publish","4":"has-post-thumbnail","6":"product_brand-kmr-precision","7":"product_cat-pisztolyok","9":"first","10":"instock","11":"taxable","12":"shipping-taxable","13":"purchasable","14":"product-type-simple"},"acf":[],"_links":{"self":[{"href":"https:\/\/nbg.eu\/hu\/wp-json\/wp\/v2\/product\/688031","targetHints":{"allow":["GET"]}}],"collection":[{"href":"https:\/\/nbg.eu\/hu\/wp-json\/wp\/v2\/product"}],"about":[{"href":"https:\/\/nbg.eu\/hu\/wp-json\/wp\/v2\/types\/product"}],"wp:featuredmedia":[{"embeddable":true,"href":"https:\/\/nbg.eu\/hu\/wp-json\/wp\/v2\/media\/688069"}],"wp:attachment":[{"href":"https:\/\/nbg.eu\/hu\/wp-json\/wp\/v2\/media?parent=688031"}],"wp:term":[{"taxonomy":"product_brand","embeddable":true,"href":"https:\/\/nbg.eu\/hu\/wp-json\/wp\/v2\/product_brand?post=688031"},{"taxonomy":"product_cat","embeddable":true,"href":"https:\/\/nbg.eu\/hu\/wp-json\/wp\/v2\/product_cat?post=688031"},{"taxonomy":"product_tag","embeddable":true,"href":"https:\/\/nbg.eu\/hu\/wp-json\/wp\/v2\/product_tag?post=688031"}],"curies":[{"name":"wp","href":"https:\/\/api.w.org\/{rel}","templated":true}]}}