{"id":688152,"date":"2025-10-17T23:30:59","date_gmt":"2025-10-17T20:30:59","guid":{"rendered":"https:\/\/nbg.eu\/product\/felautomata-pisztoly-kmr-umbra-w-02-9x19-es-kaliberu-menetelt-csovel\/"},"modified":"2026-04-16T17:29:26","modified_gmt":"2026-04-16T14:29:26","slug":"felautomata-pisztoly-kmr-umbra-w-02-9x19-es-kaliberu-menetelt-csovel","status":"publish","type":"product","link":"https:\/\/nbg.eu\/hu\/termek\/felautomata-pisztoly-kmr-umbra-w-02-9x19-es-kaliberu-menetelt-csovel\/","title":{"rendered":"KMR F\u00e9lautomata Pisztoly W-02 UMBRA Menetes Cs\u00f6v\u0171"},"content":{"rendered":"<h2>KMR W-02 UMBRA OR &#8211; Er\u0151s \u00e9s kompakt pisztoly a versenyszer\u0171 l\u00f6v\u00e9szethez<\/h2>\n<p>Ezzel a kompakt pisztollyal nem t\u0171nik el a versenyben, s\u0151t, meg is lephet vele.<\/p>\n<p>A pisztoly KMR tartoz\u00e9kokkal \u00e9s BRS cs\u0151stabiliz\u00e1ci\u00f3s rendszerrel van felszerelve, ami azt jelenti, hogy c\u00e9lba tal\u00e1l.<\/p>\n<p>Ez a modell nem csak a sportl\u00f6v\u00e9szethez alkalmas, hanem minden szenved\u00e9lyes l\u00f6v\u00e9sznek.<\/p>\n<h2>F\u0151bb jellemz\u0151k<\/h2>\n<ul>\n<li>4,5&#8243; vastag, bord\u00e1zott, nitrid\u00e1lt cs\u0151<\/li>\n<li>BRS &#8211; Cs\u0151gy\u0171r\u0171 Rendszer &#8211; Cs\u0151stabiliz\u00e1ci\u00f3s rendszer a cs\u00faszk\u00e1ban<\/li>\n<li>Ac\u00e9l v\u00e1z \u00e9s cs\u00faszka, szil\u00e1rd anyagb\u00f3l CNC megmunk\u00e1lva<\/li>\n<li>Nitrid\u00e1lt v\u00e1z \u00e9s cs\u00faszka &#8211; fekete<\/li>\n<li>Optik\u00e1ra felk\u00e9sz\u00edtve (OR)<\/li>\n<li>Optikus ir\u00e1nyz\u00e9k (1 mm)<\/li>\n<li>Teljesen \u00e1ll\u00edthat\u00f3 OR h\u00e1ts\u00f3 ir\u00e1nyz\u00e9k<\/li>\n<li>SA\/DA\u2122 ravaszmechanizmus<\/li>\n<li>Ac\u00e9l, rec\u00e9zett SA\/DA ravasz \u00e1ll\u00edthat\u00f3 t\u00falutaz\u00e1ssal &#8211; fekete<\/li>\n<li>R\u00f6vid vissza\u00e1ll\u00e1s<\/li>\n<li>Verseny SA\/DA kakas<\/li>\n<li>Megn\u00f6velt bal oldali biztos\u00edt\u00f3kar<\/li>\n<li>Lapos jobb oldali biztos\u00edt\u00f3kar<\/li>\n<li>Duralumin WAVES markolat &#8211; fekete<\/li>\n<li>\u00c1ll\u00edthat\u00f3 duralumin t\u00e1rcsamegszor\u00edt\u00f3 gomb &#8211; fekete<\/li>\n<li>T\u00e1r 9&#215;19, 9&#215;21, 17 t\u00f6lt\u00e9ny kapacit\u00e1ssal<\/li>\n<\/ul>\n<h2>Csomag tartalma<\/h2>\n<ul>\n<li>KMR W-02 UMBRA OR pisztoly<\/li>\n<li>3 db t\u00e1r<\/li>\n<li>Tiszt\u00edt\u00f3k\u00e9szlet<\/li>\n<li>KMR olaj<\/li>\n<li>Cs\u0151szerel\u0151 eszk\u00f6z<\/li>\n<li>F\u0151rug\u00f3 14 lbs<\/li>\n<li>Visszarug\u00f3 11 lbs, 13 lbs<\/li>\n<li>\u00dctk\u00f6z\u0151k\u00e9szlet<\/li>\n<li>Imbuszkulcsok<\/li>\n<li>Csavarlokk<\/li>\n<li>Garancialev\u00e9l<\/li>\n<li>Haszn\u00e1lati utas\u00edt\u00e1s<\/li>\n<li>KMR Precision Arms rekl\u00e1mmatric\u00e1k<\/li>\n<\/ul>\n<h2>M\u0171szaki adatok<\/h2>\n<ul>\n<li>Kaliber: 9&#215;19, 9&#215;21<\/li>\n<li>Teljes hossz: 208 mm<\/li>\n<li>Cs\u00faszka hossz: 181 mm<\/li>\n<li>Teljes sz\u00e9less\u00e9g: 39 mm<\/li>\n<li>Cs\u00faszka sz\u00e9less\u00e9g: 26 mm<\/li>\n<li>Teljes magass\u00e1g: 143 mm<\/li>\n<li>Ir\u00e1nyz\u00e9kvonal: 164 mm<\/li>\n<li>Cs\u0151hossz: 114 mm<\/li>\n<li>T\u00e1rt\u00f6lt\u00e9s: 17<\/li>\n<li>Ravaszmechanizmus: SA\/DA<\/li>\n<li>Ravasz er\u0151: 17,5 N \/ 45 N<\/li>\n<li>Visszarug\u00f3: 12 lbs<\/li>\n<li>F\u0151rug\u00f3: 17 lbs<\/li>\n<li>S\u00faly (t\u00e1r n\u00e9lk\u00fcl): 1180 g<\/li>\n<li>S\u00faly (\u00fcres t\u00e1rral): 1270 g<\/li>\n<\/ul>\n","protected":false},"excerpt":{"rendered":"<p>Kicsi \u00e9s kompakt, m\u00e9gis er\u0151s KMR W-02 UMBRA OR 9&#215;19 pisztoly csavarmenettel ell\u00e1tott cs\u0151vel \u00e9s BRS cs\u0151stabiliz\u00e1ci\u00f3val.<\/p>\n","protected":false},"featured_media":0,"template":"","meta":{"_acf_changed":false},"product_brand":[],"product_cat":[12983],"product_tag":[],"class_list":{"0":"post-688152","1":"product","2":"type-product","3":"status-publish","5":"product_cat-kategorizalatlan","7":"first","8":"instock","9":"taxable","10":"shipping-taxable","11":"purchasable","12":"product-type-simple"},"acf":[],"_links":{"self":[{"href":"https:\/\/nbg.eu\/hu\/wp-json\/wp\/v2\/product\/688152","targetHints":{"allow":["GET"]}}],"collection":[{"href":"https:\/\/nbg.eu\/hu\/wp-json\/wp\/v2\/product"}],"about":[{"href":"https:\/\/nbg.eu\/hu\/wp-json\/wp\/v2\/types\/product"}],"wp:attachment":[{"href":"https:\/\/nbg.eu\/hu\/wp-json\/wp\/v2\/media?parent=688152"}],"wp:term":[{"taxonomy":"product_brand","embeddable":true,"href":"https:\/\/nbg.eu\/hu\/wp-json\/wp\/v2\/product_brand?post=688152"},{"taxonomy":"product_cat","embeddable":true,"href":"https:\/\/nbg.eu\/hu\/wp-json\/wp\/v2\/product_cat?post=688152"},{"taxonomy":"product_tag","embeddable":true,"href":"https:\/\/nbg.eu\/hu\/wp-json\/wp\/v2\/product_tag?post=688152"}],"curies":[{"name":"wp","href":"https:\/\/api.w.org\/{rel}","templated":true}]}}