{"id":688800,"date":"2025-12-22T15:23:07","date_gmt":"2025-12-22T12:23:07","guid":{"rendered":"https:\/\/nbg.eu\/product\/hyllus-duffel-katonazold-65-liter\/"},"modified":"2026-04-15T14:25:48","modified_gmt":"2026-04-15T11:25:48","slug":"hyllus-duffel-katonazold-65-liter","status":"publish","type":"product","link":"https:\/\/nbg.eu\/hu\/termek\/hyllus-duffel-katonazold-65-liter\/","title":{"rendered":"Eberlestock Utaz\u00f3t\u00e1ska Hyllus &#8211; 65 Liter"},"content":{"rendered":"<h2>Hyllus Duffel- 65 liter<\/h2>\n<p>A Hyllus Duffel egy v\u00edz\u00e1ll\u00f3, rendk\u00edv\u00fcl tart\u00f3s utaz\u00f3t\u00e1ska, amely ide\u00e1lis a felszerel\u00e9s \u00f6sszegy\u0171jt\u00e9s\u00e9re a teheraut\u00f3ban vagy a k\u00e9zipoggy\u00e1szban. A fen\u00e9k \u00e9s az oldalfalak 1000D TPU bevonat\u00fa najlonb\u00f3l k\u00e9sz\u00fclnek, a fels\u0151 r\u00e9sz pedig 500D TPU bevonat\u00fa nylon ripstopb\u00f3l.<\/p>\n<p>A bels\u0151 \u00e9s k\u00fcls\u0151 zippes zsebek megk\u00f6nny\u00edtik a kis t\u00e1rgyak rendez\u00e9s\u00e9t \u00e9s biztons\u00e1gos t\u00e1rol\u00e1s\u00e1t, m\u00edg a f\u0151 rekesz nagy ny\u00edl\u00e1sa gyors elhelyez\u00e9st tesz lehet\u0151v\u00e9 a ruh\u00e1zathoz \u00e9s a nagyobb t\u00e1rgyakhoz. A Hyllus-nak van egy hevederes p\u00e1ntja, amellyel k\u00e9nyelmesen r\u00f6gz\u00edthet\u0151 a teleszk\u00f3pos b\u0151r\u00f6ndfoganty\u00fahoz.<\/p>\n<h2>M\u00e9retek<\/h2>\n<p>65 literes t\u00e9rfogat: 3966 k\u00f6bcenti<br \/>\n65 literes s\u00faly: 2,5 font<br \/>\n65 literes m\u00e9retek: 11 h\u00fcvelyk x 27 h\u00fcvelyk x 13 h\u00fcvelyk<\/p>\n<h2>Jellemz\u0151k<\/h2>\n<p>V\u00edz\u00e1ll\u00f3 kialak\u00edt\u00e1s<br \/>\nNagy f\u0151 rekesz zippes bels\u0151 rendez\u00e9si zsebekkel<br \/>\nK\u00fcls\u0151 zippes zsebek mindk\u00e9t oldalon \u00e9s el\u00f6l<br \/>\nUtaz\u00f3t\u00e1ska hordoz\u00f3 p\u00e1ntok<\/p>\n","protected":false},"excerpt":{"rendered":"<p>A Hyllus Duffel- 65 Literes egy v\u00edz\u00e1ll\u00f3, rendk\u00edv\u00fcl tart\u00f3s duffelt\u00e1ska 3966 k\u00f6binches t\u00e9rfogattal \u00e9s 2,5 fontos s\u00fallyal.<\/p>\n","protected":false},"featured_media":688867,"template":"","meta":{"_acf_changed":false},"product_brand":[15149],"product_cat":[12907],"product_tag":[],"class_list":{"0":"post-688800","1":"product","2":"type-product","3":"status-publish","4":"has-post-thumbnail","6":"product_brand-eberlestock","7":"product_cat-loteri-taskak","9":"first","10":"instock","11":"taxable","12":"shipping-taxable","13":"purchasable","14":"product-type-variable","15":"wvs-archive-product-wrapper"},"acf":[],"_links":{"self":[{"href":"https:\/\/nbg.eu\/hu\/wp-json\/wp\/v2\/product\/688800","targetHints":{"allow":["GET"]}}],"collection":[{"href":"https:\/\/nbg.eu\/hu\/wp-json\/wp\/v2\/product"}],"about":[{"href":"https:\/\/nbg.eu\/hu\/wp-json\/wp\/v2\/types\/product"}],"wp:featuredmedia":[{"embeddable":true,"href":"https:\/\/nbg.eu\/hu\/wp-json\/wp\/v2\/media\/688867"}],"wp:attachment":[{"href":"https:\/\/nbg.eu\/hu\/wp-json\/wp\/v2\/media?parent=688800"}],"wp:term":[{"taxonomy":"product_brand","embeddable":true,"href":"https:\/\/nbg.eu\/hu\/wp-json\/wp\/v2\/product_brand?post=688800"},{"taxonomy":"product_cat","embeddable":true,"href":"https:\/\/nbg.eu\/hu\/wp-json\/wp\/v2\/product_cat?post=688800"},{"taxonomy":"product_tag","embeddable":true,"href":"https:\/\/nbg.eu\/hu\/wp-json\/wp\/v2\/product_tag?post=688800"}],"curies":[{"name":"wp","href":"https:\/\/api.w.org\/{rel}","templated":true}]}}