{"id":688904,"date":"2025-12-22T15:33:09","date_gmt":"2025-12-22T12:33:09","guid":{"rendered":"https:\/\/nbg.eu\/product\/hyllus-taska-katonai-zold-45-liter\/"},"modified":"2026-04-15T14:25:45","modified_gmt":"2026-04-15T11:25:45","slug":"hyllus-taska-katonai-zold-45-liter","status":"publish","type":"product","link":"https:\/\/nbg.eu\/hu\/termek\/hyllus-taska-katonai-zold-45-liter\/","title":{"rendered":"Eberlestock Utaz\u00f3t\u00e1ska Hyllus &#8211; 45 Liter"},"content":{"rendered":"<h2>Hyllus Duffel- 45 Liter<\/h2>\n<p>A Hyllus Duffel egy v\u00edz\u00e1ll\u00f3, rendk\u00edv\u00fcl tart\u00f3s utaz\u00f3t\u00e1ska, amely t\u00f6k\u00e9letes a felszerel\u00e9s t\u00e1rol\u00e1s\u00e1ra a pickup-ban vagy a k\u00e9zipoggy\u00e1sz-rekeszben. Az alj \u00e9s az oldalfalak 1000D TPU bevonatos nylonb\u00f3l k\u00e9sz\u00fclnek, m\u00edg a fels\u0151 r\u00e9sz 500D TPU bevonat\u00fa nylon ripstop anyagb\u00f3l.<\/p>\n<p>A bels\u0151 \u00e9s k\u00fcls\u0151 cipz\u00e1ros zsebek k\u00f6nny\u00edtik a kisebb t\u00e1rgyak rendez\u00e9s\u00e9t \u00e9s biztons\u00e1gos elhelyez\u00e9s\u00e9t, m\u00edg a f\u0151rekesz nagy ny\u00edl\u00e1sa gyors elhelyez\u00e9st tesz lehet\u0151v\u00e9 a ruh\u00e1k \u00e9s nagyobb t\u00e1rgyak sz\u00e1m\u00e1ra. A Hyllus rendelkezik sz\u00edjjal, amely k\u00e9nyelmesen r\u00f6gz\u00edthet\u0151 a kih\u00fazhat\u00f3 b\u0151r\u00f6ndfoganty\u00fara.<\/p>\n<h2>M\u00e9retek<\/h2>\n<p>45 literes t\u00e9rfogat: 2746 k\u00f6bh\u00fcvelyk<br \/>\n45 literes s\u00faly: 2 font<br \/>\n45 literes m\u00e9retek: 10 magas x 22 hossz\u00fa x 12 sz\u00e9les<\/p>\n<h2>Jellemz\u0151k<\/h2>\n<ul>\n<li>V\u00edz\u00e1ll\u00f3 szerkezet<\/li>\n<li>Nagy f\u0151 rekesz bels\u0151 rendez\u0151 zsebekkel<\/li>\n<li>K\u00fcls\u0151 cipz\u00e1ros zsebek az oldalakon \u00e9s az elej\u00e9n<\/li>\n<li>Utaz\u00f3t\u00e1ska hordoz\u00f3 p\u00e1ntok<\/li>\n<\/ul>\n","protected":false},"excerpt":{"rendered":"<p>A Hyllus Duffel egy v\u00edz\u00e1ll\u00f3, rendk\u00edv\u00fcl tart\u00f3s 45 literes t\u00e1ska, amely t\u00f6k\u00e9letes a h\u00e1ts\u00f3 \u00fcl\u00e9sre vagy a fels\u0151 csomagt\u00e9rbe helyezett felszerel\u00e9shez.<\/p>\n","protected":false},"featured_media":705366,"template":"","meta":{"_acf_changed":false},"product_brand":[15149],"product_cat":[12907],"product_tag":[],"class_list":{"0":"post-688904","1":"product","2":"type-product","3":"status-publish","4":"has-post-thumbnail","6":"product_brand-eberlestock","7":"product_cat-loteri-taskak","9":"first","10":"instock","11":"taxable","12":"shipping-taxable","13":"purchasable","14":"product-type-variable","15":"wvs-archive-product-wrapper"},"acf":[],"_links":{"self":[{"href":"https:\/\/nbg.eu\/hu\/wp-json\/wp\/v2\/product\/688904","targetHints":{"allow":["GET"]}}],"collection":[{"href":"https:\/\/nbg.eu\/hu\/wp-json\/wp\/v2\/product"}],"about":[{"href":"https:\/\/nbg.eu\/hu\/wp-json\/wp\/v2\/types\/product"}],"wp:featuredmedia":[{"embeddable":true,"href":"https:\/\/nbg.eu\/hu\/wp-json\/wp\/v2\/media\/705366"}],"wp:attachment":[{"href":"https:\/\/nbg.eu\/hu\/wp-json\/wp\/v2\/media?parent=688904"}],"wp:term":[{"taxonomy":"product_brand","embeddable":true,"href":"https:\/\/nbg.eu\/hu\/wp-json\/wp\/v2\/product_brand?post=688904"},{"taxonomy":"product_cat","embeddable":true,"href":"https:\/\/nbg.eu\/hu\/wp-json\/wp\/v2\/product_cat?post=688904"},{"taxonomy":"product_tag","embeddable":true,"href":"https:\/\/nbg.eu\/hu\/wp-json\/wp\/v2\/product_tag?post=688904"}],"curies":[{"name":"wp","href":"https:\/\/api.w.org\/{rel}","templated":true}]}}