{"id":688996,"date":"2024-09-02T13:30:54","date_gmt":"2024-09-02T10:30:54","guid":{"rendered":"https:\/\/nbg.eu\/product\/bipod-harris-s-lm-notch-rotate-9-13\/"},"modified":"2026-05-13T17:00:36","modified_gmt":"2026-05-13T14:00:36","slug":"bipod-harris-s-lm-notch-rotate-9-13","status":"publish","type":"product","link":"https:\/\/nbg.eu\/hu\/termek\/bipod-harris-s-lm-notch-rotate-9-13\/","title":{"rendered":"Bipod Harris &#8211; S -LM Notch Rotate 9-13&#8243;"},"content":{"rendered":"<div class=\"product-description\">\n<h2>Bipod Harris &#8211; S -LM Bev\u00e1g\u00e1s Elforgathat\u00f3 9-13&#8243;<\/h2>\n<p>Fokozza a l\u00f6v\u00e9sz\u00e9lm\u00e9nyt a Bipod Harris S-LM Bev\u00e1g\u00e1s Elforgathat\u00f3 t\u00edpussal. Ez az ultralightweight, sokoldal\u00fa bipod t\u00f6k\u00e9letes fekv\u0151- vagy \u00e1llv\u00e1nyos l\u00f6v\u00e9szethez.<\/p>\n<ul>\n<li>\u00c1ll\u00edthat\u00f3 magass\u00e1g: 9&#8243; &#8211; 13&#8243;<\/li>\n<li>K\u00f6zvetlen csatlakoztat\u00e1s Picatinny s\u00ednhez<\/li>\n<li>Forgat\u00f3 funkci\u00f3 egyenetlen terepre<\/li>\n<li>Sima l\u00e1bak k\u00f6nny\u0171 bevethet\u0151s\u00e9g \u00e9rdek\u00e9ben<\/li>\n<li>Lightweight, csak 13.5 oz<\/li>\n<li>Be\u00e9p\u00edtett sling-r\u00f6gz\u00edt\u0151 f\u00fcl<\/li>\n<li>100% USA gy\u00e1rtm\u00e1ny<\/li>\n<\/ul>\n<p>H\u0151kezelt ac\u00e9lb\u00f3l \u00e9s kem\u00e9ny \u00f6tv\u00f6zetekb\u0151l k\u00e9sz\u00fcl, kem\u00e9ny gumi l\u00e1bv\u00e9gekkel \u00e9s m\u0171anyag gombbal. Az elox\u00e1lt fekete fel\u00fclet tart\u00f3ss\u00e1got \u00e9s st\u00edlust biztos\u00edt.<\/p>\n<p>\u00c9lvezze a precizit\u00e1st \u00e9s stabilit\u00e1st ezzel a kiv\u00e1l\u00f3 min\u0151s\u00e9g\u0171 bipod-dal, amit komoly l\u00f6v\u00e9szek sz\u00e1m\u00e1ra terveztek.<\/p>\n<\/div>\n","protected":false},"excerpt":{"rendered":"<p>Sokoldal\u00fa 9-13&#8243; k\u00e9tl\u00e1b\u00fa \u00e1llv\u00e1ny, forgathat\u00f3 egyenetlen terepre, ultralightweight 13.5oz.<\/p>\n","protected":false},"featured_media":35221,"template":"","meta":{"_acf_changed":false},"product_brand":[12020],"product_cat":[12946,12967,12928],"product_tag":[],"class_list":{"0":"post-688996","1":"product","2":"type-product","3":"status-publish","4":"has-post-thumbnail","6":"product_brand-harris-bipods","7":"product_cat-ketlabuak","8":"product_cat-puska","9":"product_cat-puska-tuning","11":"first","12":"instock","13":"taxable","14":"shipping-taxable","15":"purchasable","16":"product-type-simple"},"acf":[],"_links":{"self":[{"href":"https:\/\/nbg.eu\/hu\/wp-json\/wp\/v2\/product\/688996","targetHints":{"allow":["GET"]}}],"collection":[{"href":"https:\/\/nbg.eu\/hu\/wp-json\/wp\/v2\/product"}],"about":[{"href":"https:\/\/nbg.eu\/hu\/wp-json\/wp\/v2\/types\/product"}],"wp:featuredmedia":[{"embeddable":true,"href":"https:\/\/nbg.eu\/hu\/wp-json\/wp\/v2\/media\/35221"}],"wp:attachment":[{"href":"https:\/\/nbg.eu\/hu\/wp-json\/wp\/v2\/media?parent=688996"}],"wp:term":[{"taxonomy":"product_brand","embeddable":true,"href":"https:\/\/nbg.eu\/hu\/wp-json\/wp\/v2\/product_brand?post=688996"},{"taxonomy":"product_cat","embeddable":true,"href":"https:\/\/nbg.eu\/hu\/wp-json\/wp\/v2\/product_cat?post=688996"},{"taxonomy":"product_tag","embeddable":true,"href":"https:\/\/nbg.eu\/hu\/wp-json\/wp\/v2\/product_tag?post=688996"}],"curies":[{"name":"wp","href":"https:\/\/api.w.org\/{rel}","templated":true}]}}