{"id":689053,"date":"2025-03-06T13:09:16","date_gmt":"2025-03-06T10:09:16","guid":{"rendered":"https:\/\/nbg.eu\/product\/clawgear-picatinny-qd-mount\/"},"modified":"2026-05-13T16:03:39","modified_gmt":"2026-05-13T13:03:39","slug":"clawgear-picatinny-qd-mount","status":"publish","type":"product","link":"https:\/\/nbg.eu\/hu\/termek\/clawgear-picatinny-qd-mount\/","title":{"rendered":"Clawgear Picatinny QD Mount"},"content":{"rendered":"<h2>Clawgear Picatinny QD Szerel\u00e9k<\/h2>\n<p>N\u00f6velje pusk\u00e1ja sokoldal\u00fas\u00e1g\u00e1t a Clawgear Picatinny QD Szerel\u00e9k haszn\u00e1lat\u00e1val, egy robusztus r\u00f6gz\u00edt\u00e9si ponttal QD-Sling forg\u00f3csapos kivitel\u0171 p\u00e1ntokhoz. M-LOK illeszt\u0151fel\u00fcletekkel kompatibilis, \u00e9s a k\u00f6vetkez\u0151 jellemz\u0151kkel rendelkezik:<\/p>\n<ul>\n<li>Alacsony profil\u00fa kialak\u00edt\u00e1s ferde sarokkal a z\u00f6kken\u0151mentes kezel\u00e9shez<\/li>\n<li>Szil\u00e1rd f\u00e9mszerkezet fekete bevonattal a tart\u00f3ss\u00e1g \u00e9rdek\u00e9ben<\/li>\n<li>Rozsdamentes ac\u00e9l M-Lok any\u00e1k korr\u00f3zi\u00f3\u00e1ll\u00f3s\u00e1g \u00e9s hossz\u00fa \u00e9lettartam \u00e9rdek\u00e9ben<\/li>\n<li>360 fokos forgat\u00e1si k\u00e9pess\u00e9g<\/li>\n<\/ul>\n<p>Javasoljuk, hogy magas min\u0151s\u00e9g\u0171 QD Sling forg\u00f3csapos kivitel\u0171 p\u00e1ntokat haszn\u00e1ljon az optim\u00e1lis kompatibilit\u00e1s \u00e9rdek\u00e9ben. Mindig ellen\u0151rizze a p\u00e1nt biztons\u00e1gos r\u00f6gz\u00fcl\u00e9s\u00e9t egy gyors megh\u00faz\u00e1ssal \u00e9s elforgat\u00e1ssal.<\/p>\n<h2>M\u0171szaki adatok:<\/h2>\n<ul>\n<li>S\u00ednrendszer: M-Lok<\/li>\n<li>T\u00f6meg: 25g<\/li>\n<li>M\u00e9retek (csomagolva): 18 x 9.4 x 1 cm<\/li>\n<\/ul>\n","protected":false},"excerpt":{"rendered":"<p>A tart\u00f3s M-LOK QD sz\u00edjcsatlakoz\u00f3 360\u00b0-os forgathat\u00f3s\u00e1ggal biztons\u00e1gos r\u00f6gz\u00edt\u00e9st tesz lehet\u0151v\u00e9.<\/p>\n","protected":false},"featured_media":240830,"template":"","meta":{"_acf_changed":false},"product_brand":[11216],"product_cat":[12903,12967,12928,12981],"product_tag":[],"class_list":{"0":"post-689053","1":"product","2":"type-product","3":"status-publish","4":"has-post-thumbnail","6":"product_brand-clawgear","7":"product_cat-hevederek","8":"product_cat-puska","9":"product_cat-puska-tuning","10":"product_cat-sinek","12":"first","13":"instock","14":"taxable","15":"shipping-taxable","16":"purchasable","17":"product-type-simple"},"acf":[],"_links":{"self":[{"href":"https:\/\/nbg.eu\/hu\/wp-json\/wp\/v2\/product\/689053","targetHints":{"allow":["GET"]}}],"collection":[{"href":"https:\/\/nbg.eu\/hu\/wp-json\/wp\/v2\/product"}],"about":[{"href":"https:\/\/nbg.eu\/hu\/wp-json\/wp\/v2\/types\/product"}],"wp:featuredmedia":[{"embeddable":true,"href":"https:\/\/nbg.eu\/hu\/wp-json\/wp\/v2\/media\/240830"}],"wp:attachment":[{"href":"https:\/\/nbg.eu\/hu\/wp-json\/wp\/v2\/media?parent=689053"}],"wp:term":[{"taxonomy":"product_brand","embeddable":true,"href":"https:\/\/nbg.eu\/hu\/wp-json\/wp\/v2\/product_brand?post=689053"},{"taxonomy":"product_cat","embeddable":true,"href":"https:\/\/nbg.eu\/hu\/wp-json\/wp\/v2\/product_cat?post=689053"},{"taxonomy":"product_tag","embeddable":true,"href":"https:\/\/nbg.eu\/hu\/wp-json\/wp\/v2\/product_tag?post=689053"}],"curies":[{"name":"wp","href":"https:\/\/api.w.org\/{rel}","templated":true}]}}