{"id":689100,"date":"2025-03-03T22:26:47","date_gmt":"2025-03-03T19:26:47","guid":{"rendered":"https:\/\/nbg.eu\/product\/daa-3-piece-steel-die-set-223\/"},"modified":"2026-05-13T16:02:56","modified_gmt":"2026-05-13T13:02:56","slug":"daa-3-piece-steel-die-set-223","status":"publish","type":"product","link":"https:\/\/nbg.eu\/hu\/termek\/daa-3-piece-steel-die-set-223\/","title":{"rendered":"DAA 3-Piece Steel Die Set .223"},"content":{"rendered":"<h2>DAA 3-R\u00e9szes Ac\u00e9l\u00f6nt\u0151 K\u00e9szlet .223<\/h2>\n<p>Emelje reloader \u00e9lm\u00e9ny\u00e9t a Double Alpha Academy 3-r\u00e9szes ac\u00e9l\u00f6nt\u0151 k\u00e9szlettel a .223-as kaliber\u0171 l\u0151szerek sz\u00e1m\u00e1ra. Lee Precision k\u00f6zrem\u0171k\u00f6d\u00e9s\u00e9vel k\u00e9sz\u00fclt, \u00e9s a progressz\u00edv puska t\u00f6lt\u0151k sz\u00e1m\u00e1ra van kialak\u00edtva.<\/p>\n<ul>\n<li>Teljes hossz\u00fas\u00e1g\u00fa m\u00e9retez\u0151 matrica a megb\u00edzhat\u00f3 m\u0171k\u00f6d\u00e9s\u00e9rt<\/li>\n<li>Halott hossz\u00fas\u00e1g\u00fa l\u00f6ved\u00e9k \u00fcltet\u00e9si matrica a pontos illeszt\u00e9s\u00e9rt<\/li>\n<li>Collet st\u00edlus\u00fa gy\u00e1ri pr\u00e9sel\u0151 matrica a fokozott teljes\u00edtm\u00e9ny\u00e9rt<\/li>\n<li>2 tartal\u00e9k kis\u00fct\u0151 t\u0171t \u00e9s 3 extra DAA v\u00e9kony fal\u00fa 1&#8243; ac\u00e9l r\u00f6gz\u00edt\u0151any\u00e1t tartalmaz<\/li>\n<li>Egyedi EVA t\u00e1rol\u00f3 doboz tartoz\u00e9k<\/li>\n<\/ul>\n<p>A k\u00fcl\u00f6n krimpliz\u00e9si \u00e9s \u00fcltet\u00e9si matric\u00e1k optim\u00e1lis eredm\u00e9nyt biztos\u00edtanak a tok s\u00e9r\u00fcl\u00e9se n\u00e9lk\u00fcl. \u00c9lvezze a gy\u00e1ri l\u0151szer precizit\u00e1s\u00e1t a k\u00e9zi t\u00f6lt\u00e9s rugalmass\u00e1g\u00e1val. T\u00f6k\u00e9letes mind a tapasztalt, mind a kezd\u0151 \u00fajrat\u00f6lt\u0151k sz\u00e1m\u00e1ra.<\/p>\n<p>Friss\u00edtse \u00fajrat\u00f6lt\u0151 felszerel\u00e9s\u00e9t m\u00e9g ma a DAA kiv\u00e1l\u00f3 matrica k\u00e9szlet\u00e9vel!<\/p>\n","protected":false},"excerpt":{"rendered":"<p>Prec\u00edzi\u00f3s .223-as \u00fajrat\u00f6lt\u0151 k\u00e9szlet: Teljes m\u00e9ret\u0171, \u00fcltet\u00e9si, szegecsel\u00e9si hal\u00e1lok. Lee-gy\u00e1rtott.<\/p>\n","protected":false},"featured_media":235718,"template":"","meta":{"_acf_changed":false},"product_brand":[11267],"product_cat":[12953,12942],"product_tag":[],"class_list":{"0":"post-689100","1":"product","2":"type-product","3":"status-publish","4":"has-post-thumbnail","6":"product_brand-doublealpha","7":"product_cat-toeltenyujratoeltes","8":"product_cat-ujratoelto-kiegeszitok","10":"first","11":"instock","12":"taxable","13":"shipping-taxable","14":"purchasable","15":"product-type-simple"},"acf":[],"_links":{"self":[{"href":"https:\/\/nbg.eu\/hu\/wp-json\/wp\/v2\/product\/689100","targetHints":{"allow":["GET"]}}],"collection":[{"href":"https:\/\/nbg.eu\/hu\/wp-json\/wp\/v2\/product"}],"about":[{"href":"https:\/\/nbg.eu\/hu\/wp-json\/wp\/v2\/types\/product"}],"wp:featuredmedia":[{"embeddable":true,"href":"https:\/\/nbg.eu\/hu\/wp-json\/wp\/v2\/media\/235718"}],"wp:attachment":[{"href":"https:\/\/nbg.eu\/hu\/wp-json\/wp\/v2\/media?parent=689100"}],"wp:term":[{"taxonomy":"product_brand","embeddable":true,"href":"https:\/\/nbg.eu\/hu\/wp-json\/wp\/v2\/product_brand?post=689100"},{"taxonomy":"product_cat","embeddable":true,"href":"https:\/\/nbg.eu\/hu\/wp-json\/wp\/v2\/product_cat?post=689100"},{"taxonomy":"product_tag","embeddable":true,"href":"https:\/\/nbg.eu\/hu\/wp-json\/wp\/v2\/product_tag?post=689100"}],"curies":[{"name":"wp","href":"https:\/\/api.w.org\/{rel}","templated":true}]}}