{"id":689241,"date":"2024-08-18T11:35:41","date_gmt":"2024-08-18T08:35:41","guid":{"rendered":"https:\/\/nbg.eu\/product\/ejector-sa-da-kmr\/"},"modified":"2026-05-13T15:09:48","modified_gmt":"2026-05-13T12:09:48","slug":"ejector-sa-da-kmr","status":"publish","type":"product","link":"https:\/\/nbg.eu\/hu\/termek\/ejector-sa-da-kmr\/","title":{"rendered":"KMR Kivet\u0151kar SA\/DA"},"content":{"rendered":"<h2>Ejector SA\/DA KMR fegyverekhez<\/h2>\n<p>Az Ejector SA\/DA KMR egy sokoldal\u00fa \u00e9s megb\u00edzhat\u00f3 kieg\u00e9sz\u00edt\u0151, amely k\u00fcl\u00f6nb\u00f6z\u0151 Weapons KMR modellek haszn\u00e1lat\u00e1hoz tervezt\u00e9k. Egyszeres m\u0171k\u00f6d\u00e9si (SA) \u00e9s kett\u0151s m\u0171k\u00f6d\u00e9si (DA) mechanizmussal rendelkezik, ami nagyobb rugalmass\u00e1got \u00e9s ir\u00e1ny\u00edt\u00e1st biztos\u00edt a haszn\u00e1lat sor\u00e1n. A k\u00f6vetkez\u0151 modellekkel kompatibilis:<\/p>\n<ul>\n<li>KMR L-02 EMIQ<\/li>\n<li>KMR L-02 EMIQ (OR)<\/li>\n<li>KMR L-02 ORCA 2024-t\u0151l<\/li>\n<li>KMR L-02 ORCA 2023-ig<\/li>\n<li>KMR L-02 SPECTRA 2024-t\u0151l<\/li>\n<li>KMR L-02 SPECTRA 2023-ig<\/li>\n<li>KMR L-02 UMBRA (OR) SR<\/li>\n<li>KMR W-02 CUDA (OR)<\/li>\n<li>KMR W-02 UMBRA<\/li>\n<li>KMR W-02 UMBRA (OR)<\/li>\n<\/ul>\n<p>Cikksz\u00e1m: 1060-00701-0401<\/p>\n","protected":false},"excerpt":{"rendered":"<p>Ejector SA\/DA KMR &#8211; megb\u00edzhat\u00f3, sokoldal\u00fa fegyver-kieg\u00e9sz\u00edt\u0151 a KMR-hez.<\/p>\n","protected":false},"featured_media":25685,"template":"","meta":{"_acf_changed":false},"product_brand":[11502],"product_cat":[12917],"product_tag":[],"class_list":{"0":"post-689241","1":"product","2":"type-product","3":"status-publish","4":"has-post-thumbnail","6":"product_brand-kmr-precision","7":"product_cat-kmr-alkatreszek","9":"first","10":"instock","11":"taxable","12":"shipping-taxable","13":"product-type-simple"},"acf":[],"_links":{"self":[{"href":"https:\/\/nbg.eu\/hu\/wp-json\/wp\/v2\/product\/689241","targetHints":{"allow":["GET"]}}],"collection":[{"href":"https:\/\/nbg.eu\/hu\/wp-json\/wp\/v2\/product"}],"about":[{"href":"https:\/\/nbg.eu\/hu\/wp-json\/wp\/v2\/types\/product"}],"wp:featuredmedia":[{"embeddable":true,"href":"https:\/\/nbg.eu\/hu\/wp-json\/wp\/v2\/media\/25685"}],"wp:attachment":[{"href":"https:\/\/nbg.eu\/hu\/wp-json\/wp\/v2\/media?parent=689241"}],"wp:term":[{"taxonomy":"product_brand","embeddable":true,"href":"https:\/\/nbg.eu\/hu\/wp-json\/wp\/v2\/product_brand?post=689241"},{"taxonomy":"product_cat","embeddable":true,"href":"https:\/\/nbg.eu\/hu\/wp-json\/wp\/v2\/product_cat?post=689241"},{"taxonomy":"product_tag","embeddable":true,"href":"https:\/\/nbg.eu\/hu\/wp-json\/wp\/v2\/product_tag?post=689241"}],"curies":[{"name":"wp","href":"https:\/\/api.w.org\/{rel}","templated":true}]}}