{"id":689281,"date":"2024-09-17T07:54:09","date_gmt":"2024-09-17T04:54:09","guid":{"rendered":"https:\/\/nbg.eu\/product\/extractor-40-sw-kmr\/"},"modified":"2026-04-16T17:32:14","modified_gmt":"2026-04-16T14:32:14","slug":"extractor-40-sw-kmr","status":"publish","type":"product","link":"https:\/\/nbg.eu\/hu\/termek\/extractor-40-sw-kmr\/","title":{"rendered":"KMR Kivet\u0151 .40 S&amp;W"},"content":{"rendered":"<h2>KMR prec\u00edzi\u00f3s extractor &#8211; .40 S&amp;W<\/h2>\n<p>Biztos\u00edtsa, hogy az \u00d6n KMR pisztolya t\u00f6k\u00e9letes hat\u00e9konys\u00e1ggal m\u0171k\u00f6dj\u00f6n ezzel a dedik\u00e1lt .40 S&amp;W extractorral. Speci\u00e1lisan a nagyobb nyom\u00e1sokhoz \u00e9s a .40 kaliber\u0171 t\u00f6lt\u00e9nyek jellemz\u0151 geometri\u00e1j\u00e1hoz tervezve, ez az alkatr\u00e9sz a megb\u00edzhat\u00f3 fegyver fenntart\u00e1s\u00e1nak kulcsa.<\/p>\n<h3>M\u0171szaki kiv\u00e1l\u00f3s\u00e1g:<\/h3>\n<ul>\n<li><strong>Kaliberre szabott kialak\u00edt\u00e1s:<\/strong> Ellent\u00e9tben az univerz\u00e1lis alkatr\u00e9szekkel, ezt az extractort prec\u00edzi\u00f3s megmunk\u00e1l\u00e1ssal gy\u00e1rtott\u00e1k, hogy illeszkedjen a .40 S&amp;W t\u00f6lt\u00e9ny perem\u00e9re, \u00e9s \u00edgy szorosabb t\u0171r\u00e9seket \u00e9s hat\u00e9konyabb kih\u00faz\u00e1st biztos\u00edtson.<\/li>\n<li><strong>Fokozott tart\u00f3ss\u00e1g:<\/strong> Edzett ac\u00e9l\u00f6tv\u00f6zetb\u0151l k\u00e9sz\u00fclt, hogy megbirk\u00f3zzon a .40 S&amp;W kaliberhez t\u00e1rsul\u00f3 megn\u00f6vekedett cs\u00fasz\u00f3sebess\u00e9gekkel \u00e9s visszar\u00fag\u00e1si er\u0151kkel.<\/li>\n<li><strong>Akad\u00e1smentes m\u0171k\u00f6d\u00e9s:<\/strong> Korr\u00f3zi\u00f3g\u00e1tl\u00f3 fel\u00fcletkezel\u00e9ssel rendelkezik, amely cs\u00f6kkenti a s\u00farl\u00f3d\u00e1st, \u00e9s megakad\u00e1lyozza, hogy a felhalmoz\u00f3d\u00f3 karbonlerak\u00f3d\u00e1sok zavarj\u00e1k a kih\u00faz\u00f3horog m\u0171k\u00f6d\u00e9s\u00e9t.<\/li>\n<li><strong>T\u00f6k\u00e9letes illeszked\u00e9s:<\/strong> KMR cs\u00fasz\u00f3t\u00f6mbh\u00f6z tervezt\u00e9k, fenntartva a professzion\u00e1lis haszn\u00e1lathoz sz\u00fcks\u00e9ges prec\u00edz fesz\u00edt\u0151er\u0151t.<\/li>\n<\/ul>\n<p>Az extractor egy kritikus kop\u00f3alkatr\u00e9sz. Ezzel az eredeti KMR alkatr\u00e9sszel t\u00f6rt\u00e9n\u0151 friss\u00edt\u00e9ssel kik\u00fcsz\u00f6b\u00f6li a potenci\u00e1lis m\u0171k\u00f6d\u00e9si probl\u00e9m\u00e1kat, \u00e9s biztos\u00edtja, hogy pisztolya k\u00e9szen \u00e1ll az IPSC\/USPSA verseny vagy szolg\u00e1lati haszn\u00e1lat kih\u00edv\u00e1saira.<\/p>\n","protected":false},"excerpt":{"rendered":"<p>1080-00302-0400<\/p>\n","protected":false},"featured_media":25708,"template":"","meta":{"_acf_changed":false},"product_brand":[11502],"product_cat":[12917],"product_tag":[],"class_list":{"0":"post-689281","1":"product","2":"type-product","3":"status-publish","4":"has-post-thumbnail","6":"product_brand-kmr-precision","7":"product_cat-kmr-alkatreszek","9":"first","10":"instock","11":"taxable","12":"shipping-taxable","13":"product-type-simple"},"acf":[],"_links":{"self":[{"href":"https:\/\/nbg.eu\/hu\/wp-json\/wp\/v2\/product\/689281","targetHints":{"allow":["GET"]}}],"collection":[{"href":"https:\/\/nbg.eu\/hu\/wp-json\/wp\/v2\/product"}],"about":[{"href":"https:\/\/nbg.eu\/hu\/wp-json\/wp\/v2\/types\/product"}],"wp:featuredmedia":[{"embeddable":true,"href":"https:\/\/nbg.eu\/hu\/wp-json\/wp\/v2\/media\/25708"}],"wp:attachment":[{"href":"https:\/\/nbg.eu\/hu\/wp-json\/wp\/v2\/media?parent=689281"}],"wp:term":[{"taxonomy":"product_brand","embeddable":true,"href":"https:\/\/nbg.eu\/hu\/wp-json\/wp\/v2\/product_brand?post=689281"},{"taxonomy":"product_cat","embeddable":true,"href":"https:\/\/nbg.eu\/hu\/wp-json\/wp\/v2\/product_cat?post=689281"},{"taxonomy":"product_tag","embeddable":true,"href":"https:\/\/nbg.eu\/hu\/wp-json\/wp\/v2\/product_tag?post=689281"}],"curies":[{"name":"wp","href":"https:\/\/api.w.org\/{rel}","templated":true}]}}