{"id":689305,"date":"2024-08-18T11:36:41","date_gmt":"2024-08-18T08:36:41","guid":{"rendered":"https:\/\/nbg.eu\/product\/extractor-9x19-kmr\/"},"modified":"2026-05-13T16:01:57","modified_gmt":"2026-05-13T13:01:57","slug":"extractor-9x19-kmr","status":"publish","type":"product","link":"https:\/\/nbg.eu\/hu\/termek\/extractor-9x19-kmr\/","title":{"rendered":"KMR Kivet\u0151 9&#215;19"},"content":{"rendered":"<h2>KMR Precision Extractor \u2013 9x19mm<\/h2>\n<p>Ez a prec\u00edzi\u00f3s kivitel\u0171 extractor egy fontos alkatr\u00e9sz-csere, amely kifejezetten a 9x19mm-es KMR pisztolyokhoz k\u00e9sz\u00fclt. \u00dagy tervezt\u00e9k, hogy ellen\u00e1lljon a nagy forgalm\u00fa versenyl\u00f6v\u00e9szet megterhel\u00e9s\u00e9nek, \u00e9s biztos\u00edtsa a 9mm-es h\u00fcvelyek t\u00f6k\u00e9letes elt\u00e1vol\u00edt\u00e1s\u00e1t a kamr\u00e1b\u00f3l minden l\u00f6v\u00e9sn\u00e9l.<\/p>\n<h3>M\u0171szaki kiv\u00e1l\u00f3s\u00e1g:<\/h3>\n<ul>\n<li><strong>Optimaliz\u00e1lva a 9x19mm-re:<\/strong> Kifejezetten a 9mm Luger l\u0151szer gy\u0171r\u0171m\u00e9ret\u00e9re hangolva, hogy maxim\u00e1lis illeszked\u00e9st \u00e9s megb\u00edzhat\u00f3s\u00e1got biztos\u00edtson.<\/li>\n<li><strong>Kiv\u00e1l\u00f3 min\u0151s\u00e9g\u0171 ac\u00e9l:<\/strong> Pr\u00e9mium, h\u0151kezelt ac\u00e9lb\u00f3l megmunk\u00e1lva, hogy megel\u0151zze a horog kop\u00e1s\u00e1t \u00e9s ellen\u00e1lljon a cs\u00fasz\u00f3fel\u00fclet ciklus\u00e1nak magas ig\u00e9nybev\u00e9tel\u00e9nek.<\/li>\n<li><strong>OEM-kompatibilit\u00e1s:<\/strong> K\u00f6zvetlen cserealkatr\u00e9sz a KMR modellek, mint az L-02 \u00e9s W-02 sz\u00e1m\u00e1ra, garant\u00e1lva a t\u00f6k\u00e9letes gy\u00e1ri illeszked\u00e9st.<\/li>\n<li><strong>Konzisztens teljes\u00edtm\u00e9ny:<\/strong> A specializ\u00e1lt karmozg\u00e1s geometri\u00e1ja minimaliz\u00e1lja a &#8222;Failure to Extract&#8221; (FTE) meghib\u00e1sod\u00e1sokat, m\u00e9g gyors t\u00fczel\u00e9s eset\u00e9n is.<\/li>\n<\/ul>\n<p>Tartsa meg pisztoly\u00e1nak versenyel\u0151ny\u00e9t azzal, hogy biztos\u00edtja az elt\u00e1vol\u00edt\u00e1si rendszer cs\u00facs\u00e1llapot\u00e1t. Ez az eredeti KMR alkatr\u00e9sz n\u00e9lk\u00fcl\u00f6zhetetlen minden olyan l\u00f6v\u00e9sz sz\u00e1m\u00e1ra, aki 100%-os megb\u00edzhat\u00f3s\u00e1got k\u00f6vetel meg a l\u0151t\u00e9ren vagy egy versenyen.<\/p>\n","protected":false},"excerpt":{"rendered":"<p>1080-00301-0400<\/p>\n","protected":false},"featured_media":25708,"template":"","meta":{"_acf_changed":false},"product_brand":[11502],"product_cat":[12917],"product_tag":[],"class_list":{"0":"post-689305","1":"product","2":"type-product","3":"status-publish","4":"has-post-thumbnail","6":"product_brand-kmr-precision","7":"product_cat-kmr-alkatreszek","9":"first","10":"instock","11":"taxable","12":"shipping-taxable","13":"product-type-simple"},"acf":[],"_links":{"self":[{"href":"https:\/\/nbg.eu\/hu\/wp-json\/wp\/v2\/product\/689305","targetHints":{"allow":["GET"]}}],"collection":[{"href":"https:\/\/nbg.eu\/hu\/wp-json\/wp\/v2\/product"}],"about":[{"href":"https:\/\/nbg.eu\/hu\/wp-json\/wp\/v2\/types\/product"}],"wp:featuredmedia":[{"embeddable":true,"href":"https:\/\/nbg.eu\/hu\/wp-json\/wp\/v2\/media\/25708"}],"wp:attachment":[{"href":"https:\/\/nbg.eu\/hu\/wp-json\/wp\/v2\/media?parent=689305"}],"wp:term":[{"taxonomy":"product_brand","embeddable":true,"href":"https:\/\/nbg.eu\/hu\/wp-json\/wp\/v2\/product_brand?post=689305"},{"taxonomy":"product_cat","embeddable":true,"href":"https:\/\/nbg.eu\/hu\/wp-json\/wp\/v2\/product_cat?post=689305"},{"taxonomy":"product_tag","embeddable":true,"href":"https:\/\/nbg.eu\/hu\/wp-json\/wp\/v2\/product_tag?post=689305"}],"curies":[{"name":"wp","href":"https:\/\/api.w.org\/{rel}","templated":true}]}}