{"id":689326,"date":"2024-08-17T15:16:22","date_gmt":"2024-08-17T12:16:22","guid":{"rendered":"https:\/\/nbg.eu\/product\/extractor-pin-22-lr-2x10-kmr\/"},"modified":"2026-05-13T16:02:12","modified_gmt":"2026-05-13T13:02:12","slug":"extractor-pin-22-lr-2x10-kmr","status":"publish","type":"product","link":"https:\/\/nbg.eu\/hu\/termek\/extractor-pin-22-lr-2x10-kmr\/","title":{"rendered":"KMR Kivet\u0151 Csap .22 LR 2&#215;10"},"content":{"rendered":"<h2>22 Lr 2X10 KMR Extractor Pin &#8211; Megb\u00edzhat\u00f3 kivon\u00e1si pontoss\u00e1g<\/h2>\n<p>A .22 LR KMR rimfire platformhoz m\u00e9rn\u00f6ki pontoss\u00e1ggal tervezt\u00e9k a 22 Lr 2X10 KMR Extractor Pint, amely a kivon\u00f3 mechanizmus kritikus forg\u00f3pontj\u00e1t biztos\u00edtja a megb\u00edzhat\u00f3 m\u0171k\u00f6d\u00e9shez. Edzett ac\u00e9lb\u00f3l k\u00e9sz\u00fclt, prec\u00edz m\u00e9ret\u0171 (2x10mm) csapja garant\u00e1lja az \u00e1lland\u00f3 fesz\u00edt\u0151er\u0151t, \u00e9s megakad\u00e1lyozza a csap kilazul\u00e1s\u00e1t vagy elny\u00edr\u00e1s\u00e1t gyors t\u0171zesetn\u00e9l, biztos\u00edtva, hogy a KMR pisztoly kivonja a t\u00f6lt\u00e9ny\u00fcreseket megb\u00edzhat\u00f3an.<\/p>\n<p>A 22 Lr 2X10 KMR Extractor Pin elengedhetetlen alkatr\u00e9sz a .22 LR KMR optim\u00e1lis teljes\u00edtm\u00e9ny\u00e9nek fenntart\u00e1s\u00e1hoz. Robosztus kivitele \u00e9s alapos tervez\u00e9se megadja a sz\u00fcks\u00e9ges forg\u00f3t\u00e1maszt\u00e1st, hogy a kivon\u00f3 hib\u00e1tlanul m\u0171k\u00f6dj\u00f6n, l\u00f6v\u00e9s l\u00f6v\u00e9s ut\u00e1n. Legyen sz\u00f3 c\u00e9ll\u00f6v\u00e9szetr\u0151l, c\u00e9lba l\u00f6v\u00e9sr\u0151l vagy versenyz\u00e9sr\u0151l, ez az extractor pin n\u00e9lk\u00fcl\u00f6zhetetlen friss\u00edt\u00e9s ahhoz, hogy a KMR pisztoly cs\u00facsteljes\u00edtm\u00e9nyt ny\u00fajtson.<\/p>\n<p>Friss\u00edtse .22 LR KMR-j\u00e9t a 22 Lr 2X10 KMR Extractor Pin-nel, \u00e9s tapasztalja meg a megb\u00edzhat\u00f3, min\u0151s\u00e9gi forg\u00f3pont biztons\u00e1g\u00e1t, amely gondoskodik a kivon\u00f3 prec\u00edz \u00e9s konzisztens m\u0171k\u00f6d\u00e9s\u00e9r\u0151l. Fektessen be a k\u00fcl\u00f6nbs\u00e9get jelent\u0151 r\u00e9szletekbe, \u00e9s \u00e9lvezze a megnyugtat\u00f3 \u00e9rz\u00e9st, hogy t\u0171zfegyvere kih\u00faz\u00e1sa minden l\u00f6v\u00e9sn\u00e9l megb\u00edzhat\u00f3an m\u0171k\u00f6dik.<\/p>\n","protected":false},"excerpt":{"rendered":"<p>Prec\u00edzi\u00f3s 2&#215;10 mm-es kivon\u00f3 forg\u00f3t\u00fcske .22 LR KMR pisztolyokhoz; edzett ac\u00e9l kivitel.<\/p>\n","protected":false},"featured_media":24064,"template":"","meta":{"_acf_changed":false},"product_brand":[11502],"product_cat":[12917],"product_tag":[],"class_list":{"0":"post-689326","1":"product","2":"type-product","3":"status-publish","4":"has-post-thumbnail","6":"product_brand-kmr-precision","7":"product_cat-kmr-alkatreszek","9":"first","10":"instock","11":"taxable","12":"shipping-taxable","13":"product-type-simple"},"acf":[],"_links":{"self":[{"href":"https:\/\/nbg.eu\/hu\/wp-json\/wp\/v2\/product\/689326","targetHints":{"allow":["GET"]}}],"collection":[{"href":"https:\/\/nbg.eu\/hu\/wp-json\/wp\/v2\/product"}],"about":[{"href":"https:\/\/nbg.eu\/hu\/wp-json\/wp\/v2\/types\/product"}],"wp:featuredmedia":[{"embeddable":true,"href":"https:\/\/nbg.eu\/hu\/wp-json\/wp\/v2\/media\/24064"}],"wp:attachment":[{"href":"https:\/\/nbg.eu\/hu\/wp-json\/wp\/v2\/media?parent=689326"}],"wp:term":[{"taxonomy":"product_brand","embeddable":true,"href":"https:\/\/nbg.eu\/hu\/wp-json\/wp\/v2\/product_brand?post=689326"},{"taxonomy":"product_cat","embeddable":true,"href":"https:\/\/nbg.eu\/hu\/wp-json\/wp\/v2\/product_cat?post=689326"},{"taxonomy":"product_tag","embeddable":true,"href":"https:\/\/nbg.eu\/hu\/wp-json\/wp\/v2\/product_tag?post=689326"}],"curies":[{"name":"wp","href":"https:\/\/api.w.org\/{rel}","templated":true}]}}