{"id":689347,"date":"2024-08-16T23:18:23","date_gmt":"2024-08-16T20:18:23","guid":{"rendered":"https:\/\/nbg.eu\/product\/extractor-pin-kmr\/"},"modified":"2026-05-13T16:02:07","modified_gmt":"2026-05-13T13:02:07","slug":"extractor-pin-kmr","status":"publish","type":"product","link":"https:\/\/nbg.eu\/hu\/termek\/extractor-pin-kmr\/","title":{"rendered":"KMR Kivet\u0151 Csap"},"content":{"rendered":"<h2>Kil\u00f6v\u0151 t\u0171 a KMR pisztolyokhoz<\/h2>\n<p>Emeld meg a teljes\u00edtm\u00e9nyt \u00e9s megb\u00edzhat\u00f3s\u00e1got a KMR pisztolyodban a Kil\u00f6v\u0151 t\u0171 seg\u00edts\u00e9g\u00e9vel. Kem\u00e9ny\u00edtett szersz\u00e1mac\u00e9lb\u00f3l k\u00e9sz\u00fclt, \u00e9s prec\u00edz gy\u00e1ri specifik\u00e1ci\u00f3k szerint m\u00e9retezt\u00e9k, hogy t\u00f6k\u00e9letesen illeszkedjen a cs\u00fasz\u00f3vezet\u00e9kbe. Kop\u00e1s\u00e1ll\u00f3 bevonat\u00e1nak k\u00f6sz\u00f6nhet\u0151en tart\u00f3s lesz, nagy szak\u00edt\u00f3szil\u00e1rds\u00e1ga pedig v\u00e9di a kritikus kil\u00f6v\u0151rendszert.<\/p>\n<p>A kil\u00f6v\u0151 mozg\u00e1s\u00e1nak tengelye, \u00edgy l\u00e9tfontoss\u00e1g\u00fa szerepet j\u00e1tszik a kil\u00f6v\u00e9si ciklusban. Az egyenletes rug\u00f3fesz\u00fclts\u00e9g fenntart\u00e1s\u00e1val megakad\u00e1lyozza a mechanikai meghib\u00e1sod\u00e1sokat, \u00e9s gondoskodik a sima, megb\u00edzhat\u00f3 m\u0171k\u00f6d\u00e9sr\u0151l minden l\u00f6v\u00e9sn\u00e9l. Legyen sz\u00f3 c\u00e9lvad\u00e1sz vagy \u00f6nv\u00e9delmi lelkes felhaszn\u00e1l\u00f3r\u00f3l, a Kil\u00f6v\u0151 t\u0171 elengedhetetlen friss\u00edt\u00e9s a KMR pisztolyodhoz, amely a k\u00edv\u00e1nt teljes\u00edtm\u00e9nyt \u00e9s nyugalmat ny\u00fajtja.<\/p>\n","protected":false},"excerpt":{"rendered":"<p>Magas szak\u00edt\u00f3szil\u00e1rds\u00e1g\u00fa extraktortengely-csapszeg a KMR pisztolyokhoz; pontos illeszked\u00e9s \u00e9s tart\u00f3s fel\u00fclet.<\/p>\n","protected":false},"featured_media":23780,"template":"","meta":{"_acf_changed":false},"product_brand":[11502],"product_cat":[12917],"product_tag":[],"class_list":{"0":"post-689347","1":"product","2":"type-product","3":"status-publish","4":"has-post-thumbnail","6":"product_brand-kmr-precision","7":"product_cat-kmr-alkatreszek","9":"first","10":"instock","11":"taxable","12":"shipping-taxable","13":"product-type-simple"},"acf":[],"_links":{"self":[{"href":"https:\/\/nbg.eu\/hu\/wp-json\/wp\/v2\/product\/689347","targetHints":{"allow":["GET"]}}],"collection":[{"href":"https:\/\/nbg.eu\/hu\/wp-json\/wp\/v2\/product"}],"about":[{"href":"https:\/\/nbg.eu\/hu\/wp-json\/wp\/v2\/types\/product"}],"wp:featuredmedia":[{"embeddable":true,"href":"https:\/\/nbg.eu\/hu\/wp-json\/wp\/v2\/media\/23780"}],"wp:attachment":[{"href":"https:\/\/nbg.eu\/hu\/wp-json\/wp\/v2\/media?parent=689347"}],"wp:term":[{"taxonomy":"product_brand","embeddable":true,"href":"https:\/\/nbg.eu\/hu\/wp-json\/wp\/v2\/product_brand?post=689347"},{"taxonomy":"product_cat","embeddable":true,"href":"https:\/\/nbg.eu\/hu\/wp-json\/wp\/v2\/product_cat?post=689347"},{"taxonomy":"product_tag","embeddable":true,"href":"https:\/\/nbg.eu\/hu\/wp-json\/wp\/v2\/product_tag?post=689347"}],"curies":[{"name":"wp","href":"https:\/\/api.w.org\/{rel}","templated":true}]}}