{"id":689407,"date":"2024-08-17T17:59:06","date_gmt":"2024-08-17T14:59:06","guid":{"rendered":"https:\/\/nbg.eu\/product\/extractor-spring-kmr-s\/"},"modified":"2026-05-13T16:02:41","modified_gmt":"2026-05-13T13:02:41","slug":"extractor-spring-kmr-s","status":"publish","type":"product","link":"https:\/\/nbg.eu\/hu\/termek\/extractor-spring-kmr-s\/","title":{"rendered":"KMR Kivet\u0151 Rug\u00f3 S"},"content":{"rendered":"<h2>Extractor Spring KMR S: Prec\u00edzi\u00f3s kivitelez\u00e9s az optim\u00e1lis fegyverteljes\u00edtm\u00e9ny\u00e9rt<\/h2>\n<p>Az Extractor Spring egy gondosan megtervezett alkatr\u00e9sz, amely a KMR fegyverrendszerek kiv\u00e9teles teljes\u00edtm\u00e9ny\u00e9t \u00e9s megb\u00edzhat\u00f3s\u00e1g\u00e1t hivatott biztos\u00edtani.<\/p>\n<p>A precizit\u00e1s \u00e9s a tart\u00f3ss\u00e1g szem el\u0151tt tart\u00e1s\u00e1val tervezt\u00e9k, ez a rug\u00f3 kulcsfontoss\u00e1g\u00fa szerepet j\u00e1tszik ezen fejlett fegyverrendszerek z\u00f6kken\u0151mentes \u00e9s megb\u00edzhat\u00f3 m\u0171k\u00f6d\u00e9s\u00e9ben. Gondosan kalibr\u00e1lt kivitelez\u00e9se garant\u00e1lja a k\u00f6vetkezetes \u00e9s megb\u00edzhat\u00f3 kih\u00faz\u00e1st, lehet\u0151v\u00e9 t\u00e9ve a felhaszn\u00e1l\u00f3k sz\u00e1m\u00e1ra, hogy megb\u00edzhat\u00f3an haszn\u00e1lhass\u00e1k felszerel\u00e9s\u00fcket a legig\u00e9nyesebb helyzetekben is.<\/p>\n<p>A k\u00f6vetkez\u0151 KMR fegyverekhez:<\/p>\n<p>KMR S-01 LANCE (OR)<\/p>\n<p>KMR S-02 10 (OR) SR ADA<\/p>\n<p>KMR S-02 75 (OR) SR ADA<\/p>\n<p>KMR S-02 2024-T\u0150L<\/p>\n<p>KMR S-02 SH1 (OR) SR ADA<\/p>\n<p>KMR S-02 SH2 (OR) SR ADA<\/p>\n<p>KMR S-02 TS (OR) SR ADA<\/p>\n<p>KMR S-02 2023-IG<\/p>\n","protected":false},"excerpt":{"rendered":"<p>Kivon\u00f3rug\u00f3 k\u00fcl\u00f6nb\u00f6z\u0151 KMR fegyverekhez, 2024-t\u0151l kompatibilis.<\/p>\n","protected":false},"featured_media":24756,"template":"","meta":{"_acf_changed":false},"product_brand":[11502],"product_cat":[12917,12935],"product_tag":[],"class_list":{"0":"post-689407","1":"product","2":"type-product","3":"status-publish","4":"has-post-thumbnail","6":"product_brand-kmr-precision","7":"product_cat-kmr-alkatreszek","8":"product_cat-rugok","10":"first","11":"instock","12":"taxable","13":"shipping-taxable","14":"product-type-simple"},"acf":[],"_links":{"self":[{"href":"https:\/\/nbg.eu\/hu\/wp-json\/wp\/v2\/product\/689407","targetHints":{"allow":["GET"]}}],"collection":[{"href":"https:\/\/nbg.eu\/hu\/wp-json\/wp\/v2\/product"}],"about":[{"href":"https:\/\/nbg.eu\/hu\/wp-json\/wp\/v2\/types\/product"}],"wp:featuredmedia":[{"embeddable":true,"href":"https:\/\/nbg.eu\/hu\/wp-json\/wp\/v2\/media\/24756"}],"wp:attachment":[{"href":"https:\/\/nbg.eu\/hu\/wp-json\/wp\/v2\/media?parent=689407"}],"wp:term":[{"taxonomy":"product_brand","embeddable":true,"href":"https:\/\/nbg.eu\/hu\/wp-json\/wp\/v2\/product_brand?post=689407"},{"taxonomy":"product_cat","embeddable":true,"href":"https:\/\/nbg.eu\/hu\/wp-json\/wp\/v2\/product_cat?post=689407"},{"taxonomy":"product_tag","embeddable":true,"href":"https:\/\/nbg.eu\/hu\/wp-json\/wp\/v2\/product_tag?post=689407"}],"curies":[{"name":"wp","href":"https:\/\/api.w.org\/{rel}","templated":true}]}}