{"id":689431,"date":"2024-09-18T13:09:26","date_gmt":"2024-09-18T10:09:26","guid":{"rendered":"https:\/\/nbg.eu\/product\/extractor-spring-or-kmr\/"},"modified":"2026-05-13T16:02:17","modified_gmt":"2026-05-13T13:02:17","slug":"extractor-spring-or-kmr","status":"publish","type":"product","link":"https:\/\/nbg.eu\/hu\/termek\/extractor-spring-or-kmr\/","title":{"rendered":"KMR Kivet\u0151 Rug\u00f3 OR"},"content":{"rendered":"<h2>EXTRACTOR RUG\u00d3 VAGY KMR<\/h2>\n<p>Kiv\u00e1l\u00f3 min\u0151s\u00e9g\u0171 anyagokb\u00f3l k\u00e9sz\u00fclt \u00e9s arra tervezve, hogy megbirk\u00f3zzon az intenz\u00edv haszn\u00e1lat k\u00f6vetelm\u00e9nyeivel, ez a rug\u00f3 biztos\u00edtja a sz\u00fcks\u00e9ges feszess\u00e9get \u00e9s reakci\u00f3k\u00e9pess\u00e9get, hogy a fegyver kivon\u00f3rug\u00f3ja sim\u00e1n m\u0171k\u00f6dj\u00f6n. Ak\u00e1r versenyl\u00f6v\u00e9szeti esem\u00e9nyeken vesz r\u00e9szt, taktikai kik\u00e9pz\u00e9sen van, vagy szem\u00e9lyes v\u00e9delemre haszn\u00e1lja a KMR-t, ez a cserealkatr\u00e9sz biztos\u00edtja a z\u00f6kken\u0151mentes \u00e9s megb\u00edzhat\u00f3 m\u0171k\u00f6d\u00e9st, id\u0151r\u0151l id\u0151re.<\/p>\n<p>A rug\u00f3 friss\u00edt\u00e9se vagy cser\u00e9je egyszer\u0171 \u00e9s egyenes folyamat, lehet\u0151v\u00e9 t\u00e9ve, hogy a KMR cs\u00facsteljes\u00edtm\u00e9ny\u00e9t fenntartsa \u00e9s \u00e9lettartam\u00e1t meghosszabb\u00edtsa. Prec\u00edz illeszked\u00e9s\u00e9vel \u00e9s egyszer\u0171 beszerel\u00e9s\u00e9vel a fegyver gyorsan ism\u00e9t bevet\u00e9sre k\u00e9sz, \u00edgy mindig k\u00e9szen \u00e1ll a k\u00f6vetkez\u0151 kih\u00edv\u00e1sra.<\/p>\n<\/p>\n<p>Fegyverekhez KMR:<\/p>\n<\/p>\n<p>KMR L-02 EMIQ (OR)<\/p>\n<\/p>\n<p>KMR L-02 SPECTRA 2024-T\u0150L<\/p>\n<\/p>\n<p>KMR L-02 SPECTRA 2023-IG<\/p>\n<\/p>\n<p>KMR L-02 UMBRA (OR) SR<\/p>\n<\/p>\n<p>KMR W-02 CUDA (OR)<\/p>\n<\/p>\n<p>KMR W-02 UMBRA (OR)<\/p>\n","protected":false},"excerpt":{"rendered":"<p>Csereeszk\u00f6z-kiszed\u0151 rug\u00f3 a KMR L-02 \u00e9s a KMR W-02 fegyverekhez.<\/p>\n","protected":false},"featured_media":24779,"template":"","meta":{"_acf_changed":false},"product_brand":[11502],"product_cat":[12917,12935],"product_tag":[],"class_list":{"0":"post-689431","1":"product","2":"type-product","3":"status-publish","4":"has-post-thumbnail","6":"product_brand-kmr-precision","7":"product_cat-kmr-alkatreszek","8":"product_cat-rugok","10":"first","11":"instock","12":"taxable","13":"shipping-taxable","14":"product-type-simple"},"acf":[],"_links":{"self":[{"href":"https:\/\/nbg.eu\/hu\/wp-json\/wp\/v2\/product\/689431","targetHints":{"allow":["GET"]}}],"collection":[{"href":"https:\/\/nbg.eu\/hu\/wp-json\/wp\/v2\/product"}],"about":[{"href":"https:\/\/nbg.eu\/hu\/wp-json\/wp\/v2\/types\/product"}],"wp:featuredmedia":[{"embeddable":true,"href":"https:\/\/nbg.eu\/hu\/wp-json\/wp\/v2\/media\/24779"}],"wp:attachment":[{"href":"https:\/\/nbg.eu\/hu\/wp-json\/wp\/v2\/media?parent=689431"}],"wp:term":[{"taxonomy":"product_brand","embeddable":true,"href":"https:\/\/nbg.eu\/hu\/wp-json\/wp\/v2\/product_brand?post=689431"},{"taxonomy":"product_cat","embeddable":true,"href":"https:\/\/nbg.eu\/hu\/wp-json\/wp\/v2\/product_cat?post=689431"},{"taxonomy":"product_tag","embeddable":true,"href":"https:\/\/nbg.eu\/hu\/wp-json\/wp\/v2\/product_tag?post=689431"}],"curies":[{"name":"wp","href":"https:\/\/api.w.org\/{rel}","templated":true}]}}