{"id":689443,"date":"2024-08-17T15:26:35","date_gmt":"2024-08-17T12:26:35","guid":{"rendered":"https:\/\/nbg.eu\/product\/fiber-optic-front-sight-kmr-625xd1x3-red\/"},"modified":"2026-05-13T16:03:18","modified_gmt":"2026-05-13T13:03:18","slug":"fiber-optic-front-sight-kmr-625xd1x3-red","status":"publish","type":"product","link":"https:\/\/nbg.eu\/hu\/termek\/fiber-optic-front-sight-kmr-625xd1x3-red\/","title":{"rendered":"KMR Sz\u00e1loptik\u00e1s El\u0151ir\u00e1nyz\u00e9k 6.25xD1x3 Piros"},"content":{"rendered":"<h2>N\u00f6velje fegyver\u00e9nek c\u00e9lz\u00e1s\u00e1t a FIBER OPTIC FRONT SIGHT KMR 6,25xD1x3 V\u00d6R\u00d6S seg\u00edts\u00e9g\u00e9vel<\/h2>\n<p>A 6,25 x D1 x 3 m\u00e9ret\u0171 c\u00e9lz\u00e9k t\u00f6k\u00e9letesen illeszkedik fegyver\u00e9hez, z\u00f6kken\u0151mentes integr\u00e1ci\u00f3t biztos\u00edtva an\u00e9lk\u00fcl, hogy befoly\u00e1soln\u00e1 az \u00e1ltal\u00e1nos kialak\u00edt\u00e1st. A tart\u00f3s fel\u00e9p\u00edt\u00e9s \u00e9s a gy\u00e1rt\u00e1s sor\u00e1n haszn\u00e1lt tart\u00f3s anyagok garant\u00e1lj\u00e1k a hossz\u00fa t\u00e1v\u00fa teljes\u00edtm\u00e9nyt, m\u00e9g k\u00f6vetel\u0151 k\u00f6rnyezetben is.<\/p>\n<p>F\u00fcggetlen\u00fcl att\u00f3l, hogy taktikai m\u0171veletekben, versenyl\u00f6v\u00e9szetben vagy szabadid\u0151s haszn\u00e1latban vesz r\u00e9szt, a fiber optikai c\u00e9lz\u00e9k jav\u00edtani fogja c\u00e9lz\u00e1si k\u00e9pess\u00e9geit, \u00e9s el\u0151nyt biztos\u00edt \u00d6nnek. B\u00edzzon ebben a megb\u00edzhat\u00f3 \u00e9s kiv\u00e1l\u00f3 min\u0151s\u00e9g\u0171 kieg\u00e9sz\u00edt\u0151ben, hogy n\u00f6velje fegyvere precizit\u00e1s\u00e1t \u00e9s pontoss\u00e1g\u00e1t.<\/p>\n<p>Fegyverek KMR:<\/p>\n<p>KMR L-02 ORCA 2023-ig<\/p>\n<p>KMR W-02 UMBRA<\/p>\n<p>Referencia: 0501-04605-0001<\/p>\n","protected":false},"excerpt":{"rendered":"<p>Optikai sz\u00e1las ir\u00e1nyz\u00e9k KMR fegyverekhez, 6,25xD1x3, piros.<\/p>\n","protected":false},"featured_media":24133,"template":"","meta":{"_acf_changed":false},"product_brand":[11502],"product_cat":[12917],"product_tag":[],"class_list":{"0":"post-689443","1":"product","2":"type-product","3":"status-publish","4":"has-post-thumbnail","6":"product_brand-kmr-precision","7":"product_cat-kmr-alkatreszek","9":"first","10":"instock","11":"taxable","12":"shipping-taxable","13":"product-type-simple"},"acf":[],"_links":{"self":[{"href":"https:\/\/nbg.eu\/hu\/wp-json\/wp\/v2\/product\/689443","targetHints":{"allow":["GET"]}}],"collection":[{"href":"https:\/\/nbg.eu\/hu\/wp-json\/wp\/v2\/product"}],"about":[{"href":"https:\/\/nbg.eu\/hu\/wp-json\/wp\/v2\/types\/product"}],"wp:featuredmedia":[{"embeddable":true,"href":"https:\/\/nbg.eu\/hu\/wp-json\/wp\/v2\/media\/24133"}],"wp:attachment":[{"href":"https:\/\/nbg.eu\/hu\/wp-json\/wp\/v2\/media?parent=689443"}],"wp:term":[{"taxonomy":"product_brand","embeddable":true,"href":"https:\/\/nbg.eu\/hu\/wp-json\/wp\/v2\/product_brand?post=689443"},{"taxonomy":"product_cat","embeddable":true,"href":"https:\/\/nbg.eu\/hu\/wp-json\/wp\/v2\/product_cat?post=689443"},{"taxonomy":"product_tag","embeddable":true,"href":"https:\/\/nbg.eu\/hu\/wp-json\/wp\/v2\/product_tag?post=689443"}],"curies":[{"name":"wp","href":"https:\/\/api.w.org\/{rel}","templated":true}]}}