{"id":689513,"date":"2024-09-18T14:15:05","date_gmt":"2024-09-18T11:15:05","guid":{"rendered":"https:\/\/nbg.eu\/product\/fiber-optic-front-sight-kmr-675xd1x3-red\/"},"modified":"2026-05-13T16:02:28","modified_gmt":"2026-05-13T13:02:28","slug":"fiber-optic-front-sight-kmr-675xd1x3-red","status":"publish","type":"product","link":"https:\/\/nbg.eu\/hu\/termek\/fiber-optic-front-sight-kmr-675xd1x3-red\/","title":{"rendered":"KMR Sz\u00e1loptik\u00e1s El\u0151ir\u00e1nyz\u00e9k 6.75xD1x3 Piros"},"content":{"rendered":"<h2>N\u00f6velje fegyver\u00e9nek pontoss\u00e1g\u00e1t a FIBER OPTIC FRONT SIGHT KMR 6,75xD1x3 PIROS term\u00e9kkel<\/h2>\n<p>A maxim\u00e1lis teljes\u00edtm\u00e9ny \u00e9rdek\u00e9ben tervezt\u00e9k a FIBER OPTIC FRONT SIGHT KMR 6,75xD1x3 PIROS term\u00e9ket, amely t\u00f6k\u00e9letes kieg\u00e9sz\u00edt\u0151 a KMR fegyvereihez. Ez a kiv\u00e1l\u00f3 min\u0151s\u00e9g\u0171 ir\u00e1nyz\u00e9k sz\u00e1las optikai kialak\u00edt\u00e1ssal rendelkezik, amely fokozott l\u00e1that\u00f3s\u00e1got \u00e9s c\u00e9lz\u00e1st biztos\u00edt, m\u00e9g gyenge f\u00e9nyviszonyok k\u00f6z\u00f6tt is.<\/p>\n<p>A FIBER OPTIC FRONT SIGHT KMR 6,75xD1x3 PIROS kompakt \u00e9s \u00e1ramvonalas kialak\u00edt\u00e1sa lehet\u0151v\u00e9 teszi a k\u00f6nny\u0171 telep\u00edt\u00e9st \u00e9s a z\u00f6kken\u0151mentes illeszked\u00e9st a fegyverhez. A piros sz\u00e1las optikai bet\u00e9t er\u0151teljes, j\u00f3l l\u00e1that\u00f3 ir\u00e1nyz\u00e9kk\u00e9pet biztos\u00edt, megk\u00f6nny\u00edtve a c\u00e9lpont pontos \u00e9s gyors megszerz\u00e9s\u00e9t.<\/p>\n<p>N\u00f6velje fegyver\u00e9nek pontoss\u00e1g\u00e1t \u00e9s teljes\u00edtm\u00e9ny\u00e9t a FIBER OPTIC FRONT SIGHT KMR 6,75xD1x3 PIROS term\u00e9kkel. Friss\u00edtse KMR l\u0151fegyver\u00e9t m\u00e9g ma, \u00e9s tapasztalja meg, milyen k\u00fcl\u00f6nbs\u00e9get tud tenni ez a kiv\u00e9teles ir\u00e1nyz\u00e9k.<\/p>\n","protected":false},"excerpt":{"rendered":"<p>Sz\u00e1las optikai c\u00e9lz\u00f3s\u00edn KMR fegyvermodellekhez, 6,75x1x3 piros.<\/p>\n","protected":false},"featured_media":24156,"template":"","meta":{"_acf_changed":false},"product_brand":[11502],"product_cat":[12917],"product_tag":[],"class_list":{"0":"post-689513","1":"product","2":"type-product","3":"status-publish","4":"has-post-thumbnail","6":"product_brand-kmr-precision","7":"product_cat-kmr-alkatreszek","9":"first","10":"instock","11":"taxable","12":"shipping-taxable","13":"product-type-simple"},"acf":[],"_links":{"self":[{"href":"https:\/\/nbg.eu\/hu\/wp-json\/wp\/v2\/product\/689513","targetHints":{"allow":["GET"]}}],"collection":[{"href":"https:\/\/nbg.eu\/hu\/wp-json\/wp\/v2\/product"}],"about":[{"href":"https:\/\/nbg.eu\/hu\/wp-json\/wp\/v2\/types\/product"}],"wp:featuredmedia":[{"embeddable":true,"href":"https:\/\/nbg.eu\/hu\/wp-json\/wp\/v2\/media\/24156"}],"wp:attachment":[{"href":"https:\/\/nbg.eu\/hu\/wp-json\/wp\/v2\/media?parent=689513"}],"wp:term":[{"taxonomy":"product_brand","embeddable":true,"href":"https:\/\/nbg.eu\/hu\/wp-json\/wp\/v2\/product_brand?post=689513"},{"taxonomy":"product_cat","embeddable":true,"href":"https:\/\/nbg.eu\/hu\/wp-json\/wp\/v2\/product_cat?post=689513"},{"taxonomy":"product_tag","embeddable":true,"href":"https:\/\/nbg.eu\/hu\/wp-json\/wp\/v2\/product_tag?post=689513"}],"curies":[{"name":"wp","href":"https:\/\/api.w.org\/{rel}","templated":true}]}}